{"id":1248,"date":"2025-08-28T17:54:47","date_gmt":"2025-08-28T14:54:47","guid":{"rendered":"https:\/\/mywhieda.com\/?post_type=product&#038;p=1248"},"modified":"2025-08-29T21:12:19","modified_gmt":"2025-08-29T18:12:19","slug":"kapsuly-zhelezo-kalciy-cink-selen-5","status":"publish","type":"product","link":"https:\/\/mywhieda.com\/pl\/product\/kapsuly-zhelezo-kalciy-cink-selen-5\/","title":{"rendered":"Kapsu\u0142ki z wapniem, \u017celazem, cynkiem i selenem"},"content":{"rendered":"<p><span style=\"font-weight: 400;\">Te kapsu\u0142ki s\u0105 wytwarzane z surowych alg morskich, naturalnie bogatych w wap\u0144, a dodatkowo wzbogacone o \u017celazo porfirynowe, glukonian cynku, dro\u017cd\u017ce wzbogacone selenem, glukonian \u017celaza i inne korzystne minera\u0142y. Dostarczaj\u0105 organizmowi cztery niezb\u0119dne minera\u0142y.<\/span><\/p>\n<p>&nbsp;<\/p>\n<p><b>Rola minera\u0142\u00f3w w organizmie cz\u0142owieka:<\/b><\/p>\n<ul>\n<li style=\"font-weight: 400;\" aria-level=\"1\"><b>Wap\u0144<\/b><span style=\"font-weight: 400;\"> jest niezb\u0119dnym sk\u0142adnikiem ko\u015bci i z\u0119b\u00f3w; wzrost, rozw\u00f3j, funkcje fizjologiczne oraz prawid\u0142owe dzia\u0142anie uk\u0142adu odporno\u015bciowego s\u0105 niemo\u017cliwe bez wapnia.<\/span><\/li>\n<li style=\"font-weight: 400;\" aria-level=\"1\"><b>\u017belazo<\/b><span style=\"font-weight: 400;\"> jest kluczowym sk\u0142adnikiem hemoglobiny i wspiera prawid\u0142owe funkcjonowanie uk\u0142adu krwiotw\u00f3rczego. \u017belazo porfirynowe zwi\u0119ksza zdolno\u015b\u0107 hemoglobiny do transportu tlenu o 25%.<\/span><\/li>\n<li style=\"font-weight: 400;\" aria-level=\"1\"><b>Cynk<\/b><span style=\"font-weight: 400;\"> odgrywa kluczow\u0105 rol\u0119 w rozwoju kom\u00f3rek m\u00f3zgu, wspiera odporno\u015b\u0107, poprawia apetyt i percepcj\u0119 smaku.<\/span><\/li>\n<li style=\"font-weight: 400;\" aria-level=\"1\"><b>Selen<\/b><span style=\"font-weight: 400;\"> wzmacnia odporno\u015b\u0107, spowalnia procesy starzenia wywo\u0142ane utlenianiem i hamuje rozw\u00f3j nowotwor\u00f3w.<\/span><\/li>\n<\/ul>\n<p>&nbsp;<\/p>\n<p><b>Niedobory minera\u0142\u00f3w w organizmie:<\/b><\/p>\n<ul>\n<li style=\"font-weight: 400;\" aria-level=\"1\"><b>Niedob\u00f3r wapnia:<\/b><span style=\"font-weight: 400;\"> b\u00f3l staw\u00f3w, b\u00f3le plec\u00f3w, os\u0142abienie n\u00f3g, osteoporoza, utrata z\u0119b\u00f3w, zawroty g\u0142owy, bezsenno\u015b\u0107, wypadanie w\u0142os\u00f3w, zahamowanie wzrostu, dr\u0119twienie ko\u0144czyn, krzywica i inne.<\/span><\/li>\n<li style=\"font-weight: 400;\" aria-level=\"1\"><b>Niedob\u00f3r \u017celaza:<\/b><span style=\"font-weight: 400;\"> zm\u0119czenie, \u017c\u00f3\u0142tawy odcie\u0144 sk\u00f3ry, blado\u015b\u0107, anemia, s\u0142aby apetyt, zimne ko\u0144czyny, zahamowanie wzrostu, s\u0142aba odporno\u015b\u0107 itd.<\/span><\/li>\n<li style=\"font-weight: 400;\" aria-level=\"1\"><b>Niedob\u00f3r cynku:<\/b><span style=\"font-weight: 400;\"> s\u0142aba pami\u0119\u0107, brak koncentracji, op\u00f3\u017anienia w rozwoju, matowa sk\u00f3ra, pr\u00f3chnica, utrata apetytu, niska odporno\u015b\u0107 na choroby itd.<\/span><\/li>\n<li style=\"font-weight: 400;\" aria-level=\"1\"><b>Niedob\u00f3r selenu:<\/b><span style=\"font-weight: 400;\"> os\u0142abiona odporno\u015b\u0107, wypadanie w\u0142os\u00f3w, \u0142amliwe paznokcie, problemy sk\u00f3rne, zaburzenia neurologiczne, problemy z p\u0142odno\u015bci\u0105, choroby sercowo-naczyniowe, nadci\u015bnienie, cukrzyca, nowotwory itd.<\/span><\/li>\n<\/ul>\n<p>&nbsp;<\/p>\n<p><b>Potrzeba dodatkowej suplementacji minera\u0142\u00f3w:<\/b><b><br \/>\n<\/b><span style=\"font-weight: 400;\"> Wap\u0144, \u017celazo, cynk i selen to niezb\u0119dne pierwiastki mineralne dla organizmu cz\u0142owieka. Wiele problem\u00f3w zdrowotnych jest cz\u0119sto powi\u0105zanych z ich brakiem. Chocia\u017c te minera\u0142y dzia\u0142aj\u0105 niezale\u017cnie, s\u0105 ze sob\u0105 powi\u0105zane \u2014 niedob\u00f3r jednego mo\u017ce wywo\u0142a\u0107 \u0142a\u0144cuch problem\u00f3w zdrowotnych.<\/span><span style=\"font-weight: 400;\"><br \/>\n<\/span><span style=\"font-weight: 400;\"> Badania wykaza\u0142y, \u017ce wiele os\u00f3b jednocze\u015bnie cierpi na niedob\u00f3r wapnia, \u017celaza, cynku i selenu. W takich przypadkach suplementacja tylko jednego minera\u0142u nie przyniesie znacz\u0105cej poprawy zdrowia.<\/span><\/p>\n<p>&nbsp;<\/p>\n<p><b>Zastosowanie kapsu\u0142ek z \u017celazem, wapniem, cynkiem i selenem:<\/b><b><br \/>\n<\/b><span style=\"font-weight: 400;\"> Badania farmakokinetyczne potwierdzi\u0142y, \u017ce te cztery pierwiastki \u2014 wap\u0144, \u017celazo, cynk i selen \u2014 mog\u0105 by\u0107 jednocze\u015bnie wch\u0142aniane przez organizm cz\u0142owieka. Nie zak\u0142\u00f3caj\u0105 wzajemnego wch\u0142aniania \u2014 wr\u0119cz je wspomagaj\u0105!<\/span><\/p>\n<ul>\n<li style=\"font-weight: 400;\" aria-level=\"1\"><span style=\"font-weight: 400;\">Przyjmowanie \u017celaza, cynku i selenu z wapniem pomaga wzmacnia\u0107 ko\u015bci i odporno\u015b\u0107, zwi\u0119ksza odporno\u015b\u0107 organizmu na infekcje i wspiera metabolizm.<\/span><\/li>\n<li style=\"font-weight: 400;\" aria-level=\"1\"><span style=\"font-weight: 400;\">Przyjmowanie wapnia, cynku i selenu z \u017celazem wspomaga leczenie anemii, zwi\u0119ksza zdolno\u015b\u0107 hemoglobiny do transportu tlenu, poprawia funkcje poznawcze, stabilizuje nastr\u00f3j oraz wspiera sprawno\u015b\u0107 fizyczn\u0105 i psychiczn\u0105 u os\u00f3b z anemi\u0105.<\/span><\/li>\n<li style=\"font-weight: 400;\" aria-level=\"1\"><span style=\"font-weight: 400;\">Przyjmowanie wapnia, \u017celaza i selenu z cynkiem poprawia apetyt, wch\u0142anianie wapnia, kr\u0105\u017cenie oraz og\u00f3lny stan zdrowia.<\/span><\/li>\n<li style=\"font-weight: 400;\" aria-level=\"1\"><span style=\"font-weight: 400;\">Przyjmowanie wapnia, \u017celaza i cynku z selenem wzmacnia uk\u0142ad odporno\u015bciowy i ko\u015bci, poprawia wch\u0142anianie sk\u0142adnik\u00f3w od\u017cywczych, pami\u0119\u0107 i jako\u015b\u0107 snu.<\/span><\/li>\n<\/ul>\n","protected":false},"featured_media":321,"template":"","categories":[6,32],"class_list":["post-1248","product","type-product","status-publish","has-post-thumbnail","hentry","categories-vse-tovary","categories-dieticheskie-dobavki"],"acf":[],"_links":{"self":[{"href":"https:\/\/mywhieda.com\/pl\/wp-json\/wp\/v2\/product\/1248","targetHints":{"allow":["GET"]}}],"collection":[{"href":"https:\/\/mywhieda.com\/pl\/wp-json\/wp\/v2\/product"}],"about":[{"href":"https:\/\/mywhieda.com\/pl\/wp-json\/wp\/v2\/types\/product"}],"wp:featuredmedia":[{"embeddable":true,"href":"https:\/\/mywhieda.com\/pl\/wp-json\/wp\/v2\/media\/321"}],"wp:attachment":[{"href":"https:\/\/mywhieda.com\/pl\/wp-json\/wp\/v2\/media?parent=1248"}],"wp:term":[{"taxonomy":"categories","embeddable":true,"href":"https:\/\/mywhieda.com\/pl\/wp-json\/wp\/v2\/categories?post=1248"}],"curies":[{"name":"wp","href":"https:\/\/api.w.org\/{rel}","templated":true}]}}