{"id":1369,"date":"2025-12-02T14:24:09","date_gmt":"2025-12-02T11:24:09","guid":{"rendered":"https:\/\/mywhieda.com\/?post_type=product&#038;p=1369"},"modified":"2025-12-02T14:24:09","modified_gmt":"2025-12-02T11:24:09","slug":"omolazhivayushchiy-sprey-s-lifting-effektom-3-7","status":"publish","type":"product","link":"https:\/\/mywhieda.com\/pl\/product\/omolazhivayushchiy-sprey-s-lifting-effektom-3-7\/","title":{"rendered":"Maseczka z Efektem Liftingu FUNDESEE"},"content":{"rendered":"<p><span style=\"font-weight: 400;\">Maseczka z efektem liftingu FUNDESEE to codzienna, luksusowa piel\u0119gnacja twarzy, zapewniaj\u0105ca kompleksowy efekt liftingu i wspieraj\u0105ca m\u0142odo\u015b\u0107 sk\u00f3ry. Maseczka zawiera wysokie st\u0119\u017cenie cz\u0105steczek wody, dzi\u0119ki czemu skutecznie nawil\u017ca i od\u017cywia sk\u00f3r\u0119. Hydrolizowany jedwab wspomaga produkcj\u0119 kolagenu, pomagaj\u0105c poprawi\u0107 j\u0119drno\u015b\u0107 i elastyczno\u015b\u0107 sk\u00f3ry.<\/span><span style=\"font-weight: 400;\"><br \/>\n<\/span><span style=\"font-weight: 400;\"> Odpowiednia dla sk\u00f3ry sk\u0142onnej do sucho\u015bci, napi\u0119cia, \u0142uszczenia, zwi\u0119kszonej wra\u017cliwo\u015bci, matowego kolorytu, a tak\u017ce w celu zmniejszenia widoczno\u015bci zmarszczek i utrzymania g\u0142adko\u015bci i \u015bwie\u017co\u015bci sk\u00f3ry.<\/span><\/p>\n<h3><\/h3>\n<h3><b>Cztery g\u0142\u00f3wne sk\u0142adniki<\/b><\/h3>\n<p><b>Serycyna<\/b><b><br \/>\n<\/b><span style=\"font-weight: 400;\"> Bia\u0142ko zawieraj\u0105ce 18 aminokwas\u00f3w. Pomaga oczyszcza\u0107 sk\u00f3r\u0119 i wspiera r\u00f3wnowag\u0119 wodno-lipidow\u0105 nask\u00f3rka. Serycyna pozyskana z hydrolizowanego jedwabiu pomaga utrzyma\u0107 jednolity koloryt i mi\u0119kko\u015b\u0107 sk\u00f3ry.<\/span><\/p>\n<p><b>Fibroina<\/b><b><br \/>\n<\/b><span style=\"font-weight: 400;\"> Naturalne w\u0142\u00f3kno pochodz\u0105ce z jedwabiu. Pomaga utrzyma\u0107 optymalny poziom nawil\u017cenia, sprawia, \u017ce sk\u00f3ra jest g\u0142adsza, mi\u0119kka i elastyczna, nadaj\u0105c jej zdrowy blask.<\/span><\/p>\n<p><b>Chitozan<\/b><b><br \/>\n<\/b><span style=\"font-weight: 400;\"> Polisacharyd o wysokiej zdolno\u015bci adsorpcji. Pomaga oczyszcza\u0107 sk\u00f3r\u0119 z zanieczyszcze\u0144 i resztek kosmetyk\u00f3w, daj\u0105c uczucie czysto\u015bci i \u015bwie\u017co\u015bci.<\/span><\/p>\n<p><b>Sodium Hyaluronate (Hialuronian sodu)<\/b><b><br \/>\n<\/b><span style=\"font-weight: 400;\"> Forma kwasu hialuronowego, kt\u00f3ra nawil\u017ca sk\u00f3r\u0119, czyni\u0105c j\u0105 g\u0142adsz\u0105 i j\u0119drniejsz\u0105.<\/span><\/p>\n<p>&nbsp;<\/p>\n<p><b>Efekty odm\u0142adzaj\u0105cej maseczki z efektem liftingu FUNDESEE:<\/b><b><br \/>\n<\/b><span style=\"font-weight: 400;\"> \u2022 Nawil\u017ca sk\u00f3r\u0119<\/span><span style=\"font-weight: 400;\"><br \/>\n<\/span><span style=\"font-weight: 400;\"> \u2022 Oczyszcza i od\u015bwie\u017ca<\/span><span style=\"font-weight: 400;\"><br \/>\n<\/span><span style=\"font-weight: 400;\"> \u2022 Posiada w\u0142a\u015bciwo\u015bci antyoksydacyjne<\/span><span style=\"font-weight: 400;\"><br \/>\n<\/span><span style=\"font-weight: 400;\"> \u2022 Pomaga zmniejszy\u0107 widoczno\u015b\u0107 obrz\u0119k\u00f3w i cieni pod oczami<\/span><span style=\"font-weight: 400;\"><br \/>\n<\/span><span style=\"font-weight: 400;\"> \u2022 Tworzy efekt liftingu<\/span><span style=\"font-weight: 400;\"><br \/>\n<\/span><span style=\"font-weight: 400;\"> \u2022 Sprawia, \u017ce sk\u00f3ra jest g\u0142adsza i j\u0119drniejsza<\/span><\/p>\n<p><strong>W opakowaniu \u2014 10 maseczek.<\/strong><\/p>\n","protected":false},"featured_media":1347,"template":"","categories":[6,33],"class_list":["post-1369","product","type-product","status-publish","has-post-thumbnail","hentry","categories-vse-tovary","categories-kosmetika"],"acf":[],"_links":{"self":[{"href":"https:\/\/mywhieda.com\/pl\/wp-json\/wp\/v2\/product\/1369","targetHints":{"allow":["GET"]}}],"collection":[{"href":"https:\/\/mywhieda.com\/pl\/wp-json\/wp\/v2\/product"}],"about":[{"href":"https:\/\/mywhieda.com\/pl\/wp-json\/wp\/v2\/types\/product"}],"wp:featuredmedia":[{"embeddable":true,"href":"https:\/\/mywhieda.com\/pl\/wp-json\/wp\/v2\/media\/1347"}],"wp:attachment":[{"href":"https:\/\/mywhieda.com\/pl\/wp-json\/wp\/v2\/media?parent=1369"}],"wp:term":[{"taxonomy":"categories","embeddable":true,"href":"https:\/\/mywhieda.com\/pl\/wp-json\/wp\/v2\/categories?post=1369"}],"curies":[{"name":"wp","href":"https:\/\/api.w.org\/{rel}","templated":true}]}}