{"id":936,"date":"2025-03-26T15:31:11","date_gmt":"2025-03-26T12:31:11","guid":{"rendered":"https:\/\/mywhieda.com\/?post_type=product&#038;p=936"},"modified":"2026-04-08T16:24:03","modified_gmt":"2026-04-08T13:24:03","slug":"saunata-ba-gua-2","status":"publish","type":"product","link":"https:\/\/mywhieda.com\/pl\/product\/saunata-ba-gua-2\/","title":{"rendered":"Sauna Ba-Gua"},"content":{"rendered":"<p><span style=\"font-weight: 400;\">Sauna nie tylko pomaga si\u0119 zrelaksowa\u0107, ale tak\u017ce wzmacnia zdrowie, poprawia metabolizm, sprzyja utracie wagi i \u0142agodzi b\u00f3l. Nie ka\u017cdy jednak mo\u017ce regularnie korzysta\u0107 z sauny, dlatego oferujemy unikaln\u0105 saun\u0119 \u201eBa-Gua\u201d, kt\u00f3r\u0105 mo\u017cna u\u017cywa\u0107 w domu.<\/span><\/p>\n<p>&nbsp;<\/p>\n<h3><b>\u00bfCzym jest sauna \u201cBa-Gua\u201d?<\/b><\/h3>\n<p>&nbsp;<\/p>\n<p><span style=\"font-weight: 400;\">Jest to mini sauna wykorzystuj\u0105ca specjalne technologie i w\u0142a\u015bciwo\u015bci fizyczne kamieni takich jak turmalin i czarny jadeit. Dzi\u0119ki tym kamieniom terapeutycznym i specjalnemu designowi nasza sauna tworzy unikalny mikroklimat, kt\u00f3ry wywiera terapeutyczny wp\u0142yw na ca\u0142e cia\u0142o: poprawia mikrokr\u0105\u017cenie krwi, przyspiesza metabolizm, eliminuje toksyny, poprawia kondycj\u0119 sk\u00f3ry, zwalcza stany zapalne i b\u00f3l, redukuje zm\u0119czenie oraz pomaga si\u0119 zrelaksowa\u0107.<\/span><\/p>\n","protected":false},"featured_media":721,"template":"","categories":[6,29],"class_list":["post-936","product","type-product","status-publish","has-post-thumbnail","hentry","categories-vse-tovary","categories-pribory"],"acf":[],"_links":{"self":[{"href":"https:\/\/mywhieda.com\/pl\/wp-json\/wp\/v2\/product\/936","targetHints":{"allow":["GET"]}}],"collection":[{"href":"https:\/\/mywhieda.com\/pl\/wp-json\/wp\/v2\/product"}],"about":[{"href":"https:\/\/mywhieda.com\/pl\/wp-json\/wp\/v2\/types\/product"}],"wp:featuredmedia":[{"embeddable":true,"href":"https:\/\/mywhieda.com\/pl\/wp-json\/wp\/v2\/media\/721"}],"wp:attachment":[{"href":"https:\/\/mywhieda.com\/pl\/wp-json\/wp\/v2\/media?parent=936"}],"wp:term":[{"taxonomy":"categories","embeddable":true,"href":"https:\/\/mywhieda.com\/pl\/wp-json\/wp\/v2\/categories?post=936"}],"curies":[{"name":"wp","href":"https:\/\/api.w.org\/{rel}","templated":true}]}}