{"id":938,"date":"2025-03-28T19:59:12","date_gmt":"2025-03-28T16:59:12","guid":{"rendered":"https:\/\/mywhieda.com\/?post_type=product&#038;p=938"},"modified":"2026-03-06T12:20:51","modified_gmt":"2026-03-06T09:20:51","slug":"kletchen-aktivator-3","status":"publish","type":"product","link":"https:\/\/mywhieda.com\/pl\/product\/kletchen-aktivator-3\/","title":{"rendered":"Aktywator kom\u00f3rkowy"},"content":{"rendered":"<p><strong>Aktywator Kom\u00f3rkowy mo\u017ce pom\u00f3c w przypadku:<\/strong><\/p>\n<ul>\n<li style=\"font-weight: 400;\" aria-level=\"1\"><span style=\"font-weight: 400;\">R\u00f3\u017cnych typ\u00f3w zapale\u0144: problemy ginekologiczne, mi\u0119\u015bniaki macicy, torbiele jajnik\u00f3w, zapalenie szyjki macicy, zapalenie miednicy, zapalenie pochwy, \u201ezimna macica\u201d i inne.<\/span><\/li>\n<li style=\"font-weight: 400;\" aria-level=\"1\"><span style=\"font-weight: 400;\">Zapalenie gruczo\u0142u krokowego, przerost prostaty, bolesne lub trudne oddawanie moczu, cz\u0119ste nocne potrzeby oddawania moczu, obni\u017cenie potencji.<\/span><\/li>\n<li style=\"font-weight: 400;\" aria-level=\"1\"><span style=\"font-weight: 400;\">Zapalenie oskrzeli, zapalenie nosogard\u0142a, zapalenie oko\u0142ostawowe barku, spondyloza szyjna, hiperplazja piersi, zapalenie \u017co\u0142\u0105dka i jelit, zapalenie nerek, zapalenie mi\u0119\u015bnia sercowego, zapalenie staw\u00f3w, zapalenie w\u0105troby, zapalenie trzustki, zapalenie opon m\u00f3zgowych, r\u00f3\u017cne rodzaje oparze\u0144 i infekcje zewn\u0119trzne sk\u00f3ry, wysoka gor\u0105czka podczas przezi\u0119bienia, biegunka.<\/span><\/li>\n<li style=\"font-weight: 400;\" aria-level=\"1\"><span style=\"font-weight: 400;\">B\u00f3le r\u00f3\u017cnego typu: b\u00f3l ramion i szyi, reumatyczny i stawowy, b\u00f3le brzucha, bolesne miesi\u0105czki, b\u00f3le g\u0142owy, guzy, b\u00f3l z\u0119b\u00f3w, dna moczanowa, b\u00f3le reumatyczne kolan, r\u00f3\u017cne rodzaje nerwob\u00f3li.<\/span><\/li>\n<li style=\"font-weight: 400;\" aria-level=\"1\"><span style=\"font-weight: 400;\">R\u00f3\u017cne rodzaje zastoj\u00f3w (zakrzepica): w meridianach, w uk\u0142adzie limfatycznym, w naczyniach krwiono\u015bnych serca i m\u00f3zgu, \u017cylaki, zapalenie tarczycy, t\u0142uszczaki, za\u0107ma, dalekowzroczno\u015b\u0107, plamy starcze, choroba Parkinsona i inne.<\/span><\/li>\n<li style=\"font-weight: 400;\" aria-level=\"1\"><span style=\"font-weight: 400;\">R\u00f3\u017cne problemy sk\u00f3rne: \u0142upie\u017c pstry, egzema, \u0142uszczyca, bielactwo, nieprzyjemny zapach pach, pokrzywka i inne zapalenia sk\u00f3ry.<\/span><\/li>\n<li style=\"font-weight: 400;\" aria-level=\"1\"><span style=\"font-weight: 400;\">Problemy estetyczne: zwiotczenie sk\u00f3ry, opadanie, pigmentacja, tr\u0105dzik, niedob\u00f3r Qi i krwi, obrz\u0119k, oty\u0142o\u015b\u0107.<\/span><\/li>\n<\/ul>\n<p><strong>Jedna sesja z Aktywatorem, trwaj\u0105ca p\u00f3\u0142 godziny, zapewnia taki sam efekt jak 10 sesji akupunktury, 20 sesji terapii pr\u00f3\u017cniowej lub 30 sesji masa\u017cu manualnego.<\/strong><\/p>\n","protected":false},"featured_media":735,"template":"","categories":[6,29],"class_list":["post-938","product","type-product","status-publish","has-post-thumbnail","hentry","categories-vse-tovary","categories-pribory"],"acf":[],"_links":{"self":[{"href":"https:\/\/mywhieda.com\/pl\/wp-json\/wp\/v2\/product\/938","targetHints":{"allow":["GET"]}}],"collection":[{"href":"https:\/\/mywhieda.com\/pl\/wp-json\/wp\/v2\/product"}],"about":[{"href":"https:\/\/mywhieda.com\/pl\/wp-json\/wp\/v2\/types\/product"}],"wp:featuredmedia":[{"embeddable":true,"href":"https:\/\/mywhieda.com\/pl\/wp-json\/wp\/v2\/media\/735"}],"wp:attachment":[{"href":"https:\/\/mywhieda.com\/pl\/wp-json\/wp\/v2\/media?parent=938"}],"wp:term":[{"taxonomy":"categories","embeddable":true,"href":"https:\/\/mywhieda.com\/pl\/wp-json\/wp\/v2\/categories?post=938"}],"curies":[{"name":"wp","href":"https:\/\/api.w.org\/{rel}","templated":true}]}}