{"id":940,"date":"2025-03-28T20:06:19","date_gmt":"2025-03-28T17:06:19","guid":{"rendered":"https:\/\/mywhieda.com\/?post_type=product&#038;p=940"},"modified":"2026-04-06T17:34:21","modified_gmt":"2026-04-06T14:34:21","slug":"bioenergomasazhor-magic-foherb-3","status":"publish","type":"product","link":"https:\/\/mywhieda.com\/pl\/product\/bioenergomasazhor-magic-foherb-3\/","title":{"rendered":"Bioenergomasa\u017cer Magic Foherb"},"content":{"rendered":"<p><span style=\"font-weight: 400;\">Chi\u0144ska medycyna, oparta na tysi\u0105cletniej wiedzy, uznaje, \u017ce wszystkie choroby zaczynaj\u0105 si\u0119 od zaburzenia r\u00f3wnowagi energetycznej w organizmie. Stagnacja energii w meridianach, podobna do blokady w rurze, uniemo\u017cliwia swobodny przep\u0142yw si\u0142 \u017cyciowych, co prowadzi do chor\u00f3b. Zdrowie osi\u0105ga si\u0119 poprzez od\u017cywianie i ci\u0105g\u0142e oczyszczanie ka\u017cdej kom\u00f3rki, co zapewnia harmonijne funkcjonowanie organizmu.<\/span><\/p>\n<p><span style=\"font-weight: 400;\">Te zasady wyja\u015bniaj\u0105 popularno\u015b\u0107 tradycyjnej medycyny chi\u0144skiej w kraju z zaawansowan\u0105 medycyn\u0105 zachodni\u0105. Chi\u0144scy lekarze maj\u0105 ogromne do\u015bwiadczenie w leczeniu i zapobieganiu chorobom przewlek\u0142ym, co pozwala im starze\u0107 si\u0119 bez komplikacji. Metody tradycyjnej medycyny chi\u0144skiej s\u0105 bezpieczne, ekologiczne i oferuj\u0105 szybkie rezultaty bez skutk\u00f3w ubocznych.<\/span><\/p>\n<p><span style=\"font-weight: 400;\">Dzi\u015b nowoczesna technologia sprawia, \u017ce ta staro\u017cytna wiedza jest dost\u0119pna dla ka\u017cdego. Bioenergomasa\u017cer Magic Foherb to urz\u0105dzenie, kt\u00f3re pomaga przywr\u00f3ci\u0107 r\u00f3wnowag\u0119 energetyczn\u0105 w organizmie i poprawi\u0107 zdrowie. Sesje regulacji bioenergetycznej za pomoc\u0105 tego masa\u017cera oferuj\u0105 prost\u0105 i skuteczn\u0105 metod\u0119 leczenia i profilaktyki, kt\u00f3ra oczyszcza meridiany, poprawia kr\u0105\u017cenie krwi i rozwi\u0105zuje problemy zwi\u0105zane z cia\u0142em.<\/span><\/p>\n<p>&nbsp;<\/p>\n<h3><b>Zasada dzia\u0142ania:<\/b><\/h3>\n<p>&nbsp;<\/p>\n<p><span style=\"font-weight: 400;\">W oparciu o zasady tradycyjnej medycyny chi\u0144skiej i stosuj\u0105c nowoczesne technologie bioniczne oraz ergonomiczne, masa\u017cer \u0142\u0105czy kilka funkcji: impuls, laser, pr\u00f3\u017cni\u0119 i ogrzewanie. Umo\u017cliwia to wykonywanie zabieg\u00f3w profilaktycznych i terapeutycznych w domu bez potrzeby odwiedzania kliniki: akupunktury, masa\u017cu terapeutycznego, terapii pr\u00f3\u017cniowej, masa\u017cu gua sha (masa\u017c skrobakowy; metoda dzia\u0142ania na biologicznie aktywne punkty w tradycyjnej medycynie chi\u0144skiej) oraz innych zabieg\u00f3w. Ponadto masa\u017cer mo\u017ce by\u0107 u\u017cywany w kosmetologii, do odchudzania i zwalczania cellulitu.<\/span><\/p>\n","protected":false},"featured_media":745,"template":"","categories":[6,29],"class_list":["post-940","product","type-product","status-publish","has-post-thumbnail","hentry","categories-vse-tovary","categories-pribory"],"acf":[],"_links":{"self":[{"href":"https:\/\/mywhieda.com\/pl\/wp-json\/wp\/v2\/product\/940","targetHints":{"allow":["GET"]}}],"collection":[{"href":"https:\/\/mywhieda.com\/pl\/wp-json\/wp\/v2\/product"}],"about":[{"href":"https:\/\/mywhieda.com\/pl\/wp-json\/wp\/v2\/types\/product"}],"wp:featuredmedia":[{"embeddable":true,"href":"https:\/\/mywhieda.com\/pl\/wp-json\/wp\/v2\/media\/745"}],"wp:attachment":[{"href":"https:\/\/mywhieda.com\/pl\/wp-json\/wp\/v2\/media?parent=940"}],"wp:term":[{"taxonomy":"categories","embeddable":true,"href":"https:\/\/mywhieda.com\/pl\/wp-json\/wp\/v2\/categories?post=940"}],"curies":[{"name":"wp","href":"https:\/\/api.w.org\/{rel}","templated":true}]}}