{"id":942,"date":"2025-03-28T20:13:06","date_gmt":"2025-03-28T17:13:06","guid":{"rendered":"https:\/\/mywhieda.com\/?post_type=product&#038;p=942"},"modified":"2026-02-12T23:12:45","modified_gmt":"2026-02-12T20:12:45","slug":"korrekcionnye-stelki-2-3","status":"publish","type":"product","link":"https:\/\/mywhieda.com\/pl\/product\/korrekcionnye-stelki-2-3\/","title":{"rendered":"Korekcyjne wk\u0142adki"},"content":{"rendered":"<p><span style=\"font-weight: 400;\">Stopy s\u0105 \u201edrugim sercem.\u201d Kr\u0105\u017cenie krwi w ca\u0142ym ciele jest \u015bci\u015ble zwi\u0105zane ze stopami \u2013 od stania po chodzenie \u2013 co determinuje si\u0142\u0119 i szybko\u015b\u0107 kr\u0105\u017cenia. Je\u015bli stopy nie s\u0105 zdrowe, znajduj\u0105ce si\u0119 w nich naczynia krwiono\u015bne nie b\u0119d\u0105 spe\u0142nia\u0142y swojej funkcji, powoduj\u0105c zast\u00f3j krwi w ko\u0144czynach dolnych i prowadz\u0105c do nieuniknionych problem\u00f3w zdrowotnych<\/span><\/p>\n<p>&nbsp;<\/p>\n<p><b>Czym s\u0105 wk\u0142adki korekcyjne?<\/b><\/p>\n<p><b><br \/>\n<\/b><span style=\"font-weight: 400;\">Wk\u0142adki korekcyjne zosta\u0142y zaprojektowane w celu poprawy zdrowia szkieletu i ca\u0142ego organizmu. Na skutek dzia\u0142ania grawitacji, zaburze\u0144 metabolicznych, wysi\u0142ku fizycznego, ci\u015bnienia oraz cech zawodowych, kr\u0119gos\u0142up mo\u017ce ulec dezorganizacji, co prowadzi do zaburze\u0144 w ca\u0142ym szkielecie. 80% problem\u00f3w zdrowotnych jest w pewnym stopniu zwi\u0105zanych z dezorganizacj\u0105 szkieletu. Szkielet podtrzymuje ca\u0142e cia\u0142o, a rdze\u0144 kr\u0119gowy stanowi podstaw\u0119 centralnego uk\u0142adu nerwowego. Je\u015bli dezorganizacja szkieletu powoduje ucisk nerw\u00f3w, transmisja sygna\u0142\u00f3w z m\u00f3zgu do narz\u0105d\u00f3w zostaje zablokowana, co zak\u0142\u00f3ca funkcje organizmu i aktywno\u015b\u0107 kom\u00f3rek, prowadz\u0105c do wielu trudno\u015bci.<\/span><\/p>\n<p>&nbsp;<\/p>\n<p><b>Cechy produktu:<\/b><\/p>\n<p>&nbsp;<\/p>\n<ul>\n<li style=\"font-weight: 400;\" aria-level=\"1\"><span style=\"font-weight: 400;\">Wk\u0142adki zosta\u0142y zaprojektowane tak, aby dopasowywa\u0107 si\u0119 do naturalnych \u0142uk\u00f3w stopy, poprawia\u0107 stabilno\u015b\u0107 krok\u00f3w i wyr\u00f3wnywa\u0107 stawy, zmniejszaj\u0105c obci\u0105\u017cenie st\u00f3p i staw\u00f3w podczas chodzenia.<\/span><\/li>\n<li style=\"font-weight: 400;\" aria-level=\"1\"><span style=\"font-weight: 400;\">Wykonane zgodnie z danymi anatomicznymi, pomagaj\u0105 w zr\u00f3wnowa\u017ceniu cia\u0142a i znacznie zmniejszaj\u0105 negatywny wp\u0142yw na szkielet, ko\u015bci i stawy spowodowany codziennymi czynno\u015bciami.<\/span><\/li>\n<li style=\"font-weight: 400;\" aria-level=\"1\"><span style=\"font-weight: 400;\">Wykonane z nanomateria\u0142\u00f3w, z 20 000 punkt\u00f3w masa\u017cu, kt\u00f3re aktywuj\u0105 strefy refleksyjne na podeszwach st\u00f3p.<\/span><\/li>\n<li style=\"font-weight: 400;\" aria-level=\"1\"><span style=\"font-weight: 400;\">Stosuj\u0105 promieniowanie podczerwone, pole magnetyczne i aniony, aby zapewni\u0107 g\u0142\u0119bokie dzia\u0142anie dobroczynne. Wbudowane magnesy tworz\u0105 pole magnetyczne, kt\u00f3re redukuje b\u00f3l staw\u00f3w i obrz\u0119ki, zmniejszaj\u0105c zapalenia. Magnesy tak\u017ce stymuluj\u0105 kr\u0105\u017cenie, poprawiaj\u0105c dostarczanie tlenu i sk\u0142adnik\u00f3w od\u017cywczych do kom\u00f3rek, przyspieszaj\u0105c ich napraw\u0119 i regeneracj\u0119.<\/span><\/li>\n<li style=\"font-weight: 400;\" aria-level=\"1\"><span style=\"font-weight: 400;\">Wk\u0142adki Whieda zawieraj\u0105 wska\u017anik kolor\u00f3w do monitorowania zdrowia cia\u0142a: ich kolor zmienia si\u0119, aby odzwierciedli\u0107 zmiany w ciele i funkcjonowaniu narz\u0105d\u00f3w wewn\u0119trznych. Z biegiem czasu, zazwyczaj w ci\u0105gu kilku miesi\u0119cy, mog\u0105 nabra\u0107 r\u00f3\u017cnych odcieni, wskazuj\u0105c na potencjalne problemy zdrowotne, takie jak problemy z nerkami, uk\u0142adem sercowo-naczyniowym, p\u0142ucami, przewodem pokarmowym, w\u0105trob\u0105 lub \u015bledzion\u0105. Wa\u017cne jest jednak, aby pami\u0119ta\u0107, \u017ce zmiana koloru nie jest diagnoz\u0105 \u2013 zaleca si\u0119 konsultacj\u0119 z lekarzem w celu uzyskania porady i diagnozy.<\/span><\/li>\n<\/ul>\n<p>&nbsp;<\/p>\n<p><b>Ultratrwa\u0142y stop: te wk\u0142adki b\u0119d\u0105 s\u0142u\u017cy\u0107 przez ca\u0142e \u017cycie! (do 50 lat)<\/b><\/p>\n","protected":false},"featured_media":276,"template":"","categories":[6,31],"class_list":["post-942","product","type-product","status-publish","has-post-thumbnail","hentry","categories-vse-tovary","categories-aksessuary"],"acf":[],"_links":{"self":[{"href":"https:\/\/mywhieda.com\/pl\/wp-json\/wp\/v2\/product\/942","targetHints":{"allow":["GET"]}}],"collection":[{"href":"https:\/\/mywhieda.com\/pl\/wp-json\/wp\/v2\/product"}],"about":[{"href":"https:\/\/mywhieda.com\/pl\/wp-json\/wp\/v2\/types\/product"}],"wp:featuredmedia":[{"embeddable":true,"href":"https:\/\/mywhieda.com\/pl\/wp-json\/wp\/v2\/media\/276"}],"wp:attachment":[{"href":"https:\/\/mywhieda.com\/pl\/wp-json\/wp\/v2\/media?parent=942"}],"wp:term":[{"taxonomy":"categories","embeddable":true,"href":"https:\/\/mywhieda.com\/pl\/wp-json\/wp\/v2\/categories?post=942"}],"curies":[{"name":"wp","href":"https:\/\/api.w.org\/{rel}","templated":true}]}}