{"id":944,"date":"2025-03-28T20:20:36","date_gmt":"2025-03-28T17:20:36","guid":{"rendered":"https:\/\/mywhieda.com\/?post_type=product&#038;p=944"},"modified":"2026-04-10T12:27:58","modified_gmt":"2026-04-10T09:27:58","slug":"vysokotehnologichnye-ochki-2-3","status":"publish","type":"product","link":"https:\/\/mywhieda.com\/pl\/product\/vysokotehnologichnye-ochki-2-3\/","title":{"rendered":"Wysokiej technologii okulary"},"content":{"rendered":"<p><span style=\"font-weight: 400;\">Gad\u017cety sta\u0142y si\u0119 nieod\u0142\u0105czn\u0105 cz\u0119\u015bci\u0105 naszego \u017cycia. U\u017cywamy ich zar\u00f3wno w pracy, jak i w czasie wolnym. Trudno sobie wyobrazi\u0107 wsp\u00f3\u0142czesn\u0105 osob\u0119, kt\u00f3ra nie korzysta z komputera, smartfona czy tabletu. Sp\u0119dzamy godziny przed ekranami, co znacz\u0105co obci\u0105\u017ca oczy. W rezultacie wiele os\u00f3b do\u015bwiadcza zm\u0119czenia oczu, b\u00f3l\u00f3w g\u0142owy, niewyra\u017anego widzenia, sucho\u015bci i zaczerwienienia oczu \u2013 objaw\u00f3w charakterystycznych dla zespo\u0142u widzenia komputerowego. Nawet osoby, kt\u00f3re nie skar\u017c\u0105 si\u0119 na problemy ze wzrokiem, cz\u0119sto maj\u0105 \u0142agodn\u0105 kr\u00f3tkowzroczno\u015b\u0107. Statystyki s\u0105 jednoznaczne: 7 na 10 os\u00f3b cierpi na zesp\u00f3\u0142 widzenia komputerowego w jakiej\u015b formie.<\/span><\/p>\n<p><span style=\"font-weight: 400;\">Okulary wysokiej technologii Whieda s\u0105 rozwi\u0105zaniem problemu zm\u0119czenia oczu. Chroni\u0105 przed promieniowaniem ultrafioletowym i jasnym \u015bwiat\u0142em, redukuj\u0105 napi\u0119cie oczu i poprawiaj\u0105 widzenie, nawet podczas d\u0142ugich godzin pracy przy komputerze. Dzi\u0119ki specjalnej pow\u0142oce okulary nie zniekszta\u0142caj\u0105 kolor\u00f3w i nie powoduj\u0105 dyskomfortu podczas noszenia.<\/span><\/p>\n<p><span style=\"font-weight: 400;\">Noszenie okular\u00f3w Whieda pomaga zmniejszy\u0107 napi\u0119cie i stres, wyeliminowa\u0107 b\u00f3le g\u0142owy, poprawi\u0107 widzenie oraz z\u0142agodzi\u0107 dyskomfort w oczach. Chroni\u0105 r\u00f3wnie\u017c przed promieniowaniem ultrafioletowym i stymuluj\u0105 kr\u0105\u017cenie krwi w okolicach oczu, co jest istotne w zapobieganiu chorobom oczu.<\/span><\/p>\n<p>&nbsp;<\/p>\n<p><b>Te okulary s\u0105 r\u00f3wnie\u017c dost\u0119pne w wersji dzieci\u0119cej.<\/b><\/p>\n","protected":false},"featured_media":319,"template":"","categories":[6,31],"class_list":["post-944","product","type-product","status-publish","has-post-thumbnail","hentry","categories-vse-tovary","categories-aksessuary"],"acf":[],"_links":{"self":[{"href":"https:\/\/mywhieda.com\/pl\/wp-json\/wp\/v2\/product\/944","targetHints":{"allow":["GET"]}}],"collection":[{"href":"https:\/\/mywhieda.com\/pl\/wp-json\/wp\/v2\/product"}],"about":[{"href":"https:\/\/mywhieda.com\/pl\/wp-json\/wp\/v2\/types\/product"}],"wp:featuredmedia":[{"embeddable":true,"href":"https:\/\/mywhieda.com\/pl\/wp-json\/wp\/v2\/media\/319"}],"wp:attachment":[{"href":"https:\/\/mywhieda.com\/pl\/wp-json\/wp\/v2\/media?parent=944"}],"wp:term":[{"taxonomy":"categories","embeddable":true,"href":"https:\/\/mywhieda.com\/pl\/wp-json\/wp\/v2\/categories?post=944"}],"curies":[{"name":"wp","href":"https:\/\/api.w.org\/{rel}","templated":true}]}}