{"id":946,"date":"2025-03-28T20:26:07","date_gmt":"2025-03-28T17:26:07","guid":{"rendered":"https:\/\/mywhieda.com\/?post_type=product&#038;p=946"},"modified":"2025-09-14T14:41:26","modified_gmt":"2025-09-14T11:41:26","slug":"noski-s-grafenom-3-3","status":"publish","type":"product","link":"https:\/\/mywhieda.com\/pl\/product\/noski-s-grafenom-3-3\/","title":{"rendered":"Skarpetki grafenowe"},"content":{"rendered":"<p><b>Skarpetki Health Priority Graphene<\/b><span style=\"font-weight: 400;\"> wykonane s\u0105 z d\u0142ugow\u0142\u00f3knistej bawe\u0142ny uprawianej w regionie Xinjiang w Chinach, z dodatkiem grafenu, kt\u00f3ry generuje ujemnie na\u0142adowane jony, oraz ze specjalnej nici emituj\u0105cej promieniowanie podczerwone. Skarpetki skutecznie zatrzymuj\u0105 ciep\u0142o, eliminuj\u0105 nieprzyjemne zapachy, hamuj\u0105 rozw\u00f3j bakterii, wspomagaj\u0105 kr\u0105\u017cenie krwi i chroni\u0105 sk\u00f3r\u0119. Masa\u017c akupresurowy oraz specjalny splot w\u0142\u00f3kien pomagaj\u0105 zmniejszy\u0107 zm\u0119czenie st\u00f3p i poprawiaj\u0105 ich kondycj\u0119.<\/span><\/p>\n<p><b>\u015arodowisko jon\u00f3w ujemnych<\/b><\/p>\n<p><span style=\"font-weight: 400;\">Skarpetki tworz\u0105 \u015brodowisko wype\u0142nione jonami ujemnymi, kt\u00f3re skutecznie hamuj\u0105 rozw\u00f3j bakterii, zapobiegaj\u0105 infekcjom grzybiczym oraz zapewniaj\u0105 efekt dezodoryzuj\u0105cy, eliminuj\u0105c przykry zapach st\u00f3p.<\/span><\/p>\n<p><b>Konstrukcja palc\u00f3w i pi\u0119ty<\/b><\/p>\n<p><span style=\"font-weight: 400;\">Palce i pi\u0119ta wykonane s\u0105 z mieszanki d\u0142ugow\u0142\u00f3knistej bawe\u0142ny oraz specjalnych nici z grafenem i promieniowaniem podczerwonym. To po\u0142\u0105czenie poprawia izolacj\u0119 ciepln\u0105 i oddychalno\u015b\u0107 materia\u0142u, a tak\u017ce zachowuje w\u0142a\u015bciwo\u015bci podczerwieni i emisji anion\u00f3w nawet po wielu praniach.<\/span><\/p>\n<p><b>Efekt akupresury<\/b><\/p>\n<p><span style=\"font-weight: 400;\">Specjalny splot oddzia\u0142uje na punkt akupresurowy Yongquan (na podeszwie stopy) podczas chodzenia. Delikatny masa\u017c stymuluje kr\u0105\u017cenie w stopach i ko\u0144czynach dolnych, a tak\u017ce redukuje zm\u0119czenie st\u00f3p.<\/span><\/p>\n<p><b>Ucisk dla ulgi w zm\u0119czeniu<\/b><\/p>\n<p><span style=\"font-weight: 400;\">Lekki ucisk pomaga z\u0142agodzi\u0107 zm\u0119czenie po d\u0142ugim chodzeniu lub staniu.<\/span><\/p>\n<p><b>W\u0142a\u015bciwo\u015bci antypo\u015blizgowe<\/b><\/p>\n<p><span style=\"font-weight: 400;\">Specjalny splot w obszarze palc\u00f3w w po\u0142\u0105czeniu z wysokiej jako\u015bci elastanem zapobiega ze\u015blizgiwaniu si\u0119 oraz uciskowi stopy.<\/span><\/p>\n<p><b>Wysokiej jako\u015bci bawe\u0142na<\/b><\/p>\n<p><span style=\"font-weight: 400;\">Bawe\u0142na z Xinjiangu pomaga zatrzymywa\u0107 ciep\u0142o, jednocze\u015bnie pozostaj\u0105c oddychaj\u0105c\u0105 i delikatn\u0105 dla sk\u00f3ry. Jest bezpieczna zar\u00f3wno dla zdrowia, jak i \u015brodowiska.<\/span><\/p>\n<p>&nbsp;<\/p>\n<p><b>5 korzy\u015bci zdrowotnych:<\/b><\/p>\n<ul>\n<li style=\"font-weight: 400;\" aria-level=\"1\"><span style=\"font-weight: 400;\">Terapia podczerwieni\u0105<\/span><span style=\"font-weight: 400;\"><br \/>\n<\/span><\/li>\n<li style=\"font-weight: 400;\" aria-level=\"1\"><span style=\"font-weight: 400;\">Jony ujemne<\/span><span style=\"font-weight: 400;\"><br \/>\n<\/span><\/li>\n<li style=\"font-weight: 400;\" aria-level=\"1\"><span style=\"font-weight: 400;\">Efekty antybakteryjne i dezodoryzuj\u0105ce<\/span><span style=\"font-weight: 400;\"><br \/>\n<\/span><\/li>\n<li style=\"font-weight: 400;\" aria-level=\"1\"><span style=\"font-weight: 400;\">Poprawa kr\u0105\u017cenia<\/span><span style=\"font-weight: 400;\"><br \/>\n<\/span><\/li>\n<li style=\"font-weight: 400;\" aria-level=\"1\"><span style=\"font-weight: 400;\">Efekty akupresury na punktach i meridianach st\u00f3p<\/span>&nbsp;<\/li>\n<\/ul>\n<p><b>Gwarancja jako\u015bci<\/b><\/p>\n<p><span style=\"font-weight: 400;\">Ka\u017cda para naszych skarpet spe\u0142nia norm\u0119 bezpiecze\u0144stwa tekstyli\u00f3w GB 18401-2010 (Klasa B) oraz bran\u017cow\u0105 norm\u0119 jako\u015bci FZ\/T 73001-2016.<\/span><span style=\"font-weight: 400;\"><br \/>\n<\/span><span style=\"font-weight: 400;\"> Gwarantujemy bezpiecze\u0144stwo i niezawodn\u0105 jako\u015b\u0107.<\/span><\/p>\n<p>&nbsp;<\/p>\n<p><b>Kolory:<\/b><span style=\"font-weight: 400;\"> czarny, szary<\/span><span style=\"font-weight: 400;\"><br \/>\n<\/span> <b>Rozmiary:<\/b><span style=\"font-weight: 400;\"> 23\u201325 cm (rozmiar 36\u201340), 25\u201327 cm (rozmiar 40\u201344)<\/span><span style=\"font-weight: 400;\"><br \/>\n<\/span> <b>Opakowanie:<\/b><span style=\"font-weight: 400;\"> 5 par (3 pary czarne, 2 pary szare)<\/span><\/p>\n<p><b>Sk\u0142ad:<\/b><\/p>\n<ul>\n<li style=\"font-weight: 400;\" aria-level=\"1\"><span style=\"font-weight: 400;\">Skarpetki czarne: 80,2% bawe\u0142na, 17,4% nylon, 2,4% elastan<\/span><span style=\"font-weight: 400;\"><br \/>\n<\/span><\/li>\n<li style=\"font-weight: 400;\" aria-level=\"1\"><span style=\"font-weight: 400;\">Skarpetki szare: 80,7% bawe\u0142na, 17% nylon, 2,3% elastan<\/span>&nbsp;<\/li>\n<\/ul>\n<p><b>Instrukcja prania:<\/b><\/p>\n<ul>\n<li style=\"font-weight: 400;\" aria-level=\"1\"><span style=\"font-weight: 400;\">Pra\u0107 r\u0119cznie<\/span><span style=\"font-weight: 400;\"><br \/>\n<\/span><\/li>\n<li style=\"font-weight: 400;\" aria-level=\"1\"><span style=\"font-weight: 400;\">Suszy\u0107 w pozycji pionowej<\/span><span style=\"font-weight: 400;\"><br \/>\n<\/span><\/li>\n<li style=\"font-weight: 400;\" aria-level=\"1\"><span style=\"font-weight: 400;\">Nie wybiela\u0107<\/span><span style=\"font-weight: 400;\"><br \/>\n<\/span><\/li>\n<li style=\"font-weight: 400;\" aria-level=\"1\"><span style=\"font-weight: 400;\">Nie prasowa\u0107<\/span><\/li>\n<li style=\"font-weight: 400;\" aria-level=\"1\"><span style=\"font-weight: 400;\">Nie czy\u015bci\u0107 chemicznie<\/span><\/li>\n<\/ul>\n<p>&nbsp;<\/p>\n","protected":false},"featured_media":1250,"template":"","categories":[6,31],"class_list":["post-946","product","type-product","status-publish","has-post-thumbnail","hentry","categories-vse-tovary","categories-aksessuary"],"acf":[],"_links":{"self":[{"href":"https:\/\/mywhieda.com\/pl\/wp-json\/wp\/v2\/product\/946","targetHints":{"allow":["GET"]}}],"collection":[{"href":"https:\/\/mywhieda.com\/pl\/wp-json\/wp\/v2\/product"}],"about":[{"href":"https:\/\/mywhieda.com\/pl\/wp-json\/wp\/v2\/types\/product"}],"wp:featuredmedia":[{"embeddable":true,"href":"https:\/\/mywhieda.com\/pl\/wp-json\/wp\/v2\/media\/1250"}],"wp:attachment":[{"href":"https:\/\/mywhieda.com\/pl\/wp-json\/wp\/v2\/media?parent=946"}],"wp:term":[{"taxonomy":"categories","embeddable":true,"href":"https:\/\/mywhieda.com\/pl\/wp-json\/wp\/v2\/categories?post=946"}],"curies":[{"name":"wp","href":"https:\/\/api.w.org\/{rel}","templated":true}]}}