{"id":948,"date":"2025-03-28T20:28:34","date_gmt":"2025-03-28T17:28:34","guid":{"rendered":"https:\/\/mywhieda.com\/?post_type=product&#038;p=948"},"modified":"2025-04-05T20:56:19","modified_gmt":"2025-04-05T17:56:19","slug":"energeticheskiy-palantin-2-2-2","status":"publish","type":"product","link":"https:\/\/mywhieda.com\/pl\/product\/energeticheskiy-palantin-2-2-2\/","title":{"rendered":"Energetyczny szal (Palantin)"},"content":{"rendered":"<p><span style=\"font-weight: 400;\">Energetyczny szal \u2013 dbaj o swoje zdrowie, komfort i elegancj\u0119. Trzy dziedziny wiedzy o zdrowiu po\u0142\u0105czone z nowoczesn\u0105 nauk\u0105 i technologi\u0105. Poliester i german \u2013 podstawowy sk\u0142ad szala, opracowane z dok\u0142adnym naukowym podej\u015bciem.<\/span><\/p>\n<p>&nbsp;<\/p>\n<p><b>Korzy\u015bci zdrowotne:<\/b><\/p>\n<p>&nbsp;<\/p>\n<ul>\n<li style=\"font-weight: 400;\" aria-level=\"1\"><span style=\"font-weight: 400;\">Organiczny german zawarty w xale pe\u0142ni funkcj\u0119 emisji promieni podczerwonych oraz uwalniania anion\u00f3w.<\/span><\/li>\n<li style=\"font-weight: 400;\" aria-level=\"1\"><span style=\"font-weight: 400;\">Wspomaga popraw\u0119 kr\u0105\u017cenia krwi i mikrocyrkulacji.<\/span><\/li>\n<li style=\"font-weight: 400;\" aria-level=\"1\"><span style=\"font-weight: 400;\">Pomaga z\u0142agodzi\u0107 dolegliwo\u015bci oraz zm\u0119czenie w okolicy szyi i ramion.<\/span><\/li>\n<li style=\"font-weight: 400;\" aria-level=\"1\"><span style=\"font-weight: 400;\">Op\u00f3\u017ania proces starzenia si\u0119 sk\u00f3ry i poprawia wska\u017aniki zdrowotne.<\/span><\/li>\n<\/ul>\n<p>&nbsp;<\/p>\n<p><b>Okolica szyi i ramion to najwa\u017cniejszy \u201ew\u0119ze\u0142\u201d w ciele cz\u0142owieka. <\/b><span style=\"font-weight: 400;\">Ta cz\u0119\u015b\u0107 potrzebuje niezawodnej ochrony, poniewa\u017c w\u0142a\u015bnie tutaj krzy\u017cuj\u0105 si\u0119 liczne kana\u0142y energetyczne oraz znajduje si\u0119 biologicznie aktywny punkt Da-Zhui.<\/span><\/p>\n<p><span style=\"font-weight: 400;\">Szal energetyczny FOHERB jest pot\u0119\u017cn\u0105 barier\u0105 chroni\u0105c\u0105 cia\u0142o przed wiatrem i zimnem. Podnosi temperatur\u0119 w strefie noszenia i pomaga regulowa\u0107 naturalny stan organizmu.<\/span><\/p>\n<p>&nbsp;<\/p>\n<p><b>Szal jest zawsze eleganckim i atrakcyjnym dodatkiem dla kobiet.<\/b><\/p>\n<p>&nbsp;<\/p>\n<p>&nbsp;<\/p>\n<p><b>\ud83c\udf1e Doskona\u0142a ochrona przed s\u0142o\u0144cem<\/b><span style=\"font-weight: 400;\"> Opr\u00f3cz kremu przeciws\u0142onecznego, parasola i okular\u00f3w przeciws\u0142onecznych mo\u017cna u\u017cy\u0107 szala energetycznego. Po prostu zarzu\u0107 go na ramiona i szyj\u0119, aby chroni\u0142 przed s\u0142o\u0144cem. Materia\u0142 szala jest niezwykle przewiewny, poch\u0142ania pot i zapewnia przyjemny kontakt ze sk\u00f3r\u0105.<\/span><\/p>\n<p>&nbsp;<\/p>\n<p><b>\u2744\ufe0f Zapobieganie \u201echorobom klimatyzacyjnym\u201d<\/b><span style=\"font-weight: 400;\"> Latem, w biurze, samochodzie czy domu, cz\u0119sto korzystamy z klimatyzacji, co powoduje wych\u0142odzenie tylnej cz\u0119\u015bci szyi. Z ty\u0142u szyi znajduj\u0105 si\u0119 3 wa\u017cne biologicznie aktywne punkty: Feng-Fu, Feng-Chi i Feng-Men, przez kt\u00f3re czynniki patogenne, jak wiatr i zimno, \u0142atwo wnikaj\u0105 do organizmu!<\/span><\/p>\n","protected":false},"featured_media":287,"template":"","categories":[6,31],"class_list":["post-948","product","type-product","status-publish","has-post-thumbnail","hentry","categories-vse-tovary","categories-aksessuary"],"acf":[],"_links":{"self":[{"href":"https:\/\/mywhieda.com\/pl\/wp-json\/wp\/v2\/product\/948","targetHints":{"allow":["GET"]}}],"collection":[{"href":"https:\/\/mywhieda.com\/pl\/wp-json\/wp\/v2\/product"}],"about":[{"href":"https:\/\/mywhieda.com\/pl\/wp-json\/wp\/v2\/types\/product"}],"wp:featuredmedia":[{"embeddable":true,"href":"https:\/\/mywhieda.com\/pl\/wp-json\/wp\/v2\/media\/287"}],"wp:attachment":[{"href":"https:\/\/mywhieda.com\/pl\/wp-json\/wp\/v2\/media?parent=948"}],"wp:term":[{"taxonomy":"categories","embeddable":true,"href":"https:\/\/mywhieda.com\/pl\/wp-json\/wp\/v2\/categories?post=948"}],"curies":[{"name":"wp","href":"https:\/\/api.w.org\/{rel}","templated":true}]}}