{"id":950,"date":"2025-03-28T20:32:22","date_gmt":"2025-03-28T17:32:22","guid":{"rendered":"https:\/\/mywhieda.com\/?post_type=product&#038;p=950"},"modified":"2025-04-05T20:56:59","modified_gmt":"2025-04-05T17:56:59","slug":"turmalinovyy-magnitnyy-poyas-2-3","status":"publish","type":"product","link":"https:\/\/mywhieda.com\/pl\/product\/turmalinovyy-magnitnyy-poyas-2-3\/","title":{"rendered":"Magnetyczny Pas z Turmalinem"},"content":{"rendered":"<p><b>Sk\u0142ad magnetycznego pasa<\/b><\/p>\n<p>&nbsp;<\/p>\n<ul>\n<li style=\"font-weight: 400;\" aria-level=\"1\"><span style=\"font-weight: 400;\">38,9% w\u0142\u00f3kno poliestrowe (turmalin)\u00a0<\/span><\/li>\n<li style=\"font-weight: 400;\" aria-level=\"1\"><span style=\"font-weight: 400;\">34,4% bawe\u0142na\u00a0<\/span><\/li>\n<li style=\"font-weight: 400;\" aria-level=\"1\"><span style=\"font-weight: 400;\">26,7% elastan\u00a0<\/span><\/li>\n<li style=\"font-weight: 400;\" aria-level=\"1\"><span style=\"font-weight: 400;\">2 magnetyczne granulki\u00a0<\/span><\/li>\n<li style=\"font-weight: 400;\" aria-level=\"1\"><span style=\"font-weight: 400;\">4 p\u0142yty wspieraj\u0105ce (zawieraj\u0105ce wewn\u0105trz 14 granulek)<\/span><\/li>\n<\/ul>\n<p><span style=\"font-weight: 400;\">G\u0142\u00f3wnym materia\u0142em magnetycznego pasa jest W\u0141\u00d3KNO TURMALINOWE, zdolne do emisji dalekiej podczerwieni o d\u0142ugo\u015bci fali od 4 do 14 mikrometr\u00f3w. W po\u0142\u0105czeniu z magnesami pomaga poprawi\u0107 mikrokr\u0105\u017cenie w okolicy l\u0119d\u017awiowej, wykonuje statyczny masa\u017c tego obszaru, \u0142agodzi zm\u0119czenie i b\u00f3l, utrzymuje ciep\u0142o oraz zapewnia bezpieczne wsparcie dla okolicy l\u0119d\u017awiowej.<\/span><\/p>\n<p>&nbsp;<\/p>\n<p><b>W\u0142\u00f3kno zawiera tak\u017ce cz\u0105steczki bambusowego w\u0119gla.<\/b><\/p>\n<p>&nbsp;<\/p>\n<ul>\n<li style=\"font-weight: 400;\" aria-level=\"1\"><span style=\"font-weight: 400;\">MI\u0118KKI I ELASTYCZNY<\/span><\/li>\n<li style=\"font-weight: 400;\" aria-level=\"1\"><span style=\"font-weight: 400;\">POCH\u0141ANIAJ\u0104CY I ODDYCHALNY<\/span><\/li>\n<li style=\"font-weight: 400;\" aria-level=\"1\"><span style=\"font-weight: 400;\">ANTYBAKTERICZNY\u00a0<\/span><\/li>\n<li style=\"font-weight: 400;\" aria-level=\"1\"><span style=\"font-weight: 400;\">CIEP\u0141Y ZIMA, CH\u0141ODNY LATEM<\/span><\/li>\n<li style=\"font-weight: 400;\" aria-level=\"1\"><span style=\"font-weight: 400;\">EKOLOGICZNY<\/span><\/li>\n<\/ul>\n<p>&nbsp;<\/p>\n<p><b>ERGONOMICZNY DESIGN<\/b><\/p>\n<p>&nbsp;<\/p>\n<ul>\n<li style=\"font-weight: 400;\" aria-level=\"1\"><span style=\"font-weight: 400;\">Cienki i elastyczny<\/span><\/li>\n<li style=\"font-weight: 400;\" aria-level=\"1\"><span style=\"font-weight: 400;\">Dopasowany do naturalnej krzywizny lordozy ludzkiego cia\u0142a<\/span><\/li>\n<li style=\"font-weight: 400;\" aria-level=\"1\"><span style=\"font-weight: 400;\">Wygodny i trwa\u0142y<\/span><\/li>\n<\/ul>\n<p>&nbsp;<\/p>\n<p><b>ODKOMPRESJA WSPIERAJ\u0104CA<\/b><\/p>\n<p><span style=\"font-weight: 400;\">Podparcie l\u0119d\u017awiowe jest wyposa\u017cone w tr\u00f3jwymiarow\u0105 p\u0142yt\u0119 magnetyczn\u0105, zapewniaj\u0105c\u0105 niezawodne wsparcie dla okolicy l\u0119d\u017awiowej.<\/span><\/p>\n<p>&nbsp;<\/p>\n<p><b>\u0141AGODZENIE ZMI\u0118CZENIA<\/b><\/p>\n<p><span style=\"font-weight: 400;\">Dzi\u0119ki dzia\u0142aniu magnes\u00f3w mo\u017cna skutecznie wyeliminowa\u0107 zm\u0119czenie oraz z\u0142agodzi\u0107 b\u00f3l w okolicy l\u0119d\u017awiowej.<\/span><\/p>\n<p>&nbsp;<\/p>\n<p><b>KIESZE\u0143 FUNKCJONALNA DO WK\u0141ADEK GRZEWCZYCH<\/b><\/p>\n<p><span style=\"font-weight: 400;\">Magnetyczny pas zawiera funkcjonaln\u0105 kiesze\u0144 do wk\u0142adania paczek ze \u201eZestawu Ogrzewaj\u0105cego z Artemizj\u0105\u201d. W\u0142\u00f3\u017c woreczek z artemizj\u0105 oraz termiczny pakiet o energii mineralnej do kieszeni. Pod wp\u0142ywem efektu termicznego woreczek z artemizj\u0105 ogrzewa meridiany, poprawia przep\u0142yw energii Qi oraz kr\u0105\u017cenie krwi, rozprasza \u201ezimno\u201d, zmniejsza zm\u0119czenie i przyczynia si\u0119 do poprawy przep\u0142ywu krwi oraz z\u0142agodzenia b\u00f3lu w okolicy l\u0119d\u017awiowej.<\/span><\/p>\n<p>&nbsp;<\/p>\n<p><b>Specyfikacja techniczna:<\/b><\/p>\n<p><span style=\"font-weight: 400;\">M \u2013 85 cm x 19 cm \/ obw\u00f3d talii: 75\u201380 cm\u00a0<\/span><\/p>\n<p><span style=\"font-weight: 400;\">L \u2013 90 cm x 19 cm \/ obw\u00f3d talii: 85\u201395 cm\u00a0<\/span><\/p>\n<p><span style=\"font-weight: 400;\">XL \u2013 98 cm x 19 cm \/ obw\u00f3d talii: 95\u2013105 cm\u00a0<\/span><\/p>\n<p><span style=\"font-weight: 400;\">XXL \u2013 108 cm x 19 cm \/ obw\u00f3d talii: 105\u2013115 cm<\/span><\/p>\n<p id=\"\">\u200d<\/p>\n","protected":false},"featured_media":272,"template":"","categories":[6,31],"class_list":["post-950","product","type-product","status-publish","has-post-thumbnail","hentry","categories-vse-tovary","categories-aksessuary"],"acf":[],"_links":{"self":[{"href":"https:\/\/mywhieda.com\/pl\/wp-json\/wp\/v2\/product\/950","targetHints":{"allow":["GET"]}}],"collection":[{"href":"https:\/\/mywhieda.com\/pl\/wp-json\/wp\/v2\/product"}],"about":[{"href":"https:\/\/mywhieda.com\/pl\/wp-json\/wp\/v2\/types\/product"}],"wp:featuredmedia":[{"embeddable":true,"href":"https:\/\/mywhieda.com\/pl\/wp-json\/wp\/v2\/media\/272"}],"wp:attachment":[{"href":"https:\/\/mywhieda.com\/pl\/wp-json\/wp\/v2\/media?parent=950"}],"wp:term":[{"taxonomy":"categories","embeddable":true,"href":"https:\/\/mywhieda.com\/pl\/wp-json\/wp\/v2\/categories?post=950"}],"curies":[{"name":"wp","href":"https:\/\/api.w.org\/{rel}","templated":true}]}}