{"id":951,"date":"2025-03-29T14:20:24","date_gmt":"2025-03-29T11:20:24","guid":{"rendered":"https:\/\/mywhieda.com\/?post_type=product&#038;p=951"},"modified":"2026-04-16T17:54:56","modified_gmt":"2026-04-16T14:54:56","slug":"sistema-dlya-sna-4-v-1-2-3","status":"publish","type":"product","link":"https:\/\/mywhieda.com\/pl\/product\/sistema-dlya-sna-4-v-1-2-3\/","title":{"rendered":"System snu 4 w 1"},"content":{"rendered":"<p><b>Naukowe podej\u015bcie do jako\u015bciowego snu \u2013 Wypr\u00f3buj nowe podej\u015bcie do dobrego samopoczucia<\/b><\/p>\n<p>&nbsp;<\/p>\n<p><span style=\"font-weight: 400;\">Czy to dotyczy Ciebie?<\/span><\/p>\n<ul>\n<li style=\"font-weight: 400;\" aria-level=\"1\"><span style=\"font-weight: 400;\">Du\u017ce napi\u0119cie, zm\u0119czenie i problemy z zasypianiem\u00a0<\/span><\/li>\n<li style=\"font-weight: 400;\" aria-level=\"1\"><span style=\"font-weight: 400;\">Niska jako\u015b\u0107 snu, bezsenno\u015b\u0107, cz\u0119ste sny i przedwczesne budzenie si\u0119\u00a0<\/span><\/li>\n<li style=\"font-weight: 400;\" aria-level=\"1\"><span style=\"font-weight: 400;\">Niew\u0142a\u015bciwe poduszki, cz\u0119ste b\u00f3le w obr\u0119bie ramion i szyi lub ucisk nerw\u00f3w<\/span><\/li>\n<\/ul>\n<p>&nbsp;<\/p>\n<p><b>Innowacje dla stworzenia zdrowego snu<\/b><span style=\"font-weight: 400;\">\u00a0<\/span><\/p>\n<p>&nbsp;<\/p>\n<p><span style=\"font-weight: 400;\">Ciesz si\u0119 maksymalnym komfortem snu, wybieraj\u0105c system snu sprzyjaj\u0105cy zdrowiu i dobremu samopoczuciu.<\/span><\/p>\n<p><span style=\"font-weight: 400;\">Komfortowy sen przywraca nam energi\u0119 po nagromadzonym zm\u0119czeniu dnia i dodaje wigoru do nowych osi\u0105gni\u0119\u0107. Mamy nadziej\u0119, \u017ce po intensywnym dniu b\u0119dziesz m\u00f3g\u0142 cieszy\u0107 si\u0119 snem najwy\u017cszej jako\u015bci oraz na\u0142adowa\u0107 energi\u0119. System snu 4 w 1 zapewni Ci g\u0142\u0119boki i zdrowy sen, a ka\u017cda noc b\u0119dzie prawdziw\u0105 przyjemno\u015bci\u0105!<\/span><\/p>\n<p>&nbsp;<\/p>\n<p><b>Dobry sen \u2013 \u017ar\u00f3d\u0142o zdrowia<\/b><span style=\"font-weight: 400;\">\u00a0<\/span><\/p>\n<p>&nbsp;<\/p>\n<p><span style=\"font-weight: 400;\">System snu 4 w 1 sk\u0142ada si\u0119 z tkaniny 100% bawe\u0142nianej z faktur\u0105, wzbogaconej o funkcj\u0119 jon\u00f3w ujemnych oraz dalekiej emisji promieni podczerwonych. Jest w stanie ci\u0105gle emitowa\u0107 dalekie promieniowanie podczerwone i jony ujemne, co przyspiesza mikrokr\u0105\u017cenie krwi w organizmie i pobudza metabolizm. Jest przyjemny dla sk\u00f3ry, zapewnia uczucie delikatno\u015bci, komfortu oraz dobr\u0105 oddychalno\u015b\u0107, dzi\u0119ki czemu Twoja sk\u00f3ra otrzymuje odpowiedni\u0105 piel\u0119gnacj\u0119, a nocny wypoczynek staje si\u0119 regeneruj\u0105cy. Elegancka tkanina z faktur\u0105 w delikatnym, \u017c\u00f3\u0142tym odcieniu to luksusowy i elegancki dodatek, kt\u00f3ry zapewni Ci sen najwy\u017cszej jako\u015bci.<\/span><\/p>\n<p>&nbsp;<\/p>\n<p><b>Stylowy design walizki, \u0142atwy do przenoszenia<\/b><span style=\"font-weight: 400;\">\u00a0<\/span><\/p>\n<p>&nbsp;<\/p>\n<p><span style=\"font-weight: 400;\">Walizka posiada solidn\u0105 r\u0105czk\u0119 oraz styl retro, uzupe\u0142nion\u0105 o zintegrowany zamek TSA, kt\u00f3ry zwi\u0119ksza jej wytrzyma\u0142o\u015b\u0107. Podw\u00f3jne, obracaj\u0105ce si\u0119 gumowe k\u00f3\u0142ka z amortyzacj\u0105 i redukcj\u0105 ha\u0142asu zapewniaj\u0105 p\u0142ynniejsze u\u017cytkowanie.<\/span><\/p>\n<p>&nbsp;<\/p>\n<p><b>Personalizacja marki, ekskluzywne podej\u015bcie.<\/b><span style=\"font-weight: 400;\"> Na walizkach wygrawerowany jest logotyp firmy oraz imi\u0119 i nazwisko nabywcy, co podnosi presti\u017c, buduje poczucie przynale\u017cno\u015bci oraz wzbudza zaufanie i szacunek w\u015br\u00f3d klient\u00f3w.<\/span><\/p>\n<p>&nbsp;<\/p>\n<p><b>Komplementarny design, \u0142atwy do transportu<\/b><\/p>\n<p><span style=\"font-weight: 400;\">System snu 4 w 1 oraz walizka osobista to idealne uzupe\u0142nienie.<\/span><\/p>\n<ul>\n<li style=\"font-weight: 400;\" aria-level=\"1\"><span style=\"font-weight: 400;\">Dla os\u00f3b cz\u0119sto podr\u00f3\u017cuj\u0105cych, odbywaj\u0105cych wyjazdy s\u0142u\u017cbowe lub przeprowadzaj\u0105cych si\u0119 \u2013 rozwi\u0105zanie to jest wygodne do transportowania, a zestaw sprzedawany razem jest jeszcze bardziej atrakcyjny.<\/span><\/li>\n<li style=\"font-weight: 400;\" aria-level=\"1\"><span style=\"font-weight: 400;\">\u00a0\u00a0\u00a0W domu zajmuje niewiele miejsca, jest \u0142atwy do przechowywania, a tak\u017ce zapewnia lepsz\u0105 ochron\u0119 higieniczn\u0105.<\/span><\/li>\n<\/ul>\n","protected":false},"featured_media":254,"template":"","categories":[6,31],"class_list":["post-951","product","type-product","status-publish","has-post-thumbnail","hentry","categories-vse-tovary","categories-aksessuary"],"acf":[],"_links":{"self":[{"href":"https:\/\/mywhieda.com\/pl\/wp-json\/wp\/v2\/product\/951","targetHints":{"allow":["GET"]}}],"collection":[{"href":"https:\/\/mywhieda.com\/pl\/wp-json\/wp\/v2\/product"}],"about":[{"href":"https:\/\/mywhieda.com\/pl\/wp-json\/wp\/v2\/types\/product"}],"wp:featuredmedia":[{"embeddable":true,"href":"https:\/\/mywhieda.com\/pl\/wp-json\/wp\/v2\/media\/254"}],"wp:attachment":[{"href":"https:\/\/mywhieda.com\/pl\/wp-json\/wp\/v2\/media?parent=951"}],"wp:term":[{"taxonomy":"categories","embeddable":true,"href":"https:\/\/mywhieda.com\/pl\/wp-json\/wp\/v2\/categories?post=951"}],"curies":[{"name":"wp","href":"https:\/\/api.w.org\/{rel}","templated":true}]}}