{"id":953,"date":"2025-03-29T14:35:17","date_gmt":"2025-03-29T11:35:17","guid":{"rendered":"https:\/\/mywhieda.com\/?post_type=product&#038;p=953"},"modified":"2026-04-19T16:15:44","modified_gmt":"2026-04-19T13:15:44","slug":"anionovye-prokladki-anion-2-3","status":"publish","type":"product","link":"https:\/\/mywhieda.com\/pl\/product\/anionovye-prokladki-anion-2-3\/","title":{"rendered":"Anionowe wk\u0142adki higieniczne Anion+"},"content":{"rendered":"<p><span style=\"font-weight: 400;\">Ka\u017cda kobieta korzysta z wk\u0142adek higienicznych co miesi\u0105c, dlatego wa\u017cne jest wybieranie produkt\u00f3w, kt\u00f3re nie tylko s\u0105 bezpieczne dla zdrowia, ale tak\u017ce przyczyniaj\u0105 si\u0119 do jego poprawy. Przedstawiamy anionowe wk\u0142adki higieniczne <\/span><b>Anion+<\/b><span style=\"font-weight: 400;\">, zaprojektowane, aby dawa\u0107 pewno\u015b\u0107 i bezpiecze\u0144stwo w krytyczne dni.<\/span><\/p>\n<p><span style=\"font-weight: 400;\">Wk\u0142adki Anion+ dost\u0119pne s\u0105 w trzech rodzajach: <\/span><b>dzienne<\/b><span style=\"font-weight: 400;\">, <\/span><b>nocne <\/b><span style=\"font-weight: 400;\">i <\/span><b>codzienne<\/b><span style=\"font-weight: 400;\">. Istniej\u0105 r\u00f3wnie\u017c specjalne opakowania zawieraj\u0105ce wy\u0142\u0105cznie wk\u0142adki codzienne lub dzienne.<\/span><\/p>\n<p>&nbsp;<\/p>\n<p><b>Opakowanie 19 paczek:<\/b><\/p>\n<p>&nbsp;<\/p>\n<ul>\n<li style=\"font-weight: 400;\" aria-level=\"1\"><span style=\"font-weight: 400;\">Dzienne: 10 paczek po 10 sztuk.\u00a0<\/span><\/li>\n<li style=\"font-weight: 400;\" aria-level=\"1\"><span style=\"font-weight: 400;\">Nocne: 4 paczki po 8 sztuk.\u00a0<\/span><\/li>\n<li style=\"font-weight: 400;\" aria-level=\"1\"><span style=\"font-weight: 400;\">Codzienne: 5 paczek po 30 sztuk.<\/span><\/li>\n<\/ul>\n<p><span style=\"font-weight: 400;\">To opakowanie jest zaprojektowane tak, aby wystarcza\u0142o \u015brednio od <\/span><b>10 do 12 miesi\u0119cy<\/b><span style=\"font-weight: 400;\"> i zawiera ekologiczne, bawe\u0142niane oraz oddychaj\u0105ce wk\u0142adki w bezpiecznym opakowaniu. Te wk\u0142adki wyposa\u017cone s\u0105 w unikalny chip anionowy, wykonany z wykorzystaniem japo\u0144skiej technologii.<\/span><\/p>\n<p>&nbsp;<\/p>\n<p><b>Dlaczego warto wybra\u0107 anionowe wk\u0142adki higieniczne WHIEDA?<\/b><\/p>\n<p>&nbsp;<\/p>\n<p><span style=\"font-weight: 400;\">Anionowe wk\u0142adki higieniczne Anion+ nie tylko zapewniaj\u0105 komfort, ale r\u00f3wnie\u017c pomagaj\u0105 zapobiega\u0107 r\u00f3\u017cnym chorobom ginekologicznym.\u00a0<\/span><\/p>\n<p><span style=\"font-weight: 400;\">Dzi\u0119ki swojemu procesorowi anionowo-magnetycznemu, te wk\u0142adki poprawiaj\u0105 bilans biomagnetyczny w organizmie, wspomagaj\u0105 kr\u0105\u017cenie krwi, redukuj\u0105 stan zapalny i b\u00f3l, zwi\u0119kszaj\u0105 odporno\u015b\u0107 oraz korzystnie wp\u0142ywaj\u0105 na uk\u0142ad nerwowy, co poprawia stan emocjonalny podczas krytycznych dni.<\/span><\/p>\n<h4><\/h4>\n<h4><b>Kluczowe sk\u0142adniki i korzy\u015bci:<\/b><\/h4>\n<ul>\n<li style=\"font-weight: 400;\" aria-level=\"1\"><b>Anionowy bambus:<\/b><span style=\"font-weight: 400;\"> Absorbuje bakterie beztlenowe, usuwa nadmiar wilgoci i neutralizuje nieprzyjemne zapachy.<\/span><\/li>\n<li style=\"font-weight: 400;\" aria-level=\"1\"><span style=\"font-weight: 400;\">\u2022\u2003<\/span><b>Procesor magnetyczno-anionowy:<\/b><span style=\"font-weight: 400;\"> Absorbuje bakterie beztlenowe i tworzy dla nich nieprzyjazne \u015brodowisko. Zapobiega to ich rozprzestrzenianiu si\u0119 i infekcjom.<\/span><\/li>\n<li style=\"font-weight: 400;\" aria-level=\"1\"><span style=\"font-weight: 400;\">\u2022\u2003<\/span><b>Jony srebra:<\/b><span style=\"font-weight: 400;\"> Zawarte w procesorze magnetycznym tworz\u0105 efekt ochronny dla narz\u0105d\u00f3w rozrodczych, eliminuj\u0105c szkodliwe bakterie i zapewniaj\u0105c dzia\u0142anie terapeutyczne.<\/span><\/li>\n<\/ul>\n<h4><\/h4>\n<h4><b>Innowacyjno\u015b\u0107 i ekologiczno\u015b\u0107<\/b><\/h4>\n<p>&nbsp;<\/p>\n<p><span style=\"font-weight: 400;\">Materia\u0142 warstwy wk\u0142adek anionowych zosta\u0142 opatentowany, jest ekologiczny i ulega rozk\u0142adowi w ci\u0105gu <\/span><b>1\u20132 lat<\/b><span style=\"font-weight: 400;\">. W przeciwie\u0144stwie do innych wk\u0142adek, anionowe umo\u017cliwiaj\u0105 przep\u0142yw powietrza, hamuj\u0105c wzrost bakterii, co pomaga zapobiega\u0107 problemom zdrowotnym, nawet <\/span><b>niep\u0142odno\u015bci<\/b><span style=\"font-weight: 400;\">.<\/span><\/p>\n<p><span style=\"font-weight: 400;\">Wk\u0142adki Anion+ zapewniaj\u0105 a\u017c <\/span><b>do 12 godzin ci\u0105g\u0142ego u\u017cytkowania<\/b><span style=\"font-weight: 400;\"> bez namna\u017cania si\u0119 bakterii, umo\u017cliwiaj\u0105c kompleksowe dobre samopoczucie podczas krytycznych dni.<\/span><\/p>\n","protected":false},"featured_media":263,"template":"","categories":[6,30],"class_list":["post-953","product","type-product","status-publish","has-post-thumbnail","hentry","categories-vse-tovary","categories-gigiena"],"acf":[],"_links":{"self":[{"href":"https:\/\/mywhieda.com\/pl\/wp-json\/wp\/v2\/product\/953","targetHints":{"allow":["GET"]}}],"collection":[{"href":"https:\/\/mywhieda.com\/pl\/wp-json\/wp\/v2\/product"}],"about":[{"href":"https:\/\/mywhieda.com\/pl\/wp-json\/wp\/v2\/types\/product"}],"wp:featuredmedia":[{"embeddable":true,"href":"https:\/\/mywhieda.com\/pl\/wp-json\/wp\/v2\/media\/263"}],"wp:attachment":[{"href":"https:\/\/mywhieda.com\/pl\/wp-json\/wp\/v2\/media?parent=953"}],"wp:term":[{"taxonomy":"categories","embeddable":true,"href":"https:\/\/mywhieda.com\/pl\/wp-json\/wp\/v2\/categories?post=953"}],"curies":[{"name":"wp","href":"https:\/\/api.w.org\/{rel}","templated":true}]}}