{"id":955,"date":"2025-03-29T14:49:34","date_gmt":"2025-03-29T11:49:34","guid":{"rendered":"https:\/\/mywhieda.com\/?post_type=product&#038;p=955"},"modified":"2025-12-27T23:51:42","modified_gmt":"2025-12-27T20:51:42","slug":"antibakterialnyy-gel-2-3","status":"publish","type":"product","link":"https:\/\/mywhieda.com\/pl\/product\/antibakterialnyy-gel-2-3\/","title":{"rendered":"\u017bel antybakteryjny"},"content":{"rendered":"<p><span style=\"font-weight: 400;\">\u017bel antybakteryjny FOHERB sk\u0142ada si\u0119 z naturalnych ekstrakt\u00f3w ro\u015blinnych o dzia\u0142aniu antybakteryjnym oraz naturalnych bioaktywnych sk\u0142adnik\u00f3w. Ma nie tylko w\u0142a\u015bciwo\u015bci dezynfekuj\u0105ce i plemnikob\u00f3jcze, ale tak\u017ce zapewnia profilaktyczn\u0105 ochron\u0119 i piel\u0119gnacj\u0119.<\/span><\/p>\n<p><span style=\"font-weight: 400;\"><br \/>\n<\/span><span style=\"font-weight: 400;\"> Specjalne testy przeprowadzone przez Microbiological Laboratory of Shanghai wykaza\u0142y naukowo, \u017ce \u017cel eliminuje wirusa HIV 1 w 99,53%. Jego unikalna formu\u0142a, oparta na naturalnych sk\u0142adnikach ro\u015blinnych, sprawia, \u017ce \u017cel jest \u0142atwy w u\u017cyciu dzi\u0119ki sto\u017ckowemu kszta\u0142towi aplikatora, zapewniaj\u0105c bezpo\u015brednie dzia\u0142anie.<\/span><\/p>\n","protected":false},"featured_media":264,"template":"","categories":[6,30],"class_list":["post-955","product","type-product","status-publish","has-post-thumbnail","hentry","categories-vse-tovary","categories-gigiena"],"acf":[],"_links":{"self":[{"href":"https:\/\/mywhieda.com\/pl\/wp-json\/wp\/v2\/product\/955","targetHints":{"allow":["GET"]}}],"collection":[{"href":"https:\/\/mywhieda.com\/pl\/wp-json\/wp\/v2\/product"}],"about":[{"href":"https:\/\/mywhieda.com\/pl\/wp-json\/wp\/v2\/types\/product"}],"wp:featuredmedia":[{"embeddable":true,"href":"https:\/\/mywhieda.com\/pl\/wp-json\/wp\/v2\/media\/264"}],"wp:attachment":[{"href":"https:\/\/mywhieda.com\/pl\/wp-json\/wp\/v2\/media?parent=955"}],"wp:term":[{"taxonomy":"categories","embeddable":true,"href":"https:\/\/mywhieda.com\/pl\/wp-json\/wp\/v2\/categories?post=955"}],"curies":[{"name":"wp","href":"https:\/\/api.w.org\/{rel}","templated":true}]}}