{"id":973,"date":"2025-04-05T16:55:18","date_gmt":"2025-04-05T13:55:18","guid":{"rendered":"https:\/\/mywhieda.com\/?post_type=product&#038;p=973"},"modified":"2026-04-16T15:17:27","modified_gmt":"2026-04-16T12:17:27","slug":"zubnaya-pasta-2-3","status":"publish","type":"product","link":"https:\/\/mywhieda.com\/pl\/product\/zubnaya-pasta-2-3\/","title":{"rendered":"Pasta do z\u0119b\u00f3w"},"content":{"rendered":"<p><span style=\"font-weight: 400;\">Pasta do z\u0119b\u00f3w FOHERB ARTEMISIA ANNUA zosta\u0142a opracowana zgodnie z klasyczn\u0105 receptur\u0105 tradycyjnej medycyny chi\u0144skiej i zawiera ekstrakty ro\u015blinne, takie jak artemisia (pio\u0142un), zantoksylum, luohan guo oraz klinopodium chi\u0144skie. Dzi\u0119ki specjalnie opracowanej formule i po\u0142\u0105czeniu tych sk\u0142adnik\u00f3w, pasta pomaga zapobiega\u0107 rozwojowi bakterii, wyr\u00f3wnuje pH jamy ustnej, eliminuje nieprzyjemny zapach z ust oraz wzmacnia zdrowie z\u0119b\u00f3w i dzi\u0105se\u0142.<\/span><\/p>\n<p>&nbsp;<\/p>\n<p><b>Sk\u0142adniki aktywne:<\/b><span style=\"font-weight: 400;\"> ekstrakt z artemisii, ekstrakt z zantoksylum, ekstrakt z luohan guo, ekstrakt z klinopodium chi\u0144skiego. Pasta do z\u0119b\u00f3w z ekstraktem z artemisii jest wykonana z najwy\u017cszej jako\u015bci sk\u0142adnik\u00f3w i ma bezpieczn\u0105, certyfikowan\u0105 formu\u0142\u0119. Nie zawiera antybiotyk\u00f3w, nie powoduje skutk\u00f3w ubocznych i jest odpowiednia dla kobiet w ci\u0105\u017cy, dzieci oraz os\u00f3b starszych. Jej \u015bwie\u017cy, kwiatowy aromat eliminuje nieprzyjemny zapach z ust i zapewnia d\u0142ugotrwa\u0142\u0105 \u015bwie\u017co\u015b\u0107.<\/span><\/p>\n<p>&nbsp;<\/p>\n<p><b>Spos\u00f3b u\u017cycia:<\/b><span style=\"font-weight: 400;\"> szczotkowa\u0107 z\u0119by co najmniej 2 razy dziennie przez minimum 3 minuty.<\/span><\/p>\n<p><b>Warunki przechowywania:<\/b><span style=\"font-weight: 400;\"> przechowywa\u0107 w ch\u0142odnym i suchym miejscu.<\/span><\/p>\n<p><b>\u015arodki ostro\u017cno\u015bci:<\/b><span style=\"font-weight: 400;\"> produkt nie jest substytutem lek\u00f3w; dzieci poni\u017cej 6 roku \u017cycia powinny u\u017cywa\u0107 pasty pod nadzorem osoby doros\u0142ej i w minimalnej ilo\u015bci.<\/span><\/p>\n<p><b>Opakowanie:<\/b><span style=\"font-weight: 400;\"> tuba 120 g (6 sztuk).<\/span><\/p>\n","protected":false},"featured_media":308,"template":"","categories":[6,30],"class_list":["post-973","product","type-product","status-publish","has-post-thumbnail","hentry","categories-vse-tovary","categories-gigiena"],"acf":[],"_links":{"self":[{"href":"https:\/\/mywhieda.com\/pl\/wp-json\/wp\/v2\/product\/973","targetHints":{"allow":["GET"]}}],"collection":[{"href":"https:\/\/mywhieda.com\/pl\/wp-json\/wp\/v2\/product"}],"about":[{"href":"https:\/\/mywhieda.com\/pl\/wp-json\/wp\/v2\/types\/product"}],"wp:featuredmedia":[{"embeddable":true,"href":"https:\/\/mywhieda.com\/pl\/wp-json\/wp\/v2\/media\/308"}],"wp:attachment":[{"href":"https:\/\/mywhieda.com\/pl\/wp-json\/wp\/v2\/media?parent=973"}],"wp:term":[{"taxonomy":"categories","embeddable":true,"href":"https:\/\/mywhieda.com\/pl\/wp-json\/wp\/v2\/categories?post=973"}],"curies":[{"name":"wp","href":"https:\/\/api.w.org\/{rel}","templated":true}]}}