{"id":975,"date":"2025-04-05T17:03:04","date_gmt":"2025-04-05T14:03:04","guid":{"rendered":"https:\/\/mywhieda.com\/?post_type=product&#038;p=975"},"modified":"2025-11-07T14:57:52","modified_gmt":"2025-11-07T11:57:52","slug":"omolazhivayushchiy-sprey-s-lifting-effektom-2-3","status":"publish","type":"product","link":"https:\/\/mywhieda.com\/pl\/product\/omolazhivayushchiy-sprey-s-lifting-effektom-2-3\/","title":{"rendered":"Rejuvenacyjny spray do twarzy z efektem liftingu"},"content":{"rendered":"<p><span style=\"font-weight: 400;\">Kwestia odm\u0142adzania z czasem staje si\u0119 priorytetem dla ka\u017cdej kobiety. Oferta produkt\u00f3w przeciwstarzeniowych jest bardzo szeroka, dlatego wyb\u00f3r odpowiedniej piel\u0119gnacji nie jest prosty. Z <\/span><b>YOUTHFULNESS FREEZE SPRAY<\/b><span style=\"font-weight: 400;\"> na pewno b\u0119dziesz zadowolona. Ten nowoczesny produkt dzia\u0142a podobnie jak s\u0142ynny botoks, ale nie uszkadza sk\u00f3ry ani nie powoduje pogorszenia po zako\u0144czeniu kuracji. W ci\u0105gu zaledwie kilku tygodni zmarszczki znikn\u0105, a sk\u00f3ra stanie si\u0119 j\u0119drna i napi\u0119ta. Jego wysoka skuteczno\u015b\u0107 w przyst\u0119pnej cenie wyr\u00f3\u017cnia ten produkt spo\u015br\u00f3d innych na rynku, kt\u00f3re rzadko zapewniaj\u0105 tak dobre rezultaty.\u00a0<\/span><\/p>\n<p><span style=\"font-weight: 400;\">Przywr\u00f3cenie elastyczno\u015bci sk\u00f3rze i jej nawil\u017cenie to marzenie wielu kobiet, ale kremy nie zawsze przynosz\u0105 oczekiwane rezultaty. Istnieje bardziej skuteczna opcja: spray odm\u0142adzaj\u0105cy <\/span><b>YOUTHFULNESS FREEZE SPRAY<\/b><span style=\"font-weight: 400;\">, kt\u00f3ry przyspiesza produkcj\u0119 kolagenu i elastyny.<\/span><\/p>\n","protected":false},"featured_media":309,"template":"","categories":[6,33],"class_list":["post-975","product","type-product","status-publish","has-post-thumbnail","hentry","categories-vse-tovary","categories-kosmetika"],"acf":[],"_links":{"self":[{"href":"https:\/\/mywhieda.com\/pl\/wp-json\/wp\/v2\/product\/975","targetHints":{"allow":["GET"]}}],"collection":[{"href":"https:\/\/mywhieda.com\/pl\/wp-json\/wp\/v2\/product"}],"about":[{"href":"https:\/\/mywhieda.com\/pl\/wp-json\/wp\/v2\/types\/product"}],"wp:featuredmedia":[{"embeddable":true,"href":"https:\/\/mywhieda.com\/pl\/wp-json\/wp\/v2\/media\/309"}],"wp:attachment":[{"href":"https:\/\/mywhieda.com\/pl\/wp-json\/wp\/v2\/media?parent=975"}],"wp:term":[{"taxonomy":"categories","embeddable":true,"href":"https:\/\/mywhieda.com\/pl\/wp-json\/wp\/v2\/categories?post=975"}],"curies":[{"name":"wp","href":"https:\/\/api.w.org\/{rel}","templated":true}]}}