{"id":977,"date":"2025-04-05T17:13:22","date_gmt":"2025-04-05T14:13:22","guid":{"rendered":"https:\/\/mywhieda.com\/?post_type=product&#038;p=977"},"modified":"2025-11-07T20:28:09","modified_gmt":"2025-11-07T17:28:09","slug":"eliksir-fohou-2-3","status":"publish","type":"product","link":"https:\/\/mywhieda.com\/pl\/product\/eliksir-fohou-2-3\/","title":{"rendered":"Eliksir Fohow"},"content":{"rendered":"<p><span style=\"font-weight: 400;\">Eliksir Fohow &#8212; tradycyjna receptura medycyny chi\u0144skiej, prawdziwy klejnot w kulturze dbania o zdrowie. Ten eliksir to niezwyk\u0142y produkt, kt\u00f3ry w naturalny spos\u00f3b zawiera wszystkie niezb\u0119dne sk\u0142adniki do prawid\u0142owego funkcjonowania organizmu.\u00a0<\/span><\/p>\n<p><span style=\"font-weight: 400;\">Ten eliksir ma silne dzia\u0142anie przeciwutleniaj\u0105ce, reguluje r\u00f3wnowag\u0119 wszystkich narz\u0105d\u00f3w i uk\u0142ad\u00f3w w ciele i jest szeroko stosowany jako pot\u0119\u017cny \u015brodek profilaktyczny, a tak\u017ce skuteczny w przypadkach chor\u00f3b przewlek\u0142ych. Produkt zawiera tylko naturalne sk\u0142adniki, z kordycepsem jako podstaw\u0105, w po\u0142\u0105czeniu z lingzhi, czarnym grzybem, jagodami goji i innymi sk\u0142adnikami.<\/span><\/p>\n","protected":false},"featured_media":286,"template":"","categories":[6,32],"class_list":["post-977","product","type-product","status-publish","has-post-thumbnail","hentry","categories-vse-tovary","categories-dieticheskie-dobavki"],"acf":[],"_links":{"self":[{"href":"https:\/\/mywhieda.com\/pl\/wp-json\/wp\/v2\/product\/977","targetHints":{"allow":["GET"]}}],"collection":[{"href":"https:\/\/mywhieda.com\/pl\/wp-json\/wp\/v2\/product"}],"about":[{"href":"https:\/\/mywhieda.com\/pl\/wp-json\/wp\/v2\/types\/product"}],"wp:featuredmedia":[{"embeddable":true,"href":"https:\/\/mywhieda.com\/pl\/wp-json\/wp\/v2\/media\/286"}],"wp:attachment":[{"href":"https:\/\/mywhieda.com\/pl\/wp-json\/wp\/v2\/media?parent=977"}],"wp:term":[{"taxonomy":"categories","embeddable":true,"href":"https:\/\/mywhieda.com\/pl\/wp-json\/wp\/v2\/categories?post=977"}],"curies":[{"name":"wp","href":"https:\/\/api.w.org\/{rel}","templated":true}]}}