{"id":979,"date":"2025-04-05T17:18:21","date_gmt":"2025-04-05T14:18:21","guid":{"rendered":"https:\/\/mywhieda.com\/?post_type=product&#038;p=979"},"modified":"2025-11-07T16:55:22","modified_gmt":"2025-11-07T13:55:22","slug":"eliksir-sancin-fohou-2-3","status":"publish","type":"product","link":"https:\/\/mywhieda.com\/pl\/product\/eliksir-sancin-fohou-2-3\/","title":{"rendered":"ELIXIR SANQING FOHOW"},"content":{"rendered":"<p><b>Sanqing Fohow Eliksir zosta\u0142 opracowany <\/b><span style=\"font-weight: 400;\">przez Centrum Bada\u0144 Naukowych Korporacji FoHerb, w oparciu o zasady tradycyjnej medycyny chi\u0144skiej oraz z wykorzystaniem unikalnej technologii ekstrakcji w niskiej temperaturze i technologii subnanometrycznego niszczenia \u015bcian kom\u00f3rkowych.\u00a0<\/span><\/p>\n<p><span style=\"font-weight: 400;\">Eliksir \u201eSanqing Phoenix\u201d jest najbardziej skutecznym produktem oczyszczaj\u0105cym w Chinach. Jest to naturalny produkt, kt\u00f3ry oczyszcza organizm bez jego wyczerpania.\u00a0<\/span><\/p>\n<p><span style=\"font-weight: 400;\">Czyszczenie jelit, eliminacja toksyn, oczyszczenie krwi z t\u0142uszcz\u00f3w, lekko\u015b\u0107 w ciele! Po 2-3 kursach stosowania funkcje przewodu pokarmowego wyra\u017anie si\u0119 poprawiaj\u0105, szorstka sk\u00f3ra z powodu nagromadzenia toksyn staje si\u0119 g\u0142adka, ton sk\u00f3ry staje si\u0119 r\u00f3\u017cowy, stopniowo znikaj\u0105 plamy, tr\u0105dzik, wysypki, a nie\u015bwie\u017cy oddech zostaje znormalizowany.\u00a0<\/span><\/p>\n<p><span style=\"font-weight: 400;\">Eliksir Sanqing Fohow nie zawiera sk\u0142adnik\u00f3w chemicznych ani hormonalnych i jest czystym, naturalnym produktem zdrowotnym.<\/span><\/p>\n","protected":false},"featured_media":285,"template":"","categories":[6,32],"class_list":["post-979","product","type-product","status-publish","has-post-thumbnail","hentry","categories-vse-tovary","categories-dieticheskie-dobavki"],"acf":[],"_links":{"self":[{"href":"https:\/\/mywhieda.com\/pl\/wp-json\/wp\/v2\/product\/979","targetHints":{"allow":["GET"]}}],"collection":[{"href":"https:\/\/mywhieda.com\/pl\/wp-json\/wp\/v2\/product"}],"about":[{"href":"https:\/\/mywhieda.com\/pl\/wp-json\/wp\/v2\/types\/product"}],"wp:featuredmedia":[{"embeddable":true,"href":"https:\/\/mywhieda.com\/pl\/wp-json\/wp\/v2\/media\/285"}],"wp:attachment":[{"href":"https:\/\/mywhieda.com\/pl\/wp-json\/wp\/v2\/media?parent=979"}],"wp:term":[{"taxonomy":"categories","embeddable":true,"href":"https:\/\/mywhieda.com\/pl\/wp-json\/wp\/v2\/categories?post=979"}],"curies":[{"name":"wp","href":"https:\/\/api.w.org\/{rel}","templated":true}]}}