{"id":981,"date":"2025-04-05T17:22:24","date_gmt":"2025-04-05T14:22:24","guid":{"rendered":"https:\/\/mywhieda.com\/?post_type=product&#038;p=981"},"modified":"2025-12-27T20:38:22","modified_gmt":"2025-12-27T17:38:22","slug":"eliksir-3-dragocennosti-fohou-2-3","status":"publish","type":"product","link":"https:\/\/mywhieda.com\/pl\/product\/eliksir-3-dragocennosti-fohou-2-3\/","title":{"rendered":"3 JEWEL ELIXIR"},"content":{"rendered":"<p><b>Elixir 3 JEWELS<\/b><span style=\"font-weight: 400;\"> powsta\u0142 na bazie koncentratu Elixir Fohow z dodatkiem ekstraktu z czarnej mr\u00f3wki, oczyszczonego przy u\u017cyciu zaawansowanych technologii.<\/span><\/p>\n<p><span style=\"font-weight: 400;\">Elixir 3 Jewels Fohow jest produkowany przy u\u017cyciu technologii ekstrakcji w niskiej temperaturze i technologii subnanometrycznego rozbijania \u015bcian kom\u00f3rkowych, co pozwala w pe\u0142ni zachowa\u0107 aktywne sk\u0142adniki od\u017cywcze i \u0142atwo wch\u0142ania\u0107 je przez organizm. Elixir 3 Jewels sk\u0142ada si\u0119 z naturalnych sk\u0142adnik\u00f3w i nie zawiera \u017cadnych dodatk\u00f3w chemicznych ani hormonalnych.<\/span><\/p>\n<p><b>Sk\u0142ad Elixir 3 Jewels Fohow:<\/b><\/p>\n<p><span style=\"font-weight: 400;\">Ekstrakt z Cordyceps, zarodniki Reishi, ekstrakt z grzyb\u00f3w Shiitake, ekstrakt z czarnej mr\u00f3wki, mi\u00f3d, woda.<\/span><\/p>\n<p>&nbsp;<\/p>\n<h3><b>Zastosowanie Elixir 3 Jewels Fohow:<\/b><\/h3>\n","protected":false},"featured_media":284,"template":"","categories":[6,32],"class_list":["post-981","product","type-product","status-publish","has-post-thumbnail","hentry","categories-vse-tovary","categories-dieticheskie-dobavki"],"acf":[],"_links":{"self":[{"href":"https:\/\/mywhieda.com\/pl\/wp-json\/wp\/v2\/product\/981","targetHints":{"allow":["GET"]}}],"collection":[{"href":"https:\/\/mywhieda.com\/pl\/wp-json\/wp\/v2\/product"}],"about":[{"href":"https:\/\/mywhieda.com\/pl\/wp-json\/wp\/v2\/types\/product"}],"wp:featuredmedia":[{"embeddable":true,"href":"https:\/\/mywhieda.com\/pl\/wp-json\/wp\/v2\/media\/284"}],"wp:attachment":[{"href":"https:\/\/mywhieda.com\/pl\/wp-json\/wp\/v2\/media?parent=981"}],"wp:term":[{"taxonomy":"categories","embeddable":true,"href":"https:\/\/mywhieda.com\/pl\/wp-json\/wp\/v2\/categories?post=981"}],"curies":[{"name":"wp","href":"https:\/\/api.w.org\/{rel}","templated":true}]}}