{"id":983,"date":"2025-04-05T17:36:09","date_gmt":"2025-04-05T14:36:09","guid":{"rendered":"https:\/\/mywhieda.com\/?post_type=product&#038;p=983"},"modified":"2025-04-06T16:30:56","modified_gmt":"2025-04-06T13:30:56","slug":"pasta-roza-fohou-2-3","status":"publish","type":"product","link":"https:\/\/mywhieda.com\/pl\/product\/pasta-roza-fohou-2-3\/","title":{"rendered":"Rosa Fohow"},"content":{"rendered":"<p><b>Rosa Fohow <\/b><span style=\"font-weight: 400;\">zawiera oligosacharydy wyekstrahowane z naturalnych ro\u015blin, kt\u00f3re nie s\u0105 rozk\u0142adane w g\u00f3rnych odcinkach przewodu pokarmowego. Dzi\u0119ki temu po\u017cyteczne bakterie namna\u017caj\u0105 si\u0119 10-100 razy szybciej, podczas gdy rozw\u00f3j szkodliwych bakterii jest hamowany. Produkt ma posta\u0107 pasty o przyjemnym zapachu i smaku i nadaje si\u0119 do codziennego stosowania.<\/span><\/p>\n<p>&nbsp;<\/p>\n<h3><b>Wskazania do stosowania Rosa Fohow<\/b><\/h3>\n<p>&nbsp;<\/p>\n<ul>\n<li style=\"font-weight: 400;\" aria-level=\"1\"><span style=\"font-weight: 400;\">Doskonale sprawdza si\u0119 w przypadku zatru\u0107, skutecznie eliminuje dysbakterioz\u0119 i oczyszcza w\u0105trob\u0119.<\/span><\/li>\n<li style=\"font-weight: 400;\" aria-level=\"1\"><span style=\"font-weight: 400;\">Eliminuje nie\u015bwie\u017cy oddech, mo\u017ce by\u0107 stosowany jako substytut cukru i poprawia koloryt sk\u00f3ry.<\/span><\/li>\n<li style=\"font-weight: 400;\" aria-level=\"1\"><span style=\"font-weight: 400;\">\u0141agodzi syndrom \u201echronicznego zm\u0119czenia\u201d, przywraca mikroflor\u0119 jelitow\u0105 i zmniejsza poziom t\u0142uszczu.<\/span><\/li>\n<li style=\"font-weight: 400;\" aria-level=\"1\"><span style=\"font-weight: 400;\">Oczyszcza wszystkie narz\u0105dy i uk\u0142ady organizmu, ma korzystny wp\u0142yw na alergie i dzia\u0142a odtruwaj\u0105co.<\/span><\/li>\n<\/ul>\n<h3><\/h3>\n<h3><b>W\u0142a\u015bciwo\u015bci Rosa Fohow<\/b><\/h3>\n<p>&nbsp;<\/p>\n<ol>\n<li style=\"font-weight: 400;\" aria-level=\"1\"><span style=\"font-weight: 400;\">Ekstrakt z kwiat\u00f3w r\u00f3\u017cy zawarty w tym produkcie ma dzia\u0142anie oczyszczaj\u0105ce w\u0105trob\u0119 i og\u00f3lne korzy\u015bci kosmetyczne.<\/span><\/li>\n<li style=\"font-weight: 400;\" aria-level=\"1\"><span style=\"font-weight: 400;\">Pomaga w dysbakteriozie: zwi\u0119ksza ilo\u015b\u0107 korzystnej mikroflory jelitowej i stabilizuje funkcje przewodu pokarmowego (GIT).<\/span><\/li>\n<li style=\"font-weight: 400;\" aria-level=\"1\"><span style=\"font-weight: 400;\">Reguluje wydzielanie sok\u00f3w trawiennych, aktywuje trawienie i wch\u0142anianie w przewodzie pokarmowym i jest przydatny w przypadku biegunki.<\/span><\/li>\n<li style=\"font-weight: 400;\" aria-level=\"1\"><span style=\"font-weight: 400;\">Zachowuje m\u0142odo\u015b\u0107 jelit.<\/span><\/li>\n<li style=\"font-weight: 400;\" aria-level=\"1\"><span style=\"font-weight: 400;\">Wzmacnia uk\u0142ad odporno\u015bciowy, zwi\u0119ksza syntez\u0119 witamin i poprawia wch\u0142anianie minera\u0142\u00f3w.<\/span><\/li>\n<li style=\"font-weight: 400;\" aria-level=\"1\"><span style=\"font-weight: 400;\">Op\u00f3\u017ania starzenie si\u0119 organizmu.<\/span><\/li>\n<li style=\"font-weight: 400;\" aria-level=\"1\"><span style=\"font-weight: 400;\">Ma widoczny efekt kosmetyczny.<\/span><\/li>\n<li style=\"font-weight: 400;\" aria-level=\"1\"><span style=\"font-weight: 400;\">Pomaga zwalcza\u0107 alergie i zwi\u0105zane z wiekiem zwiotczenie mi\u0119\u015bni oraz stymuluje rozk\u0142ad i metabolizm melaniny, poprawiaj\u0105c elastyczno\u015b\u0107 i zdrowie sk\u00f3ry.<\/span><\/li>\n<li style=\"font-weight: 400;\" aria-level=\"1\"><span style=\"font-weight: 400;\">Jest stosowany w celu eliminacji toksyn, leczenia zapar\u0107 i promowania utraty wagi, a tak\u017ce eliminacji nieprzyjemnego zapachu cia\u0142a i ust.<\/span><\/li>\n<li style=\"font-weight: 400;\" aria-level=\"1\"><span style=\"font-weight: 400;\">Zapobiega oty\u0142o\u015bci.<\/span><\/li>\n<\/ol>\n<p>&nbsp;<\/p>\n<p><b>Zalecenia<\/b><\/p>\n<p><span style=\"font-weight: 400;\">Pasta owocowa \u201eRosa Fohou\u201d jest odpowiednia dla wszystkich grup os\u00f3b bez ogranicze\u0144. Mo\u017ce by\u0107 stosowana jako zamiennik cukru w codziennej diecie. Jest niezast\u0105pionym zdrowym produktem spo\u017cywczym dla dzieci i os\u00f3b starszych.<\/span><\/p>\n<p><span style=\"font-weight: 400;\">Mo\u017ce by\u0107 spo\u017cywana bezpo\u015brednio, rozsmarowywana na chlebie lub mieszana z herbat\u0105.<\/span><\/p>\n<p><strong>Sk\u0142ad<\/strong><\/p>\n<ul>\n<li style=\"font-weight: 400;\" aria-level=\"1\"><span style=\"font-weight: 400;\">Ekstrakt z kwiat\u00f3w r\u00f3\u017cy.<\/span><\/li>\n<li style=\"font-weight: 400;\" aria-level=\"1\"><span style=\"font-weight: 400;\">Oligosacharydy.<\/span><\/li>\n<li style=\"font-weight: 400;\" aria-level=\"1\"><span style=\"font-weight: 400;\">Stachioza.<\/span><\/li>\n<\/ul>\n","protected":false},"featured_media":292,"template":"","categories":[6,32],"class_list":["post-983","product","type-product","status-publish","has-post-thumbnail","hentry","categories-vse-tovary","categories-dieticheskie-dobavki"],"acf":[],"_links":{"self":[{"href":"https:\/\/mywhieda.com\/pl\/wp-json\/wp\/v2\/product\/983","targetHints":{"allow":["GET"]}}],"collection":[{"href":"https:\/\/mywhieda.com\/pl\/wp-json\/wp\/v2\/product"}],"about":[{"href":"https:\/\/mywhieda.com\/pl\/wp-json\/wp\/v2\/types\/product"}],"wp:featuredmedia":[{"embeddable":true,"href":"https:\/\/mywhieda.com\/pl\/wp-json\/wp\/v2\/media\/292"}],"wp:attachment":[{"href":"https:\/\/mywhieda.com\/pl\/wp-json\/wp\/v2\/media?parent=983"}],"wp:term":[{"taxonomy":"categories","embeddable":true,"href":"https:\/\/mywhieda.com\/pl\/wp-json\/wp\/v2\/categories?post=983"}],"curies":[{"name":"wp","href":"https:\/\/api.w.org\/{rel}","templated":true}]}}