{"id":985,"date":"2025-04-05T17:43:28","date_gmt":"2025-04-05T14:43:28","guid":{"rendered":"https:\/\/mywhieda.com\/?post_type=product&#038;p=985"},"modified":"2025-04-06T16:31:17","modified_gmt":"2025-04-06T13:31:17","slug":"kapsuly-syuechinfu-3-3","status":"publish","type":"product","link":"https:\/\/mywhieda.com\/pl\/product\/kapsuly-syuechinfu-3-3\/","title":{"rendered":"KAPSU\u0141KI XUECHINFU"},"content":{"rendered":"<p><span style=\"font-weight: 400;\">Kapsu\u0142ki \u201eXuechinfu\u201d to ca\u0142kowicie naturalny produkt przeznaczony do utrzymania czystych i zdrowych naczy\u0144 krwiono\u015bnych. Suplement ten zapobiega chorobom uk\u0142adu kr\u0105\u017cenia i zwi\u0119ksza witalno\u015b\u0107. Jego stosowanie pomaga skutecznie rozpuszcza\u0107 zakrzepy, oczyszcza\u0107 krew z toksyn i utrzymywa\u0107 prawid\u0142owe funkcjonowanie naczy\u0144 w\u0142osowatych.<\/span><\/p>\n<h3><\/h3>\n<h3><b>Zastosowanie kapsu\u0142ek \u201eXuechinfu\u201d<\/b><\/h3>\n<p>&nbsp;<\/p>\n<ol>\n<li><b> Dzia\u0142anie trombolityczne<\/b><\/li>\n<\/ol>\n<p><span style=\"font-weight: 400;\">Ekstrakt z Natto ma silne dzia\u0142anie trombolityczne: rozpuszcza ju\u017c utworzone skrzepliny, zapobiega agregacji p\u0142ytek krwi i tworzeniu si\u0119 nowych skrzeplin oraz przywraca przep\u0142yw krwi. Jest skutecznym \u015brodkiem wspomagaj\u0105cym leczenie chor\u00f3b sercowo-naczyniowych i m\u00f3zgowo-naczyniowych.<\/span><\/p>\n<ol start=\"2\">\n<li><b> zmi\u0119kczanie naczy\u0144 krwiono\u015bnych<\/b><\/li>\n<\/ol>\n<p><span style=\"font-weight: 400;\">Ekstrakt z pestek winogron, kt\u00f3ry zawiera proantocyjanidyny (OPC), jest wysoce skutecznym przeciwutleniaczem. Jego aktywno\u015b\u0107 jest 50 razy wi\u0119ksza ni\u017c witaminy E i 20 razy wi\u0119ksza ni\u017c witaminy C. Zapobiega utlenianiu kom\u00f3rek, co pomaga utrzyma\u0107 elastyczno\u015b\u0107 naczy\u0144 krwiono\u015bnych i zmniejsza ich krucho\u015b\u0107.<\/span><\/p>\n<ol start=\"3\">\n<li><b> Redukcja trzech kluczowych wska\u017anik\u00f3w<\/b><\/li>\n<\/ol>\n<p><span style=\"font-weight: 400;\">Ekstrakt z Gynostemma pentaphyllum pomaga obni\u017cy\u0107 ci\u015bnienie krwi, poziom lipid\u00f3w i cukru we krwi. Ma r\u00f3wnie\u017c w\u0142a\u015bciwo\u015bci trombolityczne, kt\u00f3re przywracaj\u0105 elastyczno\u015b\u0107 naczy\u0144 krwiono\u015bnych i zapobiegaj\u0105 ich starzeniu si\u0119.<\/span><\/p>\n<p>&nbsp;<\/p>\n<h3><b>Sk\u0142ad kapsu\u0142ek \u201eXuechinfu\u201d<\/b><\/h3>\n<p>&nbsp;<\/p>\n<p><span style=\"font-weight: 400;\">Produkt zawiera natto (japo\u0144sk\u0105 sfermentowan\u0105 \u017cywno\u015b\u0107 na bazie soi), ekstrakt z pestek winogron i ekstrakt z Gynostemma pentaphyllum.<\/span><\/p>\n<p><span style=\"font-weight: 400;\">G\u0142\u00f3wnym sk\u0142adnikiem jest nattokinaza, enzym obecny w sfermentowanych ziarnach soi. Nattokinaza poprawia p\u0142ynno\u015b\u0107 krwi i przep\u0142yw krwi, dzia\u0142aj\u0105c jako naturalna alternatywa dla aspiryny w zapobieganiu i leczeniu chor\u00f3b uk\u0142adu kr\u0105\u017cenia.<\/span><\/p>\n<p>&nbsp;<\/p>\n<h3><b>G\u0142\u00f3wne korzy\u015bci<\/b><\/h3>\n<p>&nbsp;<\/p>\n<ul>\n<li style=\"font-weight: 400;\" aria-level=\"1\"><b>Wzmocnienie naczy\u0144 krwiono\u015bnych.<\/b><\/li>\n<li style=\"font-weight: 400;\" aria-level=\"1\"><b>Zmniejszenie lepko\u015bci limfy.<\/b><\/li>\n<li style=\"font-weight: 400;\" aria-level=\"1\"><b>Lepsze dostarczanie tlenu do tkanek.<\/b><\/li>\n<li style=\"font-weight: 400;\" aria-level=\"1\"><b>Zwi\u0119kszona g\u0119sto\u015b\u0107 ko\u015bci.<\/b><\/li>\n<li style=\"font-weight: 400;\" aria-level=\"1\"><b>\u0141agodzenie b\u00f3lu staw\u00f3w i mi\u0119\u015bni.<\/b><\/li>\n<li style=\"font-weight: 400;\" aria-level=\"1\"><b>Wsparcie dla funkcji wzrokowych.<\/b><\/li>\n<li style=\"font-weight: 400;\" aria-level=\"1\"><b>Eliminacja toksyn z organizmu.<\/b><\/li>\n<\/ul>\n<h3><\/h3>\n<h3><b>Wskazania do stosowania:<\/b><\/h3>\n<p>&nbsp;<\/p>\n<ul>\n<li style=\"font-weight: 400;\" aria-level=\"1\"><span style=\"font-weight: 400;\">Podwy\u017cszony poziom cholesterolu we krwi.<\/span><\/li>\n<li style=\"font-weight: 400;\" aria-level=\"1\"><span style=\"font-weight: 400;\">Choroba niedokrwienna serca.<\/span><\/li>\n<li style=\"font-weight: 400;\" aria-level=\"1\"><span style=\"font-weight: 400;\">Wysokie ci\u015bnienie krwi.<\/span><\/li>\n<li style=\"font-weight: 400;\" aria-level=\"1\"><span style=\"font-weight: 400;\">Cukrzyca.<\/span><\/li>\n<li style=\"font-weight: 400;\" aria-level=\"1\"><span style=\"font-weight: 400;\">Zaburzenia pami\u0119ci zwi\u0105zane z wiekiem.<\/span><\/li>\n<li style=\"font-weight: 400;\" aria-level=\"1\"><span style=\"font-weight: 400;\">zm\u0119czenie mi\u0119\u015bni lub b\u00f3l n\u00f3g podczas chodzenia<\/span><\/li>\n<li style=\"font-weight: 400;\" aria-level=\"1\"><span style=\"font-weight: 400;\">dr\u0119twienie lub mrowienie w d\u0142oniach i stopach<\/span><\/li>\n<li style=\"font-weight: 400;\" aria-level=\"1\"><span style=\"font-weight: 400;\">wolno goj\u0105ce si\u0119 rany<\/span><\/li>\n<li style=\"font-weight: 400;\" aria-level=\"1\"><span style=\"font-weight: 400;\">Choroby onkologiczne.<\/span><\/li>\n<\/ul>\n<p>&nbsp;<\/p>\n<p><b>\u015arodki ostro\u017cno\u015bci i przeciwwskazania:<\/b><\/p>\n<ul>\n<li style=\"font-weight: 400;\" aria-level=\"1\"><span style=\"font-weight: 400;\">Indywidualna nietolerancja sk\u0142adnik\u00f3w.<\/span><\/li>\n<li style=\"font-weight: 400;\" aria-level=\"1\"><span style=\"font-weight: 400;\">Ci\u0105\u017ca i laktacja.<\/span><\/li>\n<li style=\"font-weight: 400;\" aria-level=\"1\"><span style=\"font-weight: 400;\">Jednoczesne stosowanie z lekami przeciwzakrzepowymi.<\/span><\/li>\n<\/ul>\n<p><b>Forma prezentacji:<\/b><\/p>\n<ul>\n<li style=\"font-weight: 400;\" aria-level=\"1\"><span style=\"font-weight: 400;\">120 kapsu\u0142ek po 450 mg (masa netto: 54 g).<\/span><\/li>\n<li style=\"font-weight: 400;\" aria-level=\"1\"><span style=\"font-weight: 400;\">Zalecana dawka: 1-2 kapsu\u0142ki dwa razy dziennie, popijaj\u0105c ciep\u0142\u0105 wod\u0105.<\/span><\/li>\n<\/ul>\n<p><b>FOHERB Bia\u0142ko pe\u0142noziarniste w proszku<\/b><\/p>\n<p><span style=\"font-weight: 400;\">Ten opatentowany suplement diety, bogaty w bia\u0142ko i o niskiej zawarto\u015bci t\u0142uszczu i kalorii, jest dodatkowym \u017ar\u00f3d\u0142em po\u017cywienia przeznaczonym do promowania utraty wagi bez utraty masy mi\u0119\u015bniowej.<\/span><\/p>\n<p><b>Sk\u0142ad bia\u0142ka w proszku:<\/b><b><br \/>\n<\/b><span style=\"font-weight: 400;\">Zawiera bia\u0142ko serwatkowe, izolat bia\u0142ka sojowego i bia\u0142ko ro\u015blinne. Zawiera r\u00f3wnie\u017c pi\u0119\u0107 \u017ar\u00f3de\u0142 b\u0142onnika pokarmowego: inulin\u0119, fruktooligosacharydy, \u0142usk\u0119 psyllium, m\u0105k\u0119 kukurydzian\u0105 i m\u0105k\u0119 owsian\u0105, kt\u00f3re pomagaj\u0105 normalizowa\u0107 mikroflor\u0119 jelitow\u0105 i przed\u0142u\u017caj\u0105 uczucie syto\u015bci.<\/span><\/p>\n<p><b>Korzy\u015bci:<\/b><\/p>\n<ul>\n<li style=\"font-weight: 400;\" aria-level=\"1\"><span style=\"font-weight: 400;\">Poprawia zdrowie jelit.<\/span><\/li>\n<li style=\"font-weight: 400;\" aria-level=\"1\"><span style=\"font-weight: 400;\">Pomaga zredukowa\u0107 tkank\u0119 t\u0142uszczow\u0105 bez utraty masy mi\u0119\u015bniowej.<\/span><\/li>\n<li style=\"font-weight: 400;\" aria-level=\"1\"><span style=\"font-weight: 400;\">Zapewnia szybko wch\u0142aniane sk\u0142adniki od\u017cywcze dzi\u0119ki opatentowanej technologii.<\/span><\/li>\n<\/ul>\n<p><b>Uwaga:<\/b><span style=\"font-weight: 400;\">Ten produkt nale\u017cy do kategorii dietetycznych i sportowych \u015brodk\u00f3w od\u017cywczych, opracowanych zgodnie z nowoczesnymi zasadami naukowymi.<\/span><\/p>\n","protected":false},"featured_media":271,"template":"","categories":[6,32],"class_list":["post-985","product","type-product","status-publish","has-post-thumbnail","hentry","categories-vse-tovary","categories-dieticheskie-dobavki"],"acf":[],"_links":{"self":[{"href":"https:\/\/mywhieda.com\/pl\/wp-json\/wp\/v2\/product\/985","targetHints":{"allow":["GET"]}}],"collection":[{"href":"https:\/\/mywhieda.com\/pl\/wp-json\/wp\/v2\/product"}],"about":[{"href":"https:\/\/mywhieda.com\/pl\/wp-json\/wp\/v2\/types\/product"}],"wp:featuredmedia":[{"embeddable":true,"href":"https:\/\/mywhieda.com\/pl\/wp-json\/wp\/v2\/media\/271"}],"wp:attachment":[{"href":"https:\/\/mywhieda.com\/pl\/wp-json\/wp\/v2\/media?parent=985"}],"wp:term":[{"taxonomy":"categories","embeddable":true,"href":"https:\/\/mywhieda.com\/pl\/wp-json\/wp\/v2\/categories?post=985"}],"curies":[{"name":"wp","href":"https:\/\/api.w.org\/{rel}","templated":true}]}}