{"id":987,"date":"2025-04-05T17:52:26","date_gmt":"2025-04-05T14:52:26","guid":{"rendered":"https:\/\/mywhieda.com\/?post_type=product&#038;p=987"},"modified":"2025-12-27T20:37:39","modified_gmt":"2025-12-27T17:37:39","slug":"kompleksnyy-belkovyy-protein-ot-foherb-2-3","status":"publish","type":"product","link":"https:\/\/mywhieda.com\/pl\/product\/kompleksnyy-belkovyy-protein-ot-foherb-2-3\/","title":{"rendered":"Bia\u0142ko FoHerb"},"content":{"rendered":"<p><span style=\"font-weight: 400;\">Jest to opatentowana karma o wysokiej zawarto\u015bci bia\u0142ka, niskiej zawarto\u015bci t\u0142uszczu i kalorii. Jest stosowany jako dodatkowe \u017ar\u00f3d\u0142o po\u017cywienia. Wspomaga odchudzanie bez utraty masy mi\u0119\u015bniowej.<\/span><\/p>\n<p><span style=\"font-weight: 400;\">Wsp\u00f3\u0142cze\u015bni ludzie przywi\u0105zuj\u0105 du\u017c\u0105 wag\u0119 do \u017cywienia dietetycznego. Zmniejszaj\u0105ce si\u0119 bezpiecze\u0144stwo \u017cywno\u015bci doprowadzi\u0142o do spo\u017cycia du\u017cej liczby toksyn chemicznych, kt\u00f3re zagra\u017caj\u0105 zdrowiu ludzkiemu. Ponadto istnieje problem braku r\u00f3wnowagi, braku integralno\u015bci i przejadania si\u0119, co prowadzi do problem\u00f3w w organizmie.<\/span><\/p>\n<p>&nbsp;<\/p>\n<h3><b>Sk\u0142ad bia\u0142kowy<\/b><\/h3>\n<p>&nbsp;<\/p>\n<p><span style=\"font-weight: 400;\">Z\u0142o\u017cone bia\u0142ko FOHERB zawiera unikalne i opatentowane sk\u0142adniki funkcjonalne, kt\u00f3re nadaj\u0105 produktowi w\u0142a\u015bciwo\u015bci prozdrowotne, a tak\u017ce zast\u0119puj\u0105 posi\u0142ek. Jednocze\u015bnie zawiera z\u0142o\u017cone sk\u0142adniki bia\u0142kowe i inne niezb\u0119dne sk\u0142adniki od\u017cywcze.<\/span><\/p>\n<p><span style=\"font-weight: 400;\">Kompleksowe bia\u0142ko zawiera bia\u0142ko serwatkowe, izolat bia\u0142ka sojowego i bia\u0142ko ro\u015blinne w proszku. S\u0105 one wytwarzane przy u\u017cyciu opatentowanej technologii, s\u0105 bogate w sk\u0142adniki od\u017cywcze i s\u0105 \u0142atwo wch\u0142aniane przez organizm. Jednocze\u015bnie produkt ten nale\u017cy do kategorii od\u017cywek specjalnych i sportowych, a jego formu\u0142a zosta\u0142a opracowana z naukowym podej\u015bciem. Chroni jelita i przed\u0142u\u017ca uczucie syto\u015bci.<\/span><\/p>\n<p><span style=\"font-weight: 400;\">Kompleks bia\u0142kowy zawiera 5 \u017ar\u00f3de\u0142 b\u0142onnika pokarmowego: inulin\u0119, fruktooligosacharydy, sproszkowan\u0105 \u0142usk\u0119 psyllium, m\u0105k\u0119 kukurydzian\u0105 i m\u0105k\u0119 owsian\u0105. Normalizuje mikrobiot\u0119 jelitow\u0105 i zapewnia d\u0142ugotrwa\u0142e uczucie syto\u015bci.<\/span><\/p>\n<p><span style=\"font-weight: 400;\">Dzi\u0119ki opatentowanej technologii sk\u0142adniki od\u017cywcze s\u0105 szybko wch\u0142aniane i zaczynaj\u0105 dzia\u0142a\u0107, zapewniaj\u0105c organizmowi wysoki poziom b\u0142onnika. Niska kaloryczno\u015b\u0107 i wysoka zawarto\u015b\u0107 bia\u0142ka pozwala na szybk\u0105 redukcj\u0119 tkanki t\u0142uszczowej bez zmniejszania masy mi\u0119\u015bniowej.<\/span><\/p>\n","protected":false},"featured_media":275,"template":"","categories":[6,32],"class_list":["post-987","product","type-product","status-publish","has-post-thumbnail","hentry","categories-vse-tovary","categories-dieticheskie-dobavki"],"acf":[],"_links":{"self":[{"href":"https:\/\/mywhieda.com\/pl\/wp-json\/wp\/v2\/product\/987","targetHints":{"allow":["GET"]}}],"collection":[{"href":"https:\/\/mywhieda.com\/pl\/wp-json\/wp\/v2\/product"}],"about":[{"href":"https:\/\/mywhieda.com\/pl\/wp-json\/wp\/v2\/types\/product"}],"wp:featuredmedia":[{"embeddable":true,"href":"https:\/\/mywhieda.com\/pl\/wp-json\/wp\/v2\/media\/275"}],"wp:attachment":[{"href":"https:\/\/mywhieda.com\/pl\/wp-json\/wp\/v2\/media?parent=987"}],"wp:term":[{"taxonomy":"categories","embeddable":true,"href":"https:\/\/mywhieda.com\/pl\/wp-json\/wp\/v2\/categories?post=987"}],"curies":[{"name":"wp","href":"https:\/\/api.w.org\/{rel}","templated":true}]}}