{"id":989,"date":"2025-04-05T17:54:51","date_gmt":"2025-04-05T14:54:51","guid":{"rendered":"https:\/\/mywhieda.com\/?post_type=product&#038;p=989"},"modified":"2025-11-27T22:08:08","modified_gmt":"2025-11-27T19:08:08","slug":"nizkomolekulyarnyy-soevyy-peptid-2-2","status":"publish","type":"product","link":"https:\/\/mywhieda.com\/pl\/product\/nizkomolekulyarnyy-soevyy-peptid-2-2\/","title":{"rendered":"Peptydy sojowe o niskiej masie cz\u0105steczkowej"},"content":{"rendered":"<p><span style=\"font-weight: 400;\">Peptydy (zwane r\u00f3wnie\u017c bia\u0142kami) s\u0105 g\u0142\u00f3wnym materia\u0142em budulcowym wszystkich kom\u00f3rek naszego cia\u0142a. Dlatego wa\u017cne jest regularne ich spo\u017cywanie.<\/span><\/p>\n<h3><b>Czym s\u0105 peptydy sojowe o niskiej masie cz\u0105steczkowej?<\/b><\/h3>\n<p><span style=\"font-weight: 400;\">Peptydy o niskiej masie cz\u0105steczkowej to materia\u0142 budulcowy dla wszystkich kom\u00f3rek organizmu ludzkiego. Wp\u0142ywaj\u0105 na r\u00f3\u017cne obszary organizmu: hormony, centralny uk\u0142ad nerwowy, funkcje seksualne, regeneracj\u0119 i wzrost kom\u00f3rek, kontroluj\u0105c funkcje fizjologiczne narz\u0105d\u00f3w i kom\u00f3rek.<\/span><\/p>\n<h3><b>Do czego s\u0142u\u017c\u0105 peptydy sojowe o niskiej masie cz\u0105steczkowej?<\/b><\/h3>\n<p><span style=\"font-weight: 400;\">W trakcie procesu trawienia dochodzi do rozk\u0142adu du\u017cych cz\u0105steczek bia\u0142ka. Cz\u0119\u015b\u0107 z nich przekszta\u0142ca si\u0119 w aminokwasy, kt\u00f3re w w\u0105trobie syntetyzuj\u0105 peptydy, absorbowane przez organizm ludzki. Bioaktywne peptydy o niskiej masie cz\u0105steczkowej nie wymagaj\u0105 dodatkowego trawienia i s\u0105 bezpo\u015brednio przyswajane przez kom\u00f3rki.<\/span><\/p>\n<p>&nbsp;<\/p>\n","protected":false},"featured_media":306,"template":"","categories":[6,32],"class_list":["post-989","product","type-product","status-publish","has-post-thumbnail","hentry","categories-vse-tovary","categories-dieticheskie-dobavki"],"acf":[],"_links":{"self":[{"href":"https:\/\/mywhieda.com\/pl\/wp-json\/wp\/v2\/product\/989","targetHints":{"allow":["GET"]}}],"collection":[{"href":"https:\/\/mywhieda.com\/pl\/wp-json\/wp\/v2\/product"}],"about":[{"href":"https:\/\/mywhieda.com\/pl\/wp-json\/wp\/v2\/types\/product"}],"wp:featuredmedia":[{"embeddable":true,"href":"https:\/\/mywhieda.com\/pl\/wp-json\/wp\/v2\/media\/306"}],"wp:attachment":[{"href":"https:\/\/mywhieda.com\/pl\/wp-json\/wp\/v2\/media?parent=989"}],"wp:term":[{"taxonomy":"categories","embeddable":true,"href":"https:\/\/mywhieda.com\/pl\/wp-json\/wp\/v2\/categories?post=989"}],"curies":[{"name":"wp","href":"https:\/\/api.w.org\/{rel}","templated":true}]}}