{"id":991,"date":"2025-04-05T18:00:15","date_gmt":"2025-04-05T15:00:15","guid":{"rendered":"https:\/\/mywhieda.com\/?post_type=product&#038;p=991"},"modified":"2025-04-05T18:03:07","modified_gmt":"2025-04-05T15:03:07","slug":"chay-lyuvey-fohou-2-2","status":"publish","type":"product","link":"https:\/\/mywhieda.com\/pl\/product\/chay-lyuvey-fohou-2-2\/","title":{"rendered":"Herbata Liuwei Fohow"},"content":{"rendered":"<p><span style=\"font-weight: 400;\">Naturalna herbata parzona z cennych zi\u00f3\u0142 o w\u0142a\u015bciwo\u015bciach leczniczych.<\/span><\/p>\n<p><span style=\"font-weight: 400;\">Herbata Liuwei Fohow jest wytwarzana wed\u0142ug staro\u017cytnych chi\u0144skich receptur, kt\u00f3re by\u0142y przekazywane z pokolenia na pokolenie. Zawiera sze\u015b\u0107 leczniczych zi\u00f3\u0142: trzyletni\u0105 herbat\u0119 puerh, astragalus, sza\u0142wi\u0119, pi\u0119ciolistny \u017ce\u0144-sze\u0144, chryzantem\u0119 i wiciokrzew japo\u0144ski. Eksperci wybrali najbardziej odpowiednie proporcje wszystkich zi\u00f3\u0142. Ma przyjemny, \u0142agodny i lekko s\u0142odki smak, kt\u00f3remu towarzyszy doskona\u0142y aromat.<\/span><\/p>\n<p><b>Sk\u0142ad<\/b><\/p>\n<ul>\n<li style=\"font-weight: 400;\" aria-level=\"1\"><span style=\"font-weight: 400;\">Herbata puerh<\/span><\/li>\n<li style=\"font-weight: 400;\" aria-level=\"1\"><span style=\"font-weight: 400;\">Astragalus<\/span><\/li>\n<li style=\"font-weight: 400;\" aria-level=\"1\"><span style=\"font-weight: 400;\">Sza\u0142wia<\/span><\/li>\n<li style=\"font-weight: 400;\" aria-level=\"1\"><span style=\"font-weight: 400;\">\u017be\u0144-sze\u0144 pi\u0119ciolistny<\/span><\/li>\n<li style=\"font-weight: 400;\" aria-level=\"1\"><span style=\"font-weight: 400;\">Chryzantema<\/span><\/li>\n<li style=\"font-weight: 400;\" aria-level=\"1\"><span style=\"font-weight: 400;\">Wiciokrzew japo\u0144ski<\/span><\/li>\n<\/ul>\n<p><b>Korzystne w\u0142a\u015bciwo\u015bci herbaty Liuwei<\/b><\/p>\n<ul>\n<li style=\"font-weight: 400;\" aria-level=\"1\"><b>Herbata Puerh:<\/b><span style=\"font-weight: 400;\"> \u0142agodzi b\u00f3l gard\u0142a, poprawia trawienie, wspomaga odchudzanie, obni\u017ca poziom lipid\u00f3w we krwi, eliminuje toksyny i poprawia samopoczucie.<\/span><\/li>\n<li style=\"font-weight: 400;\" aria-level=\"1\"><b>Astragalus:<\/b><span style=\"font-weight: 400;\"> wzmacnia Qi, aby wzmocni\u0107 naturalne mechanizmy obronne organizmu, ma dzia\u0142anie moczop\u0119dne i eliminuje toksyny.<\/span><\/li>\n<li style=\"font-weight: 400;\" aria-level=\"1\"><b>Sza\u0142wia:<\/b><span style=\"font-weight: 400;\"> \u0142agodzi przekrwienie, zmniejsza obrz\u0119k i b\u00f3l.<\/span><\/li>\n<li style=\"font-weight: 400;\" aria-level=\"1\"><b>\u017be\u0144-sze\u0144 pi\u0119ciolistny:<\/b><span style=\"font-weight: 400;\"> zapobiega nowotworom, obni\u017ca poziom lipid\u00f3w we krwi i ma dzia\u0142anie kosmetyczne.<\/span><\/li>\n<li style=\"font-weight: 400;\" aria-level=\"1\"><b>Chryzantema:<\/b><span style=\"font-weight: 400;\"> uspokaja w\u0105trob\u0119, poprawia wzrok i obni\u017ca gor\u0105czk\u0119.<\/span><\/li>\n<li style=\"font-weight: 400;\" aria-level=\"1\"><b>Wiciokrzew:<\/b><span style=\"font-weight: 400;\"> eliminuje gor\u0105czk\u0119, usuwa toksyny, ch\u0142odzi krew i zmniejsza stagnacj\u0119.<\/span><\/li>\n<\/ul>\n<p>&nbsp;<\/p>\n<p><b>Pozytywne skutki regularnego spo\u017cywania herbaty Liuwei<\/b><\/p>\n<ul>\n<li style=\"font-weight: 400;\" aria-level=\"1\"><span style=\"font-weight: 400;\">Poprawia trawienie i kr\u0105\u017cenie krwi.<\/span><\/li>\n<li style=\"font-weight: 400;\" aria-level=\"1\"><span style=\"font-weight: 400;\">Zmniejsza przekrwienie krwi.<\/span><\/li>\n<li style=\"font-weight: 400;\" aria-level=\"1\"><span style=\"font-weight: 400;\">Pomaga wyeliminowa\u0107 gor\u0105czk\u0119.<\/span><\/li>\n<li style=\"font-weight: 400;\" aria-level=\"1\"><span style=\"font-weight: 400;\">Wydala toksyny z organizmu<\/span><\/li>\n<li style=\"font-weight: 400;\" aria-level=\"1\"><span style=\"font-weight: 400;\">Ma dzia\u0142anie kosmetyczne.<\/span><\/li>\n<li style=\"font-weight: 400;\" aria-level=\"1\"><span style=\"font-weight: 400;\">Obni\u017ca ci\u015bnienie krwi i poziom lipid\u00f3w we krwi.<\/span><\/li>\n<li style=\"font-weight: 400;\" aria-level=\"1\"><span style=\"font-weight: 400;\">Ma mi\u0119dzy innymi dzia\u0142anie moczop\u0119dne.<\/span><\/li>\n<\/ul>\n<p><b>Spo\u017cywanie herbaty Liuwei przed i po posi\u0142kach<\/b><\/p>\n<p><span style=\"font-weight: 400;\">W dzisiejszych czasach wiele os\u00f3b spo\u017cywa wysokokaloryczne pokarmy. Je\u015bli podczas posi\u0142k\u00f3w, przed i po, wypijesz kilka \u0142yk\u00f3w herbaty Liuwei, pomo\u017ce to znacznie zmniejszy\u0107 ilo\u015b\u0107 t\u0142uszczu wch\u0142anianego przez organizm. Herbata ta dzia\u0142a jako ochrona przed chorobami uk\u0142adu kr\u0105\u017cenia, chorobami m\u00f3zgu, cukrzyc\u0105 i innymi dolegliwo\u015bciami. Ponadto u\u0142atwia trawienie i wch\u0142anianie pokarmu w \u017co\u0142\u0105dku, zapobiegaj\u0105c gromadzeniu si\u0119 t\u0142uszczu w organizmie i powstawaniu cellulitu.<\/span><\/p>\n<p><span style=\"font-weight: 400;\">Herbata Liuwei Fohow mo\u017ce r\u00f3wnie\u017c \u0142agodzi\u0107 b\u00f3l gard\u0142a u palaczy i zapobiega\u0107 przewlek\u0142emu zapaleniu oskrzeli i chorobom uk\u0142adu oddechowego.<\/span><\/p>\n","protected":false},"featured_media":305,"template":"","categories":[6,32],"class_list":["post-991","product","type-product","status-publish","has-post-thumbnail","hentry","categories-vse-tovary","categories-dieticheskie-dobavki"],"acf":[],"_links":{"self":[{"href":"https:\/\/mywhieda.com\/pl\/wp-json\/wp\/v2\/product\/991","targetHints":{"allow":["GET"]}}],"collection":[{"href":"https:\/\/mywhieda.com\/pl\/wp-json\/wp\/v2\/product"}],"about":[{"href":"https:\/\/mywhieda.com\/pl\/wp-json\/wp\/v2\/types\/product"}],"wp:featuredmedia":[{"embeddable":true,"href":"https:\/\/mywhieda.com\/pl\/wp-json\/wp\/v2\/media\/305"}],"wp:attachment":[{"href":"https:\/\/mywhieda.com\/pl\/wp-json\/wp\/v2\/media?parent=991"}],"wp:term":[{"taxonomy":"categories","embeddable":true,"href":"https:\/\/mywhieda.com\/pl\/wp-json\/wp\/v2\/categories?post=991"}],"curies":[{"name":"wp","href":"https:\/\/api.w.org\/{rel}","templated":true}]}}