{"id":993,"date":"2025-04-05T18:03:43","date_gmt":"2025-04-05T15:03:43","guid":{"rendered":"https:\/\/mywhieda.com\/?post_type=product&#038;p=993"},"modified":"2025-04-06T16:32:29","modified_gmt":"2025-04-06T13:32:29","slug":"kapsuly-linchzhi-2-2","status":"publish","type":"product","link":"https:\/\/mywhieda.com\/pl\/product\/kapsuly-linchzhi-2-2\/","title":{"rendered":"Kapsu\u0142ki Lingzhi Fo\u041derb"},"content":{"rendered":"<p><span style=\"font-weight: 400;\">Kapsu\u0142ki Lingzhi znacznie poprawiaj\u0105 kr\u0105\u017cenie krwi w m\u00f3zgu i rdzeniu kr\u0119gowym, u\u0142atwiaj\u0105c lepsze dostarczanie tlenu i sk\u0142adnik\u00f3w od\u017cywczych do kom\u00f3rek nerwowych. Pomagaj\u0105 w pewnym stopniu regenerowa\u0107 uszkodzone kom\u00f3rki m\u00f3zgowe, przywracaj\u0105 po\u0142\u0105czenia mi\u0119dzy nimi i przyspieszaj\u0105 transmisj\u0119 informacji.<\/span><\/p>\n<p><span style=\"font-weight: 400;\">Do ich produkcji wykorzystuje si\u0119 najwy\u017cszej jako\u015bci proszek Lingzhi, znany jako \u201esubstancja umys\u0142u\u201d.\u00a0<\/span><\/p>\n<p><span style=\"font-weight: 400;\">Kapsu\u0142ki Lingzhi zosta\u0142y zaprojektowane z zachowaniem proporcji naukowych i precyzyjnego po\u0142\u0105czenia sk\u0142adnik\u00f3w. Dzi\u0119ki zaawansowanym technologiom produkcji zachowuje si\u0119 jako\u015b\u0107 i w\u0142a\u015bciwo\u015bci wszystkich niezb\u0119dnych sk\u0142adnik\u00f3w. Jest to produkt czysty i naturalny, bez dodatk\u00f3w sztucznych, bezpieczny i bez przeciwwskaza\u0144.\u00a0<\/span><\/p>\n<p><span style=\"font-weight: 400;\">Lingzhi najwy\u017cszej jako\u015bci szybko dostarcza m\u00f3zgowi potrzebne sk\u0142adniki od\u017cywcze, poprawiaj\u0105c jego funkcje i zwi\u0119kszaj\u0105c wydajno\u015b\u0107.<\/span><\/p>\n<p><b>Sk\u0142ad:<\/b><\/p>\n<ul>\n<li aria-level=\"1\"><b>Grzyb Lingzhi (Ganoderma lucidum)<\/b><\/li>\n<\/ul>\n<ul>\n<li aria-level=\"1\"><b>Cordyceps sinensis<\/b><\/li>\n<\/ul>\n<ul>\n<li aria-level=\"1\"><b>Kapsu\u0142ka wykonana z soi<\/b><\/li>\n<\/ul>\n<p><b>G\u0142\u00f3wne funkcje<\/b><\/p>\n<p><span style=\"font-weight: 400;\">Kapsu\u0142ki te s\u0105 skuteczne w leczeniu problem\u00f3w z kr\u0105\u017ceniem krwi w m\u00f3zgu i rdzeniu kr\u0119gowym, nawet po udarach. Ich spo\u017cycie znacznie poprawia nastr\u00f3j i produktywno\u015b\u0107, jest r\u00f3wnie\u017c przydatne dla os\u00f3b, kt\u00f3re chc\u0105 rozwija\u0107 swoj\u0105 pami\u0119\u0107, zwi\u0119ksza\u0107 inteligencj\u0119 i poprawia\u0107 zdolno\u015b\u0107 uczenia si\u0119.<\/span><\/p>\n<ul>\n<li style=\"font-weight: 400;\" aria-level=\"1\"><span style=\"font-weight: 400;\">Przyczyniaj\u0105 si\u0119 do d\u0142ugowieczno\u015bci i spowalniaj\u0105 procesy starzenia.<\/span><\/li>\n<li style=\"font-weight: 400;\" aria-level=\"1\"><span style=\"font-weight: 400;\">\u0141agodz\u0105 stres, redukuj\u0105 zm\u0119czenie i poprawiaj\u0105 sen.<\/span><\/li>\n<li style=\"font-weight: 400;\" aria-level=\"1\"><span style=\"font-weight: 400;\">Spowalniaj\u0105 wzrost guz\u00f3w, reguluj\u0105 ci\u015bnienie krwi i obni\u017caj\u0105 poziom cukru we krwi.<\/span><\/li>\n<li style=\"font-weight: 400;\" aria-level=\"1\"><span style=\"font-weight: 400;\">Oczyszczaj\u0105 i chroni\u0105 w\u0105trob\u0119, przywracaj\u0105 wzrok i wzmacniaj\u0105 serce.<\/span><\/li>\n<\/ul>\n<p><b>Spos\u00f3b u\u017cycia i dawkowanie<\/b><\/p>\n<p><span style=\"font-weight: 400;\">Przyjmowa\u0107 od 2 do 3 kapsu\u0142ek 1 lub 2 razy dziennie, popijaj\u0105c du\u017c\u0105 ilo\u015bci\u0105 wody.\u00a0<\/span><\/p>\n<p><b>Uwaga:<\/b><span style=\"font-weight: 400;\"> Dawka powinna by\u0107 zwi\u0119kszana stopniowo. Zaczyna\u0107 od jednej kapsu\u0142ki dziennie w pierwszym tygodniu, a w razie potrzeby zwi\u0119ksza\u0107 dawk\u0119 o jedn\u0105 kapsu\u0142k\u0119 tygodniowo.<\/span><\/p>\n<p><b>Opakowanie:<\/b><\/p>\n<ul>\n<li style=\"font-weight: 400;\" aria-level=\"1\"><span style=\"font-weight: 400;\">24 kapsu\u0142ki po 0,62 g<\/span><\/li>\n<li style=\"font-weight: 400;\" aria-level=\"1\"><span style=\"font-weight: 400;\">Termin wa\u017cno\u015bci: 24 miesi\u0105ce<\/span><\/li>\n<\/ul>\n<p><b>Warunki przechowywania:<\/b><span style=\"font-weight: 400;\">\u00a0<\/span><\/p>\n<p><span style=\"font-weight: 400;\">Przechowywa\u0107 w suchym, ch\u0142odnym i ciemnym miejscu.<\/span><\/p>\n","protected":false},"featured_media":283,"template":"","categories":[6,32],"class_list":["post-993","product","type-product","status-publish","has-post-thumbnail","hentry","categories-vse-tovary","categories-dieticheskie-dobavki"],"acf":[],"_links":{"self":[{"href":"https:\/\/mywhieda.com\/pl\/wp-json\/wp\/v2\/product\/993","targetHints":{"allow":["GET"]}}],"collection":[{"href":"https:\/\/mywhieda.com\/pl\/wp-json\/wp\/v2\/product"}],"about":[{"href":"https:\/\/mywhieda.com\/pl\/wp-json\/wp\/v2\/types\/product"}],"wp:featuredmedia":[{"embeddable":true,"href":"https:\/\/mywhieda.com\/pl\/wp-json\/wp\/v2\/media\/283"}],"wp:attachment":[{"href":"https:\/\/mywhieda.com\/pl\/wp-json\/wp\/v2\/media?parent=993"}],"wp:term":[{"taxonomy":"categories","embeddable":true,"href":"https:\/\/mywhieda.com\/pl\/wp-json\/wp\/v2\/categories?post=993"}],"curies":[{"name":"wp","href":"https:\/\/api.w.org\/{rel}","templated":true}]}}