{"id":995,"date":"2025-04-05T18:09:05","date_gmt":"2025-04-05T15:09:05","guid":{"rendered":"https:\/\/mywhieda.com\/?post_type=product&#038;p=995"},"modified":"2025-04-05T20:02:50","modified_gmt":"2025-04-05T17:02:50","slug":"nabor-polnoe-vosstanovlenie-organizma-2-2","status":"publish","type":"product","link":"https:\/\/mywhieda.com\/pl\/product\/nabor-polnoe-vosstanovlenie-organizma-2-2\/","title":{"rendered":"Ca\u0142kowita odbudowa organizmu"},"content":{"rendered":"<p><span style=\"font-weight: 400;\">Medycyna chi\u0144ska to staro\u017cytny system zdrowotny, kt\u00f3ry istnieje od tysi\u0119cy lat. Opiera si\u0119 na g\u0142\u0119bokim zrozumieniu tego, jak dzia\u0142a ludzkie cia\u0142o i jak utrzyma\u0107 je w zdrowym stanie. Wsp\u00f3\u0142czesne badania potwierdzi\u0142y skuteczno\u015b\u0107 medycyny chi\u0144skiej. Na przyk\u0142ad akupunktura jest z powodzeniem stosowana w leczeniu przewlek\u0142ego b\u00f3lu, nudno\u015bci, migreny, a nawet depresji. Leki zio\u0142owe pomagaj\u0105 obni\u017cy\u0107 poziom cholesterolu, poprawi\u0107 trawienie, a nawet wzmocni\u0107 uk\u0142ad odporno\u015bciowy.<\/span><\/p>\n<p><span style=\"font-weight: 400;\">W przeciwie\u0144stwie do medycyny zachodniej, kt\u00f3ra koncentruje si\u0119 na zwalczaniu objaw\u00f3w, medycyna chi\u0144ska d\u0105\u017cy do przywr\u00f3cenia r\u00f3wnowagi i harmonii w organizmie. Wyobra\u017amy sobie, \u017ce w naszym ciele p\u0142ynie niewidzialna rzeka: energia \u017cyciowa, znana jako Qi. Energia ta zasila wszystkie narz\u0105dy i uk\u0142ady, utrzymuj\u0105c je w harmonii. Qi przep\u0142ywa przez specjalne kana\u0142y zwane meridianami. Meridiany s\u0105 jak autostrady, wzd\u0142u\u017c kt\u00f3rych energia i informacje podr\u00f3\u017cuj\u0105 do wszystkich kom\u00f3rek naszego cia\u0142a.<\/span><\/p>\n<p><b>Yin i Yang <\/b><span style=\"font-weight: 400;\">to dwa przeciwstawne, ale uzupe\u0142niaj\u0105ce si\u0119 elementy: \u015bwiat\u0142o i cie\u0144, dzie\u0144 i noc, m\u0119ski i \u017ce\u0144ski. W medycynie chi\u0144skiej energie te nazywane s\u0105 Yin i Yang. Yin reprezentuje pasywn\u0105, zimn\u0105 i kobiec\u0105 energi\u0119, podczas gdy Yang jest aktywn\u0105, gor\u0105c\u0105 i m\u0119sk\u0105 energi\u0105. W zdrowym ciele te dwie energie s\u0105 zr\u00f3wnowa\u017cone, ale czasami jedna z nich mo\u017ce dominowa\u0107, naruszaj\u0105c harmoni\u0119.<\/span><\/p>\n<p><span style=\"font-weight: 400;\">Choroba nie jest czym\u015b, z czym nale\u017cy walczy\u0107; jest oznak\u0105 braku r\u00f3wnowagi w organizmie. W medycynie chi\u0144skiej nie istnieje poj\u0119cie \u201echoroba &#8212; dawka leku\u201d. Zamiast tego g\u0142\u00f3wn\u0105 zasad\u0105 jest promowanie zdrowia, zapobieganie i utrzymanie dobrego samopoczucia.<\/span><\/p>\n<p><span style=\"font-weight: 400;\">Wyobra\u017a sobie, \u017ce masz ogr\u00f3d. Je\u015bli nie masz wystarczaj\u0105cej ilo\u015bci wody, ro\u015bliny usychaj\u0105. Aby ponownie rozkwit\u0142y, trzeba je nie tylko podlewa\u0107, ale tak\u017ce stworzy\u0107 odpowiednie warunki: gleb\u0119, \u015bwiat\u0142o i ciep\u0142o. To samo dotyczy naszego cia\u0142a: aby odzyska\u0107 zdrowie, nie wystarczy leczy\u0107 objawy, konieczne jest przywr\u00f3cenie r\u00f3wnowagi mi\u0119dzy Yin i Yang, detoksykacja organizmu i od\u017cywienie go energi\u0105 \u017cyciow\u0105.<\/span><\/p>\n<p><b>Integralne podej\u015bcie w medycynie chi\u0144skiej<\/b><\/p>\n<ol>\n<li style=\"font-weight: 400;\" aria-level=\"1\"><b>Regulacja: <\/b><span style=\"font-weight: 400;\">Po pierwsze, celem jest przywr\u00f3cenie harmonii w organizmie.<\/span><\/li>\n<li style=\"font-weight: 400;\" aria-level=\"1\"><b>Detoksykacja:<\/b><span style=\"font-weight: 400;\"> Nast\u0119pnym krokiem jest wyeliminowanie toksyn i odpad\u00f3w.<\/span><\/li>\n<li style=\"font-weight: 400;\" aria-level=\"1\"><b>Regeneracja: <\/b><span style=\"font-weight: 400;\">Wreszcie, energia jest uzupe\u0142niana, wzmacniaj\u0105c cia\u0142o.<\/span><\/li>\n<\/ol>\n<p><span style=\"font-weight: 400;\">Nasi eksperci w dziedzinie medycyny chi\u0144skiej opracowali kompleksowy program produkt\u00f3w do ca\u0142kowitej odbudowy organizmu, zgodnie z zasadami regulacji, detoksykacji i regeneracji. Zalecamy spo\u017cywanie okre\u015blonych produkt\u00f3w przez 1 miesi\u0105c na ka\u017cdym etapie. W przypadku powa\u017cnych problem\u00f3w zdrowotnych lub chor\u00f3b przewlek\u0142ych ka\u017cdy etap nale\u017cy wyd\u0142u\u017cy\u0107 do 2 miesi\u0119cy. Przed rozpocz\u0119ciem sprawd\u017a przeciwwskazania i w razie potrzeby zasi\u0119gnij porady specjalisty.<\/span><\/p>\n<p><span style=\"font-weight: 400;\">Pami\u0119taj, \u017ce w medycynie chi\u0144skiej nie ma czego\u015b takiego jak \u201echoroba &#8212; lek &#8212; dawka\u201d. Obserwuj, jak twoje cia\u0142o reaguje na produkty, a je\u015bli zauwa\u017cysz popraw\u0119, mo\u017cesz przed\u0142u\u017cy\u0107 ich stosowanie.<\/span><\/p>\n<p>&nbsp;<\/p>\n<h3><b>Og\u00f3lny zarys problem\u00f3w zdrowotnych i utrzymania dobrego samopoczucia<\/b><\/h3>\n<p>&nbsp;<\/p>\n<h4><b>1. Regulacja (1 miesi\u0105c)<\/b><\/h4>\n<ul>\n<li style=\"font-weight: 400;\" aria-level=\"1\"><b>FoHow Elixir<\/b><b><br \/>\n<\/b><span style=\"font-weight: 400;\">Zawiera naturalne substancje niezb\u0119dne do optymalnego funkcjonowania organizmu. Ma silne dzia\u0142anie przeciwutleniaj\u0105ce, reguluje r\u00f3wnowag\u0119 narz\u0105d\u00f3w i uk\u0142ad\u00f3w oraz jest skuteczny jako \u015brodek zapobiegawczy i w przypadku chor\u00f3b przewlek\u0142ych.<\/span><\/li>\n<li style=\"font-weight: 400;\" aria-level=\"1\"><b>Kapsu\u0142ki Lingzhi<\/b><b><br \/>\n<\/b><span style=\"font-weight: 400;\">Poprawiaj\u0105 kr\u0105\u017cenie m\u00f3zgowe i rdzeniowe, wspomagaj\u0105 regeneracj\u0119 kom\u00f3rek, przywracaj\u0105 po\u0142\u0105czenia neuronalne i przyspieszaj\u0105 przekazywanie informacji.<\/span><\/li>\n<li style=\"font-weight: 400;\" aria-level=\"1\"><b>R\u00f3\u017cowa pasta<\/b>\n<ul>\n<li style=\"font-weight: 400;\" aria-level=\"2\"><span style=\"font-weight: 400;\">Skuteczna przeciw zatruciom, poprawia mikrobiot\u0119 jelitow\u0105.<\/span><\/li>\n<li style=\"font-weight: 400;\" aria-level=\"2\"><span style=\"font-weight: 400;\">Eliminuje nieprzyjemne zapachy, mo\u017ce by\u0107 stosowany jako s\u0142odzik.<\/span><\/li>\n<li style=\"font-weight: 400;\" aria-level=\"2\"><span style=\"font-weight: 400;\">Pomaga przy chronicznym zm\u0119czeniu i odtruwa organizm.<\/span><\/li>\n<\/ul>\n<\/li>\n<li style=\"font-weight: 400;\" aria-level=\"1\"><b>Herbata Liu Wei<\/b><b><br \/>\n<\/b><span style=\"font-weight: 400;\">Wykonana z cennych zi\u00f3\u0142 wed\u0142ug staro\u017cytnych receptur, o w\u0142a\u015bciwo\u015bciach leczniczych.<\/span><\/li>\n<\/ul>\n<h4><b>2. Detoksykacja (1 miesi\u0105c)<\/b><\/h4>\n<ul>\n<li style=\"font-weight: 400;\" aria-level=\"1\"><b>Eliksir Sanqing<\/b><b><br \/>\n<\/b><span style=\"font-weight: 400;\">Oczyszcza organizm bez wyczerpania: jelita, krew i toksyny, nadaj\u0105c cia\u0142u lekko\u015b\u0107.<\/span><\/li>\n<li style=\"font-weight: 400;\" aria-level=\"1\"><b>Kapsu\u0142ki Xueqingfu<\/b><b><br \/>\n<\/b><span style=\"font-weight: 400;\">Naturalny produkt, kt\u00f3ry oczyszcza naczynia krwiono\u015bne, zapobiega chorobom uk\u0142adu kr\u0105\u017cenia i poprawia witalno\u015b\u0107.<\/span><\/li>\n<li style=\"font-weight: 400;\" aria-level=\"1\"><b>R\u00f3\u017cowa pasta i herbata Liu Wei<\/b><\/li>\n<\/ul>\n<h4><b>3. Regeneracja (1 miesi\u0105c)<\/b><\/h4>\n<ul>\n<li style=\"font-weight: 400;\" aria-level=\"1\"><b>Eliksir Trzech Skarb\u00f3w<\/b><b><br \/>\n<\/b><span style=\"font-weight: 400;\">Wzmacnia organizm, zalecany osobom cierpi\u0105cym na choroby przewlek\u0142e, reumatyzm, cukrzyc\u0119, wirusowe zapalenie w\u0105troby typu B lub poddawanym leczeniu nowotwor\u00f3w.<\/span><\/li>\n<li style=\"font-weight: 400;\" aria-level=\"1\"><b>Peptydy<\/b><b><br \/>\n<\/b><span style=\"font-weight: 400;\">S\u0105 budulcem kom\u00f3rek. Dzia\u0142aj\u0105 w obszarach takich jak hormony, regeneracja kom\u00f3rek i funkcje fizjologiczne.<\/span><\/li>\n<li style=\"font-weight: 400;\" aria-level=\"1\"><b>R\u00f3\u017cowa pasta i herbata Liu Wei<\/b><\/li>\n<\/ul>\n<p>&nbsp;<\/p>\n<p><b>Aby utrzyma\u0107 dobry stan zdrowia i zapobiega\u0107 chorobom, zaleca si\u0119 powtarzanie tego schematu do 2 razy w roku.<\/b><\/p>\n<p>&nbsp;<\/p>\n","protected":false},"featured_media":273,"template":"","categories":[6,7],"class_list":["post-995","product","type-product","status-publish","has-post-thumbnail","hentry","categories-vse-tovary","categories-nabory"],"acf":[],"_links":{"self":[{"href":"https:\/\/mywhieda.com\/pl\/wp-json\/wp\/v2\/product\/995","targetHints":{"allow":["GET"]}}],"collection":[{"href":"https:\/\/mywhieda.com\/pl\/wp-json\/wp\/v2\/product"}],"about":[{"href":"https:\/\/mywhieda.com\/pl\/wp-json\/wp\/v2\/types\/product"}],"wp:featuredmedia":[{"embeddable":true,"href":"https:\/\/mywhieda.com\/pl\/wp-json\/wp\/v2\/media\/273"}],"wp:attachment":[{"href":"https:\/\/mywhieda.com\/pl\/wp-json\/wp\/v2\/media?parent=995"}],"wp:term":[{"taxonomy":"categories","embeddable":true,"href":"https:\/\/mywhieda.com\/pl\/wp-json\/wp\/v2\/categories?post=995"}],"curies":[{"name":"wp","href":"https:\/\/api.w.org\/{rel}","templated":true}]}}