{"id":997,"date":"2025-04-05T20:03:16","date_gmt":"2025-04-05T17:03:16","guid":{"rendered":"https:\/\/mywhieda.com\/?post_type=product&#038;p=997"},"modified":"2025-04-05T20:08:02","modified_gmt":"2025-04-05T17:08:02","slug":"nabor-vse-dlya-zhenskogo-zdorovya-2-2","status":"publish","type":"product","link":"https:\/\/mywhieda.com\/pl\/product\/nabor-vse-dlya-zhenskogo-zdorovya-2-2\/","title":{"rendered":"Zestaw wszystko dla zdrowia kobiet"},"content":{"rendered":"<p><span style=\"font-weight: 400;\">Twoje zdrowie: klucz do pi\u0119kna i energii.<\/span><\/p>\n<p><span style=\"font-weight: 400;\">My, kobiety, jeste\u015bmy przyzwyczajone do bycia silnymi, radzenia sobie z wieloma zadaniami i nie narzekania na zm\u0119czenie. Ale co je\u015bli ci\u0105g\u0142e zm\u0119czenie, problemy z pami\u0119ci\u0105 i koncentracj\u0105, cz\u0119ste przezi\u0119bienia, b\u00f3le staw\u00f3w czy problemy trawienne nie s\u0105 po prostu \u201esprawami kobiecymi\u201d, lecz sygna\u0142ami nier\u00f3wnowagi w organizmie?<\/span><\/p>\n<p><span style=\"font-weight: 400;\">Tradycyjna medycyna zachodnia koncentruje si\u0119 na zwalczaniu objaw\u00f3w, ale medycyna chi\u0144ska oferuje inne podej\u015bcie. D\u0105\u017cy do przywr\u00f3cenia harmonii i r\u00f3wnowagi w ciele, poniewa\u017c choroba nie jest wrogiem, lecz sygna\u0142em, \u017ce nale\u017cy zwr\u00f3ci\u0107 uwag\u0119.<\/span><\/p>\n<p><b>Jakie objawy mog\u0105 wskazywa\u0107 na problemy ze zdrowiem kobiet?<\/b><\/p>\n<ul>\n<li style=\"font-weight: 400;\" aria-level=\"1\"><span style=\"font-weight: 400;\">Ci\u0105g\u0142e zm\u0119czenie: zesp\u00f3\u0142 przewlek\u0142ego zm\u0119czenia, brak energii nawet po dobrym odpoczynku.<\/span><\/li>\n<li style=\"font-weight: 400;\" aria-level=\"1\"><span style=\"font-weight: 400;\">Problemy z pami\u0119ci\u0105 i koncentracj\u0105: trudno\u015bci w zapami\u0119tywaniu informacji, rozproszenie.<\/span><\/li>\n<li style=\"font-weight: 400;\" aria-level=\"1\"><span style=\"font-weight: 400;\">Przewlek\u0142e zapalenie gard\u0142a: os\u0142abienie g\u0142osu, sucho\u015b\u0107 w gardle, powi\u0119kszone w\u0119z\u0142y ch\u0142onne na szyi.<\/span><\/li>\n<li style=\"font-weight: 400;\" aria-level=\"1\"><span style=\"font-weight: 400;\">B\u00f3le mi\u0119\u015bni i staw\u00f3w: przewlek\u0142e b\u00f3le, sztywno\u015b\u0107 ruch\u00f3w.<\/span><\/li>\n<li style=\"font-weight: 400;\" aria-level=\"1\"><span style=\"font-weight: 400;\">B\u00f3le g\u0142owy: cz\u0119ste b\u00f3le g\u0142owy, migreny.<\/span><\/li>\n<li style=\"font-weight: 400;\" aria-level=\"1\"><span style=\"font-weight: 400;\">Nieod\u015bwie\u017caj\u0105cy sen: trudno\u015bci z zasypianiem, cz\u0119ste budzenia si\u0119, uczucie zm\u0119czenia po przebudzeniu.<\/span><\/li>\n<li style=\"font-weight: 400;\" aria-level=\"1\"><span style=\"font-weight: 400;\">Dyskomfort podczas \u0107wicze\u0144 fizycznych: szybkie zm\u0119czenie, trudno\u015bci w oddychaniu.<\/span><\/li>\n<li style=\"font-weight: 400;\" aria-level=\"1\"><span style=\"font-weight: 400;\">Szum w uszach: sta\u0142y lub przerywany ha\u0142as albo dzwonienie w uszach.<\/span><\/li>\n<li style=\"font-weight: 400;\" aria-level=\"1\"><span style=\"font-weight: 400;\">Sta\u0142e zatkanie nosa: przewlek\u0142y nie\u017cyt nosa, zatkany nos.<\/span><\/li>\n<li style=\"font-weight: 400;\" aria-level=\"1\"><span style=\"font-weight: 400;\">Problemy z ci\u015bnieniem krwi: nadci\u015bnienie lub niedoci\u015bnienie.<\/span><\/li>\n<li style=\"font-weight: 400;\" aria-level=\"1\"><span style=\"font-weight: 400;\">B\u00f3le menstruacyjne: intensywne b\u00f3le, skurcze, nieregularny cykl.<\/span><\/li>\n<li style=\"font-weight: 400;\" aria-level=\"1\"><span style=\"font-weight: 400;\">Problemy ginekologiczne: stany zapalne, nier\u00f3wnowaga hormonalna.<\/span><\/li>\n<li style=\"font-weight: 400;\" aria-level=\"1\"><span style=\"font-weight: 400;\">Cz\u0119ste przezi\u0119bienia: os\u0142abiony uk\u0142ad odporno\u015bciowy, nawracaj\u0105ce infekcje.<\/span><\/li>\n<li style=\"font-weight: 400;\" aria-level=\"1\"><span style=\"font-weight: 400;\">S\u0142aba odporno\u015b\u0107: wi\u0119ksza podatno\u015b\u0107 na infekcje.<\/span><\/li>\n<li style=\"font-weight: 400;\" aria-level=\"1\"><span style=\"font-weight: 400;\">Wzd\u0119cia: gazy, dyskomfort w brzuchu.<\/span><\/li>\n<li style=\"font-weight: 400;\" aria-level=\"1\"><span style=\"font-weight: 400;\">Problemy trawienne: zaparcia, biegunka, zgaga.<\/span><\/li>\n<li style=\"font-weight: 400;\" aria-level=\"1\"><span style=\"font-weight: 400;\">Problemy \u017co\u0142\u0105dkowe: zapalenie b\u0142ony \u015bluzowej \u017co\u0142\u0105dka, wrzody.<\/span><\/li>\n<\/ul>\n<p><b>Pami\u0119taj, \u017ce ka\u017cdy objaw jest sygna\u0142em, \u017ce co\u015b w ciele jest zaburzone i wymaga uwagi.<\/b><\/p>\n<p><span style=\"font-weight: 400;\">Zamiast \u201eleczenia chor\u00f3b\u201d medycyna chi\u0144ska skupia si\u0119 na zdrowiu, profilaktyce i utrzymaniu dobrostanu. Pomaga przywr\u00f3ci\u0107 harmoni\u0119 w ciele, sprawiaj\u0105c, \u017ce zn\u00f3w czujesz si\u0119 m\u0142oda, pi\u0119kna i pe\u0142na energii.<\/span><\/p>\n<p><span style=\"font-weight: 400;\">Dlatego zalecamy zapoznanie si\u0119 z ofert\u0105 produkt\u00f3w <\/span><b>WHIEDA <\/b><span style=\"font-weight: 400;\">przeznaczonych dla zdrowia kobiet. Produkty te wzmacniaj\u0105 uk\u0142ad odporno\u015bciowy, poprawiaj\u0105 funkcjonowanie uk\u0142adu trawiennego, wspieraj\u0105 uk\u0142ad rozrodczy kobiet i przywracaj\u0105 harmoni\u0119 w organizmie.<\/span><\/p>\n<p><span style=\"font-weight: 400;\">Zadbaj o siebie ju\u017c dzi\u015b, aby cieszy\u0107 si\u0119 \u017cyciem jutro.<\/span><\/p>\n<p>&nbsp;<\/p>\n<p><b>Ochrona z podpaskami higienicznymi Anion+<\/b><\/p>\n<p>&nbsp;<\/p>\n<p><span style=\"font-weight: 400;\">Podpaski higieniczne <\/span><b>Anion+<\/b><span style=\"font-weight: 400;\"> nie tylko zapewniaj\u0105 wygod\u0119, ale tak\u017ce zapobiegaj\u0105 rozwojowi r\u00f3\u017cnych chor\u00f3b ginekologicznych.\u00a0<\/span><\/p>\n<p><span style=\"font-weight: 400;\">Te podpaski zawieraj\u0105 specjalny procesor magnetyczno-anionowy, kt\u00f3rego technologia posiada 3 patenty. Wykonane s\u0105 z w\u0142\u00f3kna bambusowego.<\/span><\/p>\n<p><span style=\"font-weight: 400;\">W kobiecym przep\u0142ywie menstruacyjnym znajduje si\u0119 du\u017ca ilo\u015b\u0107 bakterii beztlenowych. Aniony, generuj\u0105c wolny tlen, poch\u0142aniaj\u0105 te bakterie, eliminuj\u0105c warunki do ich \u017cycia i rozmna\u017cania.<\/span><\/p>\n<p><span style=\"font-weight: 400;\">Procesor magnetyczno-anionowy pomaga przywr\u00f3ci\u0107 r\u00f3wnowag\u0119 bio-magnetyczn\u0105 w ciele, poprawia kr\u0105\u017cenie krwi, redukuje stany zapalne i b\u00f3l, wzmacnia uk\u0142ad odporno\u015bciowy oraz ma pozytywny wp\u0142yw na kom\u00f3rki nerwowe, poprawiaj\u0105c samopoczucie emocjonalne podczas dni krytycznych.<\/span><\/p>\n<p><span style=\"font-weight: 400;\">Dodatkowo w\u0142\u00f3kno bambusowe ma w\u0142a\u015bciwo\u015bci przeciwzapalne, usuwa nadmiar wilgoci i neutralizuje nieprzyjemne zapachy. Podpaski te pozwalaj\u0105 na cyrkulacj\u0119 powietrza, zapobiegaj\u0105c rozprzestrzenianiu si\u0119 bakterii.\u00a0<\/span><\/p>\n<p><span style=\"font-weight: 400;\">Materia\u0142 podpasek Anion+ jest ekologiczny i degraduje si\u0119 ca\u0142kowicie w ci\u0105gu 1-2 lat.<\/span><\/p>\n<h3><\/h3>\n<p><b>\u017bel antybakteryjny FOHERB<\/b><\/p>\n<p>&nbsp;<\/p>\n<p><span style=\"font-weight: 400;\">\u017bel antybakteryjny wykonany jest z naturalnych ekstrakt\u00f3w ro\u015blinnych i sk\u0142adnik\u00f3w bioaktywnych. Nie tylko dzia\u0142a dezynfekuj\u0105co, ale tak\u017ce zapewnia profilaktyczn\u0105 ochron\u0119 i piel\u0119gnacj\u0119.\u00a0<\/span><\/p>\n<p><span style=\"font-weight: 400;\">Jest skuteczny w zapobieganiu i leczeniu:<\/span><\/p>\n<ol>\n<li style=\"font-weight: 400;\" aria-level=\"1\"><span style=\"font-weight: 400;\">bakteryjnej waginozy, kandydozy pochwy, rz\u0119sistkowicy, nad\u017cerki szyjki macicy i innych,<\/span><\/li>\n<li style=\"font-weight: 400;\" aria-level=\"1\"><span style=\"font-weight: 400;\">sw\u0119dzenia okolic pochwy i narz\u0105d\u00f3w p\u0142ciowych,<\/span><\/li>\n<li style=\"font-weight: 400;\" aria-level=\"1\"><span style=\"font-weight: 400;\">nawil\u017cania, od\u017cywiania i przywracania naturalnej r\u00f3wnowagi,<\/span><\/li>\n<li style=\"font-weight: 400;\" aria-level=\"1\"><span style=\"font-weight: 400;\">bezpiecznej antykoncepcji.<\/span><\/li>\n<\/ol>\n<p>&nbsp;<\/p>\n<p><b>Spray odm\u0142adzaj\u0105cy o efekcie liftingu<\/b><\/p>\n<p>&nbsp;<\/p>\n<p><span style=\"font-weight: 400;\">Spray <\/span><b>YOUTHFULNESS FREEZE SPRAY<\/b><span style=\"font-weight: 400;\"> przyspiesza produkcj\u0119 kolagenu i elastyny, eliminuj\u0105c zmarszczki i przywracaj\u0105c sk\u00f3rze elastyczno\u015b\u0107. W przeciwie\u0144stwie do innych produkt\u00f3w nie szkodzi sk\u00f3rze ani nie powoduje negatywnych skutk\u00f3w po zako\u0144czeniu stosowania.\u00a0<\/span><\/p>\n<p><span style=\"font-weight: 400;\">To idealne rozwi\u0105zanie dla kobiet, kt\u00f3re chc\u0105 zachowa\u0107 m\u0142odo\u015b\u0107 i pi\u0119kno, uzyskuj\u0105c widoczne rezultaty w ci\u0105gu kilku tygodni<\/span><\/p>\n<h3><\/h3>\n<p><b>Aktywator kom\u00f3rkowy<\/b><\/p>\n<p>&nbsp;<\/p>\n<p><span style=\"font-weight: 400;\">Aktywator kom\u00f3rkowy pobudza nieaktywne kom\u00f3rki, regeneruje uszkodzone kom\u00f3rki, eliminuje wolne rodniki, stymuluje samoregeneracj\u0119 organizmu, podnosi og\u00f3lny ton, zapobiega chorobom, szybko oczyszcza meridiany i limf\u0119. Jest skuteczny w przypadku wysypek sk\u00f3rnych, brodawek, \u0142uszczycy, zapobiega powstawaniu zmarszczek, przed\u0142u\u017ca m\u0142odo\u015b\u0107, stymuluje wzrost nowych w\u0142os\u00f3w, przywraca pigmentacj\u0119 w\u0142os\u00f3w i pomaga w eliminacji obrz\u0119k\u00f3w. Jedna sesja z Aktywatorem, trwaj\u0105ca p\u00f3\u0142 godziny, daje taki sam efekt jak 10 sesji akupunktury, 20 sesji z ba\u0144kami lub 30 sesji masa\u017cu manualnego.<\/span><\/p>\n<h3><\/h3>\n<p><b>Masa\u017cer bioenergetyczny MAGIC FOHERB<\/b><\/p>\n<p>&nbsp;<\/p>\n<p><span style=\"font-weight: 400;\">Z tym urz\u0105dzeniem mo\u017cliwe jest wykonywanie zabieg\u00f3w profilaktycznych i terapeutycznych w domu, bez potrzeby wizyty w klinice. Pozwala na przeprowadzanie akupunktury, masa\u017cy leczniczych, masa\u017cy ba\u0144kami, masa\u017cu gua sha (technika tradycyjnej medycyny chi\u0144skiej polegaj\u0105ca na stymulacji biologicznie aktywnych punkt\u00f3w za pomoc\u0105 narz\u0119dzi z ko\u015bci) oraz innych zabieg\u00f3w. Masa\u017cer mo\u017ce by\u0107 r\u00f3wnie\u017c stosowany w kosmetologii, redukcji wagi i walce z cellulitem.<\/span><\/p>\n<h3><\/h3>\n<p><b>Sauna &#171;Ba-Gua&#187;<\/b><\/p>\n<p>&nbsp;<\/p>\n<p><span style=\"font-weight: 400;\">Sauna nie tylko pomaga si\u0119 zrelaksowa\u0107, ale r\u00f3wnie\u017c wzmacnia zdrowie, poprawia metabolizm, wspomaga utrat\u0119 wagi i \u0142agodzi b\u00f3l. Nie ka\u017cdy jednak ma mo\u017cliwo\u015b\u0107 regularnego odwiedzania sauny, dlatego prezentujemy unikaln\u0105 saun\u0119 \u201eBa-Gua\u201d, kt\u00f3r\u0105 mo\u017cna u\u017cywa\u0107 w domu.\u00a0<\/span><\/p>\n<p><span style=\"font-weight: 400;\">To mini-sauna, kt\u00f3ra wykorzystuje specjalne technologie oraz w\u0142a\u015bciwo\u015bci fizyczne kamieni takich jak turmalin i czarny jadeit. Dzi\u0119ki tym kamieniom leczniczym i specjalnej tekstylnej strukturze sauna tworzy unikalny mikroklimat o terapeutycznym dzia\u0142aniu na ca\u0142e cia\u0142o: poprawia mikrokr\u0105\u017cenie i metabolizm, usuwa toksyny, poprawia stan sk\u00f3ry, zwalcza stany zapalne i b\u00f3le, \u0142agodzi zm\u0119czenie i zapewnia relaks.<\/span><\/p>\n<h3><\/h3>\n<p><b>Wk\u0142adki korekcyjne<\/b><\/p>\n<p>&nbsp;<\/p>\n<p><span style=\"font-weight: 400;\">Stopy s\u0105 \u201edrugim sercem\u201d. Proces kr\u0105\u017cenia krwi w ca\u0142ym ciele jest \u015bci\u015ble powi\u0105zany ze stopami. Je\u015bli stopy nie s\u0105 zdrowe, naczynia krwiono\u015bne w nich nie funkcjonuj\u0105 prawid\u0142owo, co powoduje zast\u00f3j krwi w ko\u0144czynach dolnych i nieuchronnie prowadzi do problem\u00f3w zdrowotnych.<\/span><\/p>\n<p><span style=\"font-weight: 400;\">Wk\u0142adki korekcyjne przyczyniaj\u0105 si\u0119 do zdrowia szkieletu i organizmu jako ca\u0142o\u015bci. Z powodu grawitacji, zaburze\u0144 metabolicznych, obci\u0105\u017ce\u0144 fizycznych i innych czynnik\u00f3w, kr\u0119gos\u0142up mo\u017ce si\u0119 przemieszcza\u0107, co wp\u0142ywa na ca\u0142y szkielet. 80% problem\u00f3w zdrowotnych wi\u0105\u017ce si\u0119 z tymi przemieszczeniami.<\/span><\/p>\n<p><span style=\"font-weight: 400;\">Wk\u0142adki pomagaj\u0105 poprawi\u0107 postaw\u0119, r\u00f3wnomiernie rozk\u0142adaj\u0105 nacisk na stopy, masuj\u0105 strefy refleksologiczne, koryguj\u0105 p\u0142askostopie i wzmacniaj\u0105 prawid\u0142ow\u0105 budow\u0119 st\u00f3p.<\/span><\/p>\n<h3><\/h3>\n<p><b>Okulary wysokiej technologii<\/b><\/p>\n<p>&nbsp;<\/p>\n<p><span style=\"font-weight: 400;\">\u015awiat szybko si\u0119 rozwija, a ka\u017cdego dnia pojawiaj\u0105 si\u0119 nowe produkty. Jednak wierzymy, \u017ce produkt powinien nie tylko by\u0107 modny, ale tak\u017ce korzystny dla zdrowia. Technologiczne okulary komputerowe chroni\u0105 przed promieniowaniem ekran\u00f3w.\u00a0<\/span><\/p>\n<p><span style=\"font-weight: 400;\">Te okulary s\u0105 tarcz\u0105 przeciw promieniowaniu, \u0142agodz\u0105 zm\u0119czenie oczu i zosta\u0142y zaprojektowane z zaawansowan\u0105 technologi\u0105, aby poprawi\u0107 do\u015bwiadczenia przed ekranem i zoptymalizowa\u0107 wzrok.<\/span><\/p>\n<h3><\/h3>\n<p><b>Energizuj\u0105cy szal<\/b><\/p>\n<p>&nbsp;<\/p>\n<p><span style=\"font-weight: 400;\">Organiczny german w szalu ma funkcje emisji podczerwieni i uwalniania anion\u00f3w.<\/span><\/p>\n<ul>\n<li style=\"font-weight: 400;\" aria-level=\"1\"><span style=\"font-weight: 400;\">Poprawia kr\u0105\u017cenie krwi i mikrokr\u0105\u017cenie.<\/span><\/li>\n<li style=\"font-weight: 400;\" aria-level=\"1\"><span style=\"font-weight: 400;\">\u0141agodzi dolegliwo\u015bci i zmniejsza zm\u0119czenie w okolicach szyi i ramion.<\/span><\/li>\n<li style=\"font-weight: 400;\" aria-level=\"1\"><span style=\"font-weight: 400;\">Op\u00f3\u017ania starzenie si\u0119 sk\u00f3ry i poprawia wska\u017aniki zdrowotne.<\/span><\/li>\n<li style=\"font-weight: 400;\" aria-level=\"1\"><span style=\"font-weight: 400;\">Zapewnia komfort i piel\u0119gnacj\u0119 sk\u00f3ry dzi\u0119ki unikalnej technice tkania \u0142\u0105cz\u0105cej mi\u0119kkie, lekkie i oddychaj\u0105ce materia\u0142y.<\/span><\/li>\n<\/ul>\n<h3><\/h3>\n<p><b>Zestaw Kompleksowej Regeneracji Organizmu<\/b><\/p>\n<p>&nbsp;<\/p>\n<p><span style=\"font-weight: 400;\">W medycynie chi\u0144skiej choroba nie jest wrogiem, z kt\u00f3rym trzeba walczy\u0107, lecz sygna\u0142em nier\u00f3wnowagi w organizmie. Kluczowym zasad\u0105 nie jest leczenie objawu, ale przywracanie r\u00f3wnowagi yin i yang, oczyszczanie organizmu oraz od\u017cywianie go energi\u0105 witaln\u0105.<\/span><\/p>\n<p>&nbsp;<\/p>\n<p><b>Proces:<\/b><\/p>\n<ul>\n<li style=\"font-weight: 400;\" aria-level=\"1\"><b>Regulacja:<\/b><span style=\"font-weight: 400;\"> Przywraca harmoni\u0119 w ciele.<\/span><\/li>\n<li style=\"font-weight: 400;\" aria-level=\"1\"><b>Oczyszczanie:<\/b><span style=\"font-weight: 400;\"> Usuwa toksyny i odpady z organizmu.<\/span><\/li>\n<li style=\"font-weight: 400;\" aria-level=\"1\"><b>Regeneracja:<\/b><span style=\"font-weight: 400;\"> Od\u017cywia i wzmacnia obron\u0119 organizmu.<\/span><\/li>\n<\/ul>\n<p><span style=\"font-weight: 400;\">Nasi eksperci z zakresu medycyny chi\u0144skiej opracowali kompletny zestaw regeneracyjny z produktami firmy WHIEDA, aby przywr\u00f3ci\u0107 zdrowie i witalno\u015b\u0107.<\/span><\/p>\n","protected":false},"featured_media":274,"template":"","categories":[6,7],"class_list":["post-997","product","type-product","status-publish","has-post-thumbnail","hentry","categories-vse-tovary","categories-nabory"],"acf":[],"_links":{"self":[{"href":"https:\/\/mywhieda.com\/pl\/wp-json\/wp\/v2\/product\/997","targetHints":{"allow":["GET"]}}],"collection":[{"href":"https:\/\/mywhieda.com\/pl\/wp-json\/wp\/v2\/product"}],"about":[{"href":"https:\/\/mywhieda.com\/pl\/wp-json\/wp\/v2\/types\/product"}],"wp:featuredmedia":[{"embeddable":true,"href":"https:\/\/mywhieda.com\/pl\/wp-json\/wp\/v2\/media\/274"}],"wp:attachment":[{"href":"https:\/\/mywhieda.com\/pl\/wp-json\/wp\/v2\/media?parent=997"}],"wp:term":[{"taxonomy":"categories","embeddable":true,"href":"https:\/\/mywhieda.com\/pl\/wp-json\/wp\/v2\/categories?post=997"}],"curies":[{"name":"wp","href":"https:\/\/api.w.org\/{rel}","templated":true}]}}