{"id":999,"date":"2025-04-05T20:08:27","date_gmt":"2025-04-05T17:08:27","guid":{"rendered":"https:\/\/mywhieda.com\/?post_type=product&#038;p=999"},"modified":"2025-04-05T20:13:08","modified_gmt":"2025-04-05T17:13:08","slug":"nabor-dlya-lyudey-zolotogo-vozrasta-4-2","status":"publish","type":"product","link":"https:\/\/mywhieda.com\/pl\/product\/nabor-dlya-lyudey-zolotogo-vozrasta-4-2\/","title":{"rendered":"Zestaw dla ludzi \u201eZ\u0142otego wieku\u201d"},"content":{"rendered":"<p><b>Z\u0142oty Wiek: czas zadba\u0107 o siebie!<\/b><\/p>\n<p><span style=\"font-weight: 400;\">\u017bycie pe\u0142ne jest wydarze\u0144, a do\u015bwiadczenie ma nieocenion\u0105 warto\u015b\u0107. Jednak z wiekiem mog\u0105 pojawi\u0107 si\u0119 zmiany w organizmie, kt\u00f3re wymagaj\u0105 szczeg\u00f3lnej uwagi. Warto pami\u0119ta\u0107, \u017ce \u201ez\u0142oty wiek\u201d to czas na zdrowie i dobre samopoczucie.<\/span><\/p>\n<p><b>Jakie problemy mog\u0105 pojawi\u0107 si\u0119 w \u201ez\u0142otym wieku\u201d?<\/b><\/p>\n<ul>\n<li style=\"font-weight: 400;\" aria-level=\"1\"><b>Spadek odporno\u015bci:<\/b><span style=\"font-weight: 400;\"> Wi\u0119ksza podatno\u015b\u0107 na infekcje, przezi\u0119bienia i inne choroby.<\/span><\/li>\n<li style=\"font-weight: 400;\" aria-level=\"1\"><b>Problemy uk\u0142adu kr\u0105\u017cenia:<\/b><span style=\"font-weight: 400;\"> Nadci\u015bnienie, choroba wie\u0144cowa, arytmia.<\/span><\/li>\n<li style=\"font-weight: 400;\" aria-level=\"1\"><b>Problemy staw\u00f3w:<\/b><span style=\"font-weight: 400;\"> Zapalenie staw\u00f3w, osteoporoza, b\u00f3le plec\u00f3w, ograniczenie ruchomo\u015bci.<\/span><\/li>\n<li style=\"font-weight: 400;\" aria-level=\"1\"><b>Zaburzenia trawienia:<\/b><span style=\"font-weight: 400;\"> Zaparcia, biegunki, wzd\u0119cia, zapalenie \u017co\u0142\u0105dka.<\/span><\/li>\n<li style=\"font-weight: 400;\" aria-level=\"1\"><b>Problemy uk\u0142adu moczowego:<\/b><span style=\"font-weight: 400;\"> Zapalenie prostaty u m\u0119\u017cczyzn, zapalenie p\u0119cherza u kobiet.<\/span><\/li>\n<li style=\"font-weight: 400;\" aria-level=\"1\"><b>Zaburzenia snu:<\/b><span style=\"font-weight: 400;\"> Bezsenno\u015b\u0107, cz\u0119ste wybudzanie si\u0119, niespokojny sen.<\/span><\/li>\n<li style=\"font-weight: 400;\" aria-level=\"1\"><b>Pogorszenie pami\u0119ci i koncentracji:<\/b><span style=\"font-weight: 400;\"> Zapominanie, trudno\u015bci w skupieniu uwagi, spadek funkcji poznawczych.<\/span><\/li>\n<li style=\"font-weight: 400;\" aria-level=\"1\"><b>Zwi\u0119kszone zm\u0119czenie:<\/b><span style=\"font-weight: 400;\"> Obni\u017cenie aktywno\u015bci fizycznej, szybkie zm\u0119czenie.<\/span><\/li>\n<li style=\"font-weight: 400;\" aria-level=\"1\"><b>Depresja i niepok\u00f3j:<\/b><span style=\"font-weight: 400;\"> Zmiany stylu \u017cycia, przej\u015bcie na emerytur\u0119, utrata bliskich mog\u0105 prowadzi\u0107 do zaburze\u0144 emocjonalnych.<\/span><\/li>\n<\/ul>\n<p><span style=\"font-weight: 400;\">Tradycyjna medycyna zachodnia cz\u0119sto oferuje jedynie leczenie objaw\u00f3w, kt\u00f3re nie rozwi\u0105zuje przyczyn choroby. Natomiast medycyna chi\u0144ska opiera si\u0119 na innym zasadzie: choroba nie jest wrogiem, z kt\u00f3rym nale\u017cy walczy\u0107, ale sygna\u0142em nier\u00f3wnowagi w organizmie.<\/span><\/p>\n<p><b>Nasza oferta dla os\u00f3b w \u201ez\u0142otym wieku\u201d<\/b><span style=\"font-weight: 400;\"> Przygotowali\u015bmy dla Pa\u0144stwa, drodzy przedstawiciele \u201ez\u0142otego wieku\u201d, wyb\u00f3r produkt\u00f3w WHIEDA, kt\u00f3re pomog\u0105 wzmocni\u0107 zdrowie i przywr\u00f3ci\u0107 harmoni\u0119 w organizmie. Znajd\u0105 w nim Pa\u0144stwo wszystko, co niezb\u0119dne do utrzymania odporno\u015bci, poprawy trawienia, odzyskania snu, poprawy pami\u0119ci i og\u00f3lnego dobrostanu.\u00a0<\/span><\/p>\n<p><span style=\"font-weight: 400;\">Zadbaj o siebie ju\u017c dzi\u015b, aby cieszy\u0107 si\u0119 \u201ez\u0142otym wiekiem\u201d z rado\u015bci\u0105 i energi\u0105!<\/span><\/p>\n<p>&nbsp;<\/p>\n<p><b>Aktywator kom\u00f3rkowy<\/b><\/p>\n<p>&nbsp;<\/p>\n<p><span style=\"font-weight: 400;\">Pobudza nieaktywne kom\u00f3rki, regeneruje uszkodzone, niszczy wolne rodniki, stymuluje samoregeneracj\u0119 organizmu, podnosi og\u00f3lny ton, zapobiega chorobom, szybko oczyszcza meridiany i limf\u0119. Skutecznie zwalcza wysypki sk\u00f3rne, brodawki, \u0142uszczyc\u0119, przed\u0142u\u017ca m\u0142odo\u015b\u0107, aktywuje wzrost nowych w\u0142os\u00f3w, przywraca pigmentacj\u0119 w\u0142os\u00f3w, pomaga eliminowa\u0107 obrz\u0119ki, \u0142agodzi b\u00f3le i poprawia funkcjonowanie narz\u0105d\u00f3w wewn\u0119trznych.\u00a0<\/span><\/p>\n<p><span style=\"font-weight: 400;\">Jedna procedura z aktywatorem, trwaj\u0105ca p\u00f3\u0142 godziny, ma taki sam efekt jak 10 sesji akupunktury, 20 sesji z ba\u0144kami lub 30 sesji masa\u017cu manualnego.<\/span><\/p>\n<h3><\/h3>\n<p><b>Masa\u017cer bioenergetyczny MAGIC FOHERB<\/b><\/p>\n<p>&nbsp;<\/p>\n<p><span style=\"font-weight: 400;\">\u00a0\u00a0\u00a0Z tym urz\u0105dzeniem mo\u017cna \u0142atwo przeprowadza\u0107 zabiegi profilaktyczne i terapeutyczne w domu, bez potrzeby wizyty w klinice: akupunktura, masa\u017ce lecznicze, masa\u017ce ba\u0144kami, masa\u017c guasha (metoda medycyny chi\u0144skiej dzia\u0142aj\u0105ca na biologicznie aktywne punkty za pomoc\u0105 skrobaka z ko\u015bci) i inne procedury.<\/span><\/p>\n<p><b>Rekomendowane szczeg\u00f3lnie dla os\u00f3b:<\/b><\/p>\n<ul>\n<li style=\"font-weight: 400;\" aria-level=\"1\"><span style=\"font-weight: 400;\">Z chorobami uk\u0142adu mi\u0119\u015bniowo-szkieletowego (kr\u0119gos\u0142up szyjny, stawy ramienne itp.).<\/span><\/li>\n<li style=\"font-weight: 400;\" aria-level=\"1\"><span style=\"font-weight: 400;\">Z przemieszczeniem dysk\u00f3w.<\/span><\/li>\n<li style=\"font-weight: 400;\" aria-level=\"1\"><span style=\"font-weight: 400;\">Z reumatoidalnym zapaleniem staw\u00f3w.<\/span><\/li>\n<li style=\"font-weight: 400;\" aria-level=\"1\"><span style=\"font-weight: 400;\">Z martwic\u0105.<\/span><\/li>\n<li style=\"font-weight: 400;\" aria-level=\"1\"><span style=\"font-weight: 400;\">Walcz\u0105cych z nadwag\u0105 i cellulitem.<\/span><\/li>\n<li style=\"font-weight: 400;\" aria-level=\"1\"><span style=\"font-weight: 400;\">Do zabieg\u00f3w drena\u017cu limfatycznego i tonizuj\u0105cych.<\/span><\/li>\n<li style=\"font-weight: 400;\" aria-level=\"1\"><span style=\"font-weight: 400;\">Do regeneracji po urazach i obci\u0105\u017ceniach fizycznych.<\/span><\/li>\n<\/ul>\n<p>&nbsp;<\/p>\n<p><b>Sauna \u201eBa-Gua\u201d<\/b><span style=\"font-weight: 400;\">\u00a0<\/span><\/p>\n<p>&nbsp;<\/p>\n<p><span style=\"font-weight: 400;\">Sauna nie tylko pomaga si\u0119 zrelaksowa\u0107, ale r\u00f3wnie\u017c wzmacnia zdrowie, poprawia metabolizm, wspomaga utrat\u0119 wagi i \u0142agodzi b\u00f3le. Nie ka\u017cdy ma jednak mo\u017cliwo\u015b\u0107 regularnego korzystania z sauny, dlatego prezentujemy unikaln\u0105 saun\u0119 \u201eBa-Gua\u201d zaprojektowan\u0105 do u\u017cytku domowego.\u00a0<\/span><\/p>\n<p><span style=\"font-weight: 400;\">To mini-sauna, kt\u00f3ra wykorzystuje specjalne technologie i w\u0142a\u015bciwo\u015bci fizyczne kamieni takich jak turmalin i czarny jadeit. Dzi\u0119ki kamieniom leczniczym i specjalnej strukturze tekstylnej sauna tworzy unikalny mikroklimat o terapeutycznym dzia\u0142aniu na ca\u0142e cia\u0142o: poprawia mikrokr\u0105\u017cenie, procesy metaboliczne, usuwa toksyny i odpady, poprawia stan sk\u00f3ry, zwalcza stany zapalne, b\u00f3le, \u0142agodzi zm\u0119czenie i pomaga si\u0119 zrelaksowa\u0107.<\/span><\/p>\n<p>&nbsp;<\/p>\n<p><b>Wk\u0142adki korekcyjne<\/b><\/p>\n<p>&nbsp;<\/p>\n<p><span style=\"font-weight: 400;\">Stopy s\u0105 \u201edrugim sercem\u201d. Proces kr\u0105\u017cenia krwi w ca\u0142ym ciele jest \u015bci\u015ble powi\u0105zany ze stopami, zar\u00f3wno podczas stania, jak i chodzenia. Je\u015bli stopy nie s\u0105 zdrowe, naczynia krwiono\u015bne w nich nie b\u0119d\u0105 dzia\u0142a\u0107 prawid\u0142owo, co mo\u017ce powodowa\u0107 zast\u00f3j krwi w ko\u0144czynach dolnych, prowadz\u0105c do problem\u00f3w zdrowotnych.\u00a0<\/span><\/p>\n<p><span style=\"font-weight: 400;\">Wk\u0142adki korekcyjne wspomagaj\u0105:<\/span><\/p>\n<ul>\n<li style=\"font-weight: 400;\" aria-level=\"1\"><span style=\"font-weight: 400;\">Popraw\u0119 postawy.<\/span><\/li>\n<li style=\"font-weight: 400;\" aria-level=\"1\"><span style=\"font-weight: 400;\">R\u00f3wnomierne roz\u0142o\u017cenie nacisku na stop\u0119.<\/span><\/li>\n<li style=\"font-weight: 400;\" aria-level=\"1\"><span style=\"font-weight: 400;\">Masa\u017c stref refleksologicznych stopy.<\/span><\/li>\n<li style=\"font-weight: 400;\" aria-level=\"1\"><span style=\"font-weight: 400;\">Korekcj\u0119 p\u0142askostopia.<\/span><\/li>\n<li style=\"font-weight: 400;\" aria-level=\"1\"><span style=\"font-weight: 400;\">Wzmocnienie odpowiedniej struktury stopy.<\/span><\/li>\n<\/ul>\n<h3><\/h3>\n<p><b>Okulary wysokiej technologii<\/b><\/p>\n<p>&nbsp;<\/p>\n<p><span style=\"font-weight: 400;\">Te okulary chroni\u0105 przed promieniowaniem emitowanym przez monitor komputera i telewizor.\u00a0<\/span><\/p>\n<p><b>Rekomendowane dla:<\/b><\/p>\n<ul>\n<li style=\"font-weight: 400;\" aria-level=\"1\"><span style=\"font-weight: 400;\">Os\u00f3b powy\u017cej 40. roku \u017cycia (kiedy rozpoczyna si\u0119 proces starzenia organizmu).<\/span><\/li>\n<li style=\"font-weight: 400;\" aria-level=\"1\"><span style=\"font-weight: 400;\">Os\u00f3b cierpi\u0105cych na xerostomi\u0119, zm\u0119czenie oczu, zm\u0119tnienia cia\u0142a szklistego, niedowidzenie, prezbiopi\u0119, kr\u00f3tkowzroczno\u015b\u0107, za\u0107m\u0119, jaskr\u0119 czy problemy z mikrokr\u0105\u017ceniem krwi.\u00a0<\/span><\/li>\n<\/ul>\n<p><span style=\"font-weight: 400;\">Oprawki wykonane s\u0105 z materia\u0142\u00f3w kompozytowych grafenu PA6\/G, kt\u00f3re emituj\u0105 od 1000 do 2200 anion\u00f3w na centymetr sze\u015bcienny, aktywuj\u0105c kom\u00f3rki w strefie oczu i stymuluj\u0105c kr\u0105\u017cenie krwi.<\/span><\/p>\n<p>&nbsp;<\/p>\n<p><b>Energizuj\u0105cy szal<\/b><\/p>\n<p>&nbsp;<\/p>\n<p><span style=\"font-weight: 400;\">Organiczny german w sk\u0142adzie ma funkcje emisji podczerwieni i uwalniania anion\u00f3w.<\/span><\/p>\n<ul>\n<li style=\"font-weight: 400;\" aria-level=\"1\"><span style=\"font-weight: 400;\">Poprawia kr\u0105\u017cenie krwi i mikrokr\u0105\u017cenie.<\/span><\/li>\n<li style=\"font-weight: 400;\" aria-level=\"1\"><span style=\"font-weight: 400;\">\u0141agodzi dyskomfort i zm\u0119czenie w okolicach szyi i ramion.<\/span><\/li>\n<li style=\"font-weight: 400;\" aria-level=\"1\"><span style=\"font-weight: 400;\">Spowalnia proces starzenia si\u0119 sk\u00f3ry i poprawia og\u00f3lny stan zdrowia<\/span><\/li>\n<\/ul>\n<h3><\/h3>\n<p><b>Zestaw Kompleksowej Regeneracji Organizmu<\/b><\/p>\n<p>&nbsp;<\/p>\n<p><b>Zestaw Kompleksowej Regeneracji Organizmu<\/b><span style=\"font-weight: 400;\"> Oparty na zasadach medycyny chi\u0144skiej, ten zestaw zawiera wszystko, co niezb\u0119dne do przywr\u00f3cenia r\u00f3wnowagi yin i yang, oczyszczenia organizmu z toksyn i od\u017cywienia go energi\u0105 witaln\u0105.\u00a0<\/span><\/p>\n<p><span style=\"font-weight: 400;\">Eksperci WHIEDA opracowali kompleksowe podej\u015bcie do dobrostanu, kt\u00f3re gwarantuje pe\u0142n\u0105 opiek\u0119 nad cia\u0142em i umys\u0142em.<\/span><\/p>\n","protected":false},"featured_media":253,"template":"","categories":[6,7],"class_list":["post-999","product","type-product","status-publish","has-post-thumbnail","hentry","categories-vse-tovary","categories-nabory"],"acf":[],"_links":{"self":[{"href":"https:\/\/mywhieda.com\/pl\/wp-json\/wp\/v2\/product\/999","targetHints":{"allow":["GET"]}}],"collection":[{"href":"https:\/\/mywhieda.com\/pl\/wp-json\/wp\/v2\/product"}],"about":[{"href":"https:\/\/mywhieda.com\/pl\/wp-json\/wp\/v2\/types\/product"}],"wp:featuredmedia":[{"embeddable":true,"href":"https:\/\/mywhieda.com\/pl\/wp-json\/wp\/v2\/media\/253"}],"wp:attachment":[{"href":"https:\/\/mywhieda.com\/pl\/wp-json\/wp\/v2\/media?parent=999"}],"wp:term":[{"taxonomy":"categories","embeddable":true,"href":"https:\/\/mywhieda.com\/pl\/wp-json\/wp\/v2\/categories?post=999"}],"curies":[{"name":"wp","href":"https:\/\/api.w.org\/{rel}","templated":true}]}}