{"id":1071,"date":"2025-04-12T10:08:12","date_gmt":"2025-04-12T07:08:12","guid":{"rendered":"https:\/\/mywhieda.com\/?post_type=product&#038;p=1071"},"modified":"2026-04-08T17:39:20","modified_gmt":"2026-04-08T14:39:20","slug":"saunata-ba-gua-2-2","status":"publish","type":"product","link":"https:\/\/mywhieda.com\/pt\/product\/saunata-ba-gua-2-2\/","title":{"rendered":"Sauna Ba-Gua"},"content":{"rendered":"<p><span style=\"font-weight: 400;\">A sauna n\u00e3o apenas ajuda a relaxar, mas tamb\u00e9m fortalece a sa\u00fade, melhora o metabolismo, favorece a perda de peso e alivia a dor. No entanto, nem todos podem frequentar uma sauna regularmente, por isso oferecemos a sauna \u00fanica \u201cBa-Gua\u201d, que pode ser usada em casa.<\/span><\/p>\n<p>&nbsp;<\/p>\n<h3><b>\u00bfO que \u00e9 a sauna \u201cBa-Gua\u201d?<\/b><\/h3>\n<p>&nbsp;<\/p>\n<p><span style=\"font-weight: 400;\">\u00c9 uma mini sauna que utiliza tecnologias especiais e propriedades f\u00edsicas de pedras como a turmalina e o jade negro. Com essas pedras terap\u00eauticas e seu design especial, nossa sauna cria um microclima \u00fanico que exerce um efeito terap\u00eautico em todo o corpo: melhora a microcircula\u00e7\u00e3o do sangue, acelera o metabolismo, elimina toxinas, melhora o estado da pele, combate inflama\u00e7\u00f5es e dores, reduz o cansa\u00e7o e ajuda a relaxar.<\/span><\/p>\n","protected":false},"featured_media":721,"template":"","categories":[6,29],"class_list":["post-1071","product","type-product","status-publish","has-post-thumbnail","hentry","categories-vse-tovary","categories-pribory"],"acf":[],"_links":{"self":[{"href":"https:\/\/mywhieda.com\/pt\/wp-json\/wp\/v2\/product\/1071","targetHints":{"allow":["GET"]}}],"collection":[{"href":"https:\/\/mywhieda.com\/pt\/wp-json\/wp\/v2\/product"}],"about":[{"href":"https:\/\/mywhieda.com\/pt\/wp-json\/wp\/v2\/types\/product"}],"wp:featuredmedia":[{"embeddable":true,"href":"https:\/\/mywhieda.com\/pt\/wp-json\/wp\/v2\/media\/721"}],"wp:attachment":[{"href":"https:\/\/mywhieda.com\/pt\/wp-json\/wp\/v2\/media?parent=1071"}],"wp:term":[{"taxonomy":"categories","embeddable":true,"href":"https:\/\/mywhieda.com\/pt\/wp-json\/wp\/v2\/categories?post=1071"}],"curies":[{"name":"wp","href":"https:\/\/api.w.org\/{rel}","templated":true}]}}