{"id":1073,"date":"2025-04-12T10:16:28","date_gmt":"2025-04-12T07:16:28","guid":{"rendered":"https:\/\/mywhieda.com\/?post_type=product&#038;p=1073"},"modified":"2026-03-06T12:31:13","modified_gmt":"2026-03-06T09:31:13","slug":"kletchen-aktivator-3-2","status":"publish","type":"product","link":"https:\/\/mywhieda.com\/pt\/product\/kletchen-aktivator-3-2\/","title":{"rendered":"Ativador Celular"},"content":{"rendered":"<h3><strong>O Activador Celular pode ajudar em caso de:<\/strong><\/h3>\n<ol>\n<li style=\"font-weight: 400;\" aria-level=\"1\"><span style=\"font-weight: 400;\">Diversos tipos de inflama\u00e7\u00e3o: problemas ginecol\u00f3gicos, miomas uterinos, cistos ov\u00e1ricos, cervicite, inflama\u00e7\u00e3o p\u00e9lvica, vaginite, \u201c\u00fatero frio\u201d e outros.<\/span><\/li>\n<li style=\"font-weight: 400;\" aria-level=\"1\"><span style=\"font-weight: 400;\">Prostatite, hipertrofia da pr\u00f3stata, mic\u00e7\u00e3o dolorosa ou dif\u00edcil, urg\u00eancias frequentes noturnas para urinar, diminui\u00e7\u00e3o da pot\u00eancia.<\/span><\/li>\n<li style=\"font-weight: 400;\" aria-level=\"1\"><span style=\"font-weight: 400;\">Bronquite, rinofaringite, periartrite do ombro, espondilose cervical, hiperplasia mam\u00e1ria, gastrite e enterite, inflama\u00e7\u00e3o renal, miocardite, artrite, hepatite, pancreatite, meningite, diversos tipos de queimaduras e infec\u00e7\u00f5es externas na pele, febre alta durante o resfriado, diarreia.<\/span><\/li>\n<li style=\"font-weight: 400;\" aria-level=\"1\"><span style=\"font-weight: 400;\">Dores de diversos tipos: nos ombros e pesco\u00e7o, reum\u00e1ticas e articulares, dores de est\u00f4mago, dismenorreia, cefaleia, tumores, dor de dentes, gota, dores reum\u00e1ticas nos joelhos, diversos tipos de neuralgias.<\/span><\/li>\n<li style=\"font-weight: 400;\" aria-level=\"1\"><span style=\"font-weight: 400;\">Diferentes tipos de estase (trombose): nos meridianos, no sistema linf\u00e1tico, nos vasos sangu\u00edneos do cora\u00e7\u00e3o e do c\u00e9rebro, varizes, inflama\u00e7\u00e3o da gl\u00e2ndula tireoide, lipomas, cataratas, hipermetropia, manchas de idade, doen\u00e7a de Parkinson, etc.<\/span><\/li>\n<li style=\"font-weight: 400;\" aria-level=\"1\"><span style=\"font-weight: 400;\">Diversos problemas de pele: pano branco, eczema, psor\u00edase, vitiligo, mau cheiro nas axilas, urtic\u00e1ria e outras inflama\u00e7\u00f5es cut\u00e2neas.<\/span><\/li>\n<li style=\"font-weight: 400;\" aria-level=\"1\"><span style=\"font-weight: 400;\">Problemas est\u00e9ticos: pele fl\u00e1cida, ca\u00edda, pigmenta\u00e7\u00e3o, acne, insufici\u00eancia de Qi e sangue, incha\u00e7o, obesidade.<\/span><\/li>\n<\/ol>\n<p><strong>Uma sess\u00e3o com o Activador, que dura meia hora, proporciona o mesmo efeito que 10 sess\u00f5es de acupuntura, 20 sess\u00f5es de ventosas ou 30 sess\u00f5es de massagem manual.<\/strong><\/p>\n","protected":false},"featured_media":735,"template":"","categories":[6,29],"class_list":["post-1073","product","type-product","status-publish","has-post-thumbnail","hentry","categories-vse-tovary","categories-pribory"],"acf":[],"_links":{"self":[{"href":"https:\/\/mywhieda.com\/pt\/wp-json\/wp\/v2\/product\/1073","targetHints":{"allow":["GET"]}}],"collection":[{"href":"https:\/\/mywhieda.com\/pt\/wp-json\/wp\/v2\/product"}],"about":[{"href":"https:\/\/mywhieda.com\/pt\/wp-json\/wp\/v2\/types\/product"}],"wp:featuredmedia":[{"embeddable":true,"href":"https:\/\/mywhieda.com\/pt\/wp-json\/wp\/v2\/media\/735"}],"wp:attachment":[{"href":"https:\/\/mywhieda.com\/pt\/wp-json\/wp\/v2\/media?parent=1073"}],"wp:term":[{"taxonomy":"categories","embeddable":true,"href":"https:\/\/mywhieda.com\/pt\/wp-json\/wp\/v2\/categories?post=1073"}],"curies":[{"name":"wp","href":"https:\/\/api.w.org\/{rel}","templated":true}]}}