{"id":1075,"date":"2025-04-12T10:26:59","date_gmt":"2025-04-12T07:26:59","guid":{"rendered":"https:\/\/mywhieda.com\/?post_type=product&#038;p=1075"},"modified":"2026-04-06T17:42:37","modified_gmt":"2026-04-06T14:42:37","slug":"bioenergomasazhor-magic-foherb-3-2","status":"publish","type":"product","link":"https:\/\/mywhieda.com\/pt\/product\/bioenergomasazhor-magic-foherb-3-2\/","title":{"rendered":"Bioenergomasajeador Magic Foherb"},"content":{"rendered":"<p><span style=\"font-weight: 400;\">A medicina chinesa, baseada em conhecimentos milenares, reconhece que todas as doen\u00e7as come\u00e7am com uma altera\u00e7\u00e3o no equil\u00edbrio energ\u00e9tico do corpo. A estagna\u00e7\u00e3o de energia nos meridianos, semelhante a um bloqueio em um cano, impede o fluxo livre das for\u00e7as vitais, o que leva a doen\u00e7as. A sa\u00fade \u00e9 alcan\u00e7ada por meio da nutri\u00e7\u00e3o e da limpeza constante de cada c\u00e9lula, garantindo o funcionamento harmonioso do organismo.<\/span><\/p>\n<p><span style=\"font-weight: 400;\">Esses princ\u00edpios explicam a popularidade da medicina tradicional chinesa em um pa\u00eds com medicina ocidental avan\u00e7ada. Os m\u00e9dicos chineses t\u00eam uma vasta experi\u00eancia no tratamento e na preven\u00e7\u00e3o de doen\u00e7as cr\u00f4nicas, o que lhes permite envelhecer sem complica\u00e7\u00f5es. Os m\u00e9todos da medicina tradicional chinesa s\u00e3o seguros, ecol\u00f3gicos e oferecem resultados r\u00e1pidos, sem efeitos colaterais.<\/span><\/p>\n<p><span style=\"font-weight: 400;\">Hoje em dia, a tecnologia moderna torna este conhecimento antigo acess\u00edvel a todos. O Bioenerg\u00e9tico Magic Foherb \u00e9 um dispositivo que ajuda a restaurar o equil\u00edbrio energ\u00e9tico no corpo e a melhorar a sa\u00fade. As sess\u00f5es de regula\u00e7\u00e3o bioenerg\u00e9tica com este massageador oferecem um m\u00e9todo simples e eficaz de tratamento e preven\u00e7\u00e3o, que limpa os meridianos, melhora a circula\u00e7\u00e3o sangu\u00ednea e resolve problemas corporais.<\/span><\/p>\n<p>&nbsp;<\/p>\n<h3><b>Princ\u00edpio de Funcionamento:<\/b><\/h3>\n<p>&nbsp;<\/p>\n<p><span style=\"font-weight: 400;\">Baseado nos princ\u00edpios da medicina tradicional chinesa e aplicando tecnologias modernas bi\u00f3nicas e ergon\u00f4micas, o massageador combina v\u00e1rias fun\u00e7\u00f5es: impulso, laser, v\u00e1cuo e aquecimento. Isso permite realizar procedimentos preventivos e terap\u00eauticos em casa sem a necessidade de visitar uma cl\u00ednica: acupuntura, massagem terap\u00eautica, ventosas, massagem gua sha (massagem de raspagem \u00f3ssea; m\u00e9todo de a\u00e7\u00e3o sobre pontos biologicamente ativos na medicina tradicional chinesa) e outros procedimentos. Al\u00e9m disso, o massageador pode ser usado na cosmetologia, para emagrecer e combater a celulite.<\/span><\/p>\n","protected":false},"featured_media":745,"template":"","categories":[6,29],"class_list":["post-1075","product","type-product","status-publish","has-post-thumbnail","hentry","categories-vse-tovary","categories-pribory"],"acf":[],"_links":{"self":[{"href":"https:\/\/mywhieda.com\/pt\/wp-json\/wp\/v2\/product\/1075","targetHints":{"allow":["GET"]}}],"collection":[{"href":"https:\/\/mywhieda.com\/pt\/wp-json\/wp\/v2\/product"}],"about":[{"href":"https:\/\/mywhieda.com\/pt\/wp-json\/wp\/v2\/types\/product"}],"wp:featuredmedia":[{"embeddable":true,"href":"https:\/\/mywhieda.com\/pt\/wp-json\/wp\/v2\/media\/745"}],"wp:attachment":[{"href":"https:\/\/mywhieda.com\/pt\/wp-json\/wp\/v2\/media?parent=1075"}],"wp:term":[{"taxonomy":"categories","embeddable":true,"href":"https:\/\/mywhieda.com\/pt\/wp-json\/wp\/v2\/categories?post=1075"}],"curies":[{"name":"wp","href":"https:\/\/api.w.org\/{rel}","templated":true}]}}