{"id":1077,"date":"2025-04-12T10:34:06","date_gmt":"2025-04-12T07:34:06","guid":{"rendered":"https:\/\/mywhieda.com\/?post_type=product&#038;p=1077"},"modified":"2026-02-12T23:38:48","modified_gmt":"2026-02-12T20:38:48","slug":"korrekcionnye-stelki-2-3-2","status":"publish","type":"product","link":"https:\/\/mywhieda.com\/pt\/product\/korrekcionnye-stelki-2-3-2\/","title":{"rendered":"Palmilhas corretoras"},"content":{"rendered":"<p><span style=\"font-weight: 400;\">Os p\u00e9s s\u00e3o o \u201csegundo cora\u00e7\u00e3o.\u201d A circula\u00e7\u00e3o sangu\u00ednea por todo o corpo est\u00e1 estreitamente relacionada aos p\u00e9s \u2013 desde ficar de p\u00e9 at\u00e9 caminhar \u2013 determinando a for\u00e7a e velocidade da circula\u00e7\u00e3o. Se os p\u00e9s n\u00e3o est\u00e3o saud\u00e1veis, os vasos sangu\u00edneos n\u00e3o desempenhar\u00e3o sua fun\u00e7\u00e3o, provocando estase de sangue nos membros inferiores e causando problemas inevit\u00e1veis de sa\u00fade<\/span><\/p>\n<p>&nbsp;<\/p>\n<h3><b>O que s\u00e3o as palmilhas corretivas?<\/b><\/h3>\n<p><b><br \/>\n<\/b><span style=\"font-weight: 400;\">As palmilhas corretivas foram projetadas para melhorar a sa\u00fade do esqueleto e de todo o organismo. Devido \u00e0 gravidade, aos dist\u00farbios metab\u00f3licos, ao esfor\u00e7o f\u00edsico, \u00e0 press\u00e3o e \u00e0s caracter\u00edsticas profissionais, a coluna vertebral pode desalinhar-se, levando a um desalinhamento de todo o esqueleto. 80% dos problemas de sa\u00fade est\u00e3o relacionados de alguma forma ao desalinhamento esquel\u00e9tico. O esqueleto sustenta todo o corpo, e a medula espinhal forma a base do sistema nervoso central. Se o desalinhamento do esqueleto causar compress\u00e3o dos nervos, a transmiss\u00e3o de sinais do c\u00e9rebro para os \u00f3rg\u00e3os ser\u00e1 bloqueada, interrompendo fun\u00e7\u00f5es corporais e atividades celulares e gerando m\u00faltiplas dificuldades.<\/span><\/p>\n<p>&nbsp;<\/p>\n<h3><b>Caracter\u00edsticas do produto:<\/b><\/h3>\n<p>&nbsp;<\/p>\n<ul>\n<li style=\"font-weight: 400;\" aria-level=\"1\"><span style=\"font-weight: 400;\">As palmilhas foram projetadas para se ajustar aos arcos naturais do p\u00e9, melhorar a estabilidade dos passos e alinhar as articula\u00e7\u00f5es, reduzindo a press\u00e3o nos p\u00e9s e nas articula\u00e7\u00f5es ao caminhar.<\/span><\/li>\n<li style=\"font-weight: 400;\" aria-level=\"1\"><span style=\"font-weight: 400;\">Fabricadas em total conformidade com dados anat\u00f4micos, ajudam a equilibrar o corpo e a reduzir consideravelmente o impacto negativo no esqueleto, nos ossos e nas articula\u00e7\u00f5es, causado pelas atividades di\u00e1rias.<\/span><\/li>\n<li style=\"font-weight: 400;\" aria-level=\"1\"><span style=\"font-weight: 400;\">Feitas de nanomateriais, com 20.000 pontos de massagem que ativam as zonas reflexas das plantas dos p\u00e9s.<\/span><\/li>\n<li style=\"font-weight: 400;\" aria-level=\"1\"><span style=\"font-weight: 400;\">Utilizam radia\u00e7\u00e3o infravermelha, um campo magn\u00e9tico e \u00e2nions para oferecer um efeito profundo de bem-estar. Os \u00edm\u00e3s incorporados criam um campo magn\u00e9tico que reduz a dor articular e o incha\u00e7o, diminuindo a inflama\u00e7\u00e3o. Os \u00edm\u00e3s tamb\u00e9m estimulam a circula\u00e7\u00e3o, melhorando o fornecimento de oxig\u00eanio e nutrientes \u00e0s c\u00e9lulas, acelerando sua repara\u00e7\u00e3o e regenera\u00e7\u00e3o.<\/span><\/li>\n<li style=\"font-weight: 400;\" aria-level=\"1\"><span style=\"font-weight: 400;\">As palmilhas Whieda incluem um indicador de cor para monitorar a sa\u00fade corporal: sua cor muda para refletir as altera\u00e7\u00f5es no corpo e no funcionamento dos \u00f3rg\u00e3os internos. Com o tempo, normalmente em alguns meses, podem adquirir v\u00e1rios tons, indicando poss\u00edveis problemas de sa\u00fade, como nos rins, sistema cardiovascular, pulm\u00f5es, trato gastrointestinal, f\u00edgado ou ba\u00e7o. \u00c9 importante lembrar que a mudan\u00e7a de cor n\u00e3o \u00e9 um diagn\u00f3stico; recomenda-se consultar um m\u00e9dico para obter orienta\u00e7\u00f5es e diagn\u00f3stico profissional.<\/span><\/li>\n<\/ul>\n<p>&nbsp;<\/p>\n<p><b>Liga ultra-dur\u00e1vel: estas palmilhas durar\u00e3o toda a vida! (at\u00e9 50 anos)<\/b><\/p>\n","protected":false},"featured_media":276,"template":"","categories":[6,31],"class_list":["post-1077","product","type-product","status-publish","has-post-thumbnail","hentry","categories-vse-tovary","categories-aksessuary"],"acf":[],"_links":{"self":[{"href":"https:\/\/mywhieda.com\/pt\/wp-json\/wp\/v2\/product\/1077","targetHints":{"allow":["GET"]}}],"collection":[{"href":"https:\/\/mywhieda.com\/pt\/wp-json\/wp\/v2\/product"}],"about":[{"href":"https:\/\/mywhieda.com\/pt\/wp-json\/wp\/v2\/types\/product"}],"wp:featuredmedia":[{"embeddable":true,"href":"https:\/\/mywhieda.com\/pt\/wp-json\/wp\/v2\/media\/276"}],"wp:attachment":[{"href":"https:\/\/mywhieda.com\/pt\/wp-json\/wp\/v2\/media?parent=1077"}],"wp:term":[{"taxonomy":"categories","embeddable":true,"href":"https:\/\/mywhieda.com\/pt\/wp-json\/wp\/v2\/categories?post=1077"}],"curies":[{"name":"wp","href":"https:\/\/api.w.org\/{rel}","templated":true}]}}