{"id":1079,"date":"2025-04-12T10:53:35","date_gmt":"2025-04-12T07:53:35","guid":{"rendered":"https:\/\/mywhieda.com\/?post_type=product&#038;p=1079"},"modified":"2026-04-10T13:24:30","modified_gmt":"2026-04-10T10:24:30","slug":"vysokotehnologichnye-ochki-2-3-2","status":"publish","type":"product","link":"https:\/\/mywhieda.com\/pt\/product\/vysokotehnologichnye-ochki-2-3-2\/","title":{"rendered":"\u00d3culos de alta tecnologia"},"content":{"rendered":"<p><span style=\"font-weight: 400;\">Os gadgets tornaram-se uma parte essencial das nossas vidas. Usamo-los tanto no trabalho como no tempo livre. \u00c9 dif\u00edcil imaginar uma pessoa moderna que n\u00e3o use um computador, smartphone ou tablet. Passamos horas em frente \u00e0s telas, o que gera uma carga significativa nos olhos. Como resultado, muitas pessoas experimentam fadiga ocular, dores de cabe\u00e7a, vis\u00e3o turva, secura e vermelhid\u00e3o nos olhos \u2013 sintomas caracter\u00edsticos da s\u00edndrome da vis\u00e3o de computador. Mesmo aqueles que n\u00e3o se queixam de problemas de vis\u00e3o geralmente apresentam miopia leve. As estat\u00edsticas s\u00e3o claras: 7 em cada 10 pessoas sofrem da s\u00edndrome da vis\u00e3o de computador de alguma forma.<\/span><\/p>\n<p><span style=\"font-weight: 400;\">Os \u00f3culos de alta tecnologia Whieda s\u00e3o a solu\u00e7\u00e3o para o problema da fadiga ocular. Protegem contra a radia\u00e7\u00e3o ultravioleta e a luz intensa, reduzem a tens\u00e3o ocular e melhoram a vis\u00e3o, mesmo durante longas horas de trabalho ao computador. Gra\u00e7as a um revestimento especial, os \u00f3culos n\u00e3o distorcem as cores e n\u00e3o causam desconforto ao usar.<\/span><\/p>\n<p><span style=\"font-weight: 400;\">O uso dos \u00f3culos Whieda ajuda a reduzir a tens\u00e3o e o estresse, eliminar dores de cabe\u00e7a, melhorar a vis\u00e3o e aliviar o desconforto nos olhos. Tamb\u00e9m protegem contra a radia\u00e7\u00e3o ultravioleta e estimulam a circula\u00e7\u00e3o sangu\u00ednea na \u00e1rea ocular, o que \u00e9 importante para prevenir doen\u00e7as oculares.<\/span><\/p>\n<p>&nbsp;<\/p>\n<p><b>Estes \u00f3culos tamb\u00e9m est\u00e3o dispon\u00edveis na vers\u00e3o infantil.<\/b><\/p>\n<p>&nbsp;<\/p>\n","protected":false},"featured_media":319,"template":"","categories":[6,31],"class_list":["post-1079","product","type-product","status-publish","has-post-thumbnail","hentry","categories-vse-tovary","categories-aksessuary"],"acf":[],"_links":{"self":[{"href":"https:\/\/mywhieda.com\/pt\/wp-json\/wp\/v2\/product\/1079","targetHints":{"allow":["GET"]}}],"collection":[{"href":"https:\/\/mywhieda.com\/pt\/wp-json\/wp\/v2\/product"}],"about":[{"href":"https:\/\/mywhieda.com\/pt\/wp-json\/wp\/v2\/types\/product"}],"wp:featuredmedia":[{"embeddable":true,"href":"https:\/\/mywhieda.com\/pt\/wp-json\/wp\/v2\/media\/319"}],"wp:attachment":[{"href":"https:\/\/mywhieda.com\/pt\/wp-json\/wp\/v2\/media?parent=1079"}],"wp:term":[{"taxonomy":"categories","embeddable":true,"href":"https:\/\/mywhieda.com\/pt\/wp-json\/wp\/v2\/categories?post=1079"}],"curies":[{"name":"wp","href":"https:\/\/api.w.org\/{rel}","templated":true}]}}