{"id":1081,"date":"2025-04-12T11:00:05","date_gmt":"2025-04-12T08:00:05","guid":{"rendered":"https:\/\/mywhieda.com\/?post_type=product&#038;p=1081"},"modified":"2025-09-14T14:42:35","modified_gmt":"2025-09-14T11:42:35","slug":"noski-s-grafenom-3-3-2","status":"publish","type":"product","link":"https:\/\/mywhieda.com\/pt\/product\/noski-s-grafenom-3-3-2\/","title":{"rendered":"As meias de grafeno"},"content":{"rendered":"<p><span style=\"font-weight: 400;\">Meias de Grafeno <\/span><b>Health Priority<\/b><span style=\"font-weight: 400;\"> s\u00e3o feitas de algod\u00e3o de fibra longa cultivado na regi\u00e3o de Xinjiang, na China, com a adi\u00e7\u00e3o de grafeno que gera \u00edons negativos e um fio especial com radia\u00e7\u00e3o infravermelha. Essas meias ret\u00eam o calor de forma eficaz, eliminam odores desagrad\u00e1veis, inibem o crescimento de bact\u00e9rias, promovem a circula\u00e7\u00e3o sangu\u00ednea e protegem a pele. A massagem por acupress\u00e3o e a tecelagem especial dos fios ajudam a aliviar a fadiga dos p\u00e9s e a melhorar a sa\u00fade dos mesmos.<\/span><\/p>\n<p><b>Ambiente de \u00cdons Negativos:<\/b><span style=\"font-weight: 400;\"> As meias criam um ambiente rico em \u00edons negativos que suprimem eficazmente o crescimento bacteriano, prevenindo infec\u00e7\u00f5es f\u00fangicas e proporcionando efeito desodorizante, eliminando o mau odor dos p\u00e9s.<\/span><\/p>\n<p><b>Design do Dedo e Calcanhar:<\/b><span style=\"font-weight: 400;\"> O dedo e o calcanhar s\u00e3o feitos de uma mistura de algod\u00e3o de fibra longa e fios especiais com grafeno e radia\u00e7\u00e3o infravermelha. Essa combina\u00e7\u00e3o melhora o isolamento t\u00e9rmico e a respirabilidade do tecido, al\u00e9m de preservar a radia\u00e7\u00e3o infravermelha e a capacidade de liberar \u00e2nions mesmo ap\u00f3s v\u00e1rias lavagens.<\/span><\/p>\n<p><b>Efeito de Acupress\u00e3o:<\/b><span style=\"font-weight: 400;\"> A tecelagem especial atua no ponto de acupress\u00e3o Yongquan (na sola do p\u00e9) durante a caminhada. Essa massagem suave estimula a circula\u00e7\u00e3o nos p\u00e9s e membros inferiores, al\u00e9m de aliviar a fadiga dos p\u00e9s.<\/span><\/p>\n<p><b>Press\u00e3o para Al\u00edvio da Fadiga:<\/b><span style=\"font-weight: 400;\"> A leve press\u00e3o ajuda a aliviar a fadiga ap\u00f3s longos per\u00edodos de caminhada ou perman\u00eancia em p\u00e9.<\/span><\/p>\n<p><b>Resist\u00eancia ao Escorregamento:<\/b><span style=\"font-weight: 400;\"> A tecelagem especial na \u00e1rea dos dedos, combinada com elastano de alta qualidade, evita escorreg\u00f5es e compress\u00e3o dos p\u00e9s.<\/span><\/p>\n<p><b>Algod\u00e3o de Alta Qualidade:<\/b><span style=\"font-weight: 400;\"> O algod\u00e3o de Xinjiang ajuda a reter o calor, sendo respir\u00e1vel e suave para a pele. \u00c9 seguro tanto para a sa\u00fade quanto para o meio ambiente.<\/span><\/p>\n<p>&nbsp;<\/p>\n<p><b>5 Benef\u00edcios para a Sa\u00fade:<\/b><\/p>\n<ul>\n<li style=\"font-weight: 400;\" aria-level=\"1\"><span style=\"font-weight: 400;\">Terapia Infravermelha<\/span><span style=\"font-weight: 400;\"><br \/>\n<\/span><\/li>\n<li style=\"font-weight: 400;\" aria-level=\"1\"><span style=\"font-weight: 400;\">\u00cdons Negativos<\/span><span style=\"font-weight: 400;\"><br \/>\n<\/span><\/li>\n<li style=\"font-weight: 400;\" aria-level=\"1\"><span style=\"font-weight: 400;\">Efeitos Antibacterianos e Desodorizantes<\/span><span style=\"font-weight: 400;\"><br \/>\n<\/span><\/li>\n<li style=\"font-weight: 400;\" aria-level=\"1\"><span style=\"font-weight: 400;\">Circula\u00e7\u00e3o Melhorada<\/span><span style=\"font-weight: 400;\"><br \/>\n<\/span><\/li>\n<li style=\"font-weight: 400;\" aria-level=\"1\"><span style=\"font-weight: 400;\">Efeitos de Acupress\u00e3o nos Pontos e Meridianos dos P\u00e9s<\/span><\/li>\n<\/ul>\n<p><b>Garantia de Qualidade<\/b><\/p>\n<p><span style=\"font-weight: 400;\">Cada par de nossas meias atende ao padr\u00e3o de seguran\u00e7a t\u00eaxtil <\/span><b>GB 18401-2010 (Classe B)<\/b><span style=\"font-weight: 400;\"> e ao padr\u00e3o de qualidade da ind\u00fastria <\/span><b>FZ\/T 73001-2016<\/b><span style=\"font-weight: 400;\">.<\/span><span style=\"font-weight: 400;\"><br \/>\n<\/span><span style=\"font-weight: 400;\"> Garantimos seguran\u00e7a e qualidade confi\u00e1vel.<\/span><\/p>\n<p>&nbsp;<\/p>\n<p><b>Cores:<\/b><span style=\"font-weight: 400;\"> Preto, Cinza<\/span><span style=\"font-weight: 400;\"><br \/>\n<\/span> <b>Tamanhos:<\/b><span style=\"font-weight: 400;\"> 23-25 cm (n\u00ba 36-40), 25-27 cm (n\u00ba 40-44)<\/span><span style=\"font-weight: 400;\"><br \/>\n<\/span> <b>Embalagem:<\/b><span style=\"font-weight: 400;\"> 5 pares (3 pares pretos, 2 pares cinzas)<\/span><\/p>\n<p><b>Composi\u00e7\u00e3o:<\/b><\/p>\n<ul>\n<li style=\"font-weight: 400;\" aria-level=\"1\"><span style=\"font-weight: 400;\">Meias pretas: 80,2% algod\u00e3o, 17,4% nylon, 2,4% elastano<\/span><span style=\"font-weight: 400;\"><br \/>\n<\/span><\/li>\n<li style=\"font-weight: 400;\" aria-level=\"1\"><span style=\"font-weight: 400;\">Meias cinzas: 80,7% algod\u00e3o, 17% nylon, 2,3% elastano<\/span><\/li>\n<\/ul>\n<p><b>Instru\u00e7\u00f5es de Cuidado:<\/b><\/p>\n<ul>\n<li style=\"font-weight: 400;\" aria-level=\"1\"><span style=\"font-weight: 400;\">Lavar \u00e0 m\u00e3o<\/span><span style=\"font-weight: 400;\"><br \/>\n<\/span><\/li>\n<li style=\"font-weight: 400;\" aria-level=\"1\"><span style=\"font-weight: 400;\">Secar na vertical<\/span><span style=\"font-weight: 400;\"><br \/>\n<\/span><\/li>\n<li style=\"font-weight: 400;\" aria-level=\"1\"><span style=\"font-weight: 400;\">N\u00e3o usar alvejante<\/span><span style=\"font-weight: 400;\"><br \/>\n<\/span><\/li>\n<li style=\"font-weight: 400;\" aria-level=\"1\"><span style=\"font-weight: 400;\">N\u00e3o passar a ferro<\/span><span style=\"font-weight: 400;\"><br \/>\n<\/span><\/li>\n<li style=\"font-weight: 400;\" aria-level=\"1\"><span style=\"font-weight: 400;\">Proibida a lavagem a seco<\/span><\/li>\n<\/ul>\n","protected":false},"featured_media":1250,"template":"","categories":[6,31],"class_list":["post-1081","product","type-product","status-publish","has-post-thumbnail","hentry","categories-vse-tovary","categories-aksessuary"],"acf":[],"_links":{"self":[{"href":"https:\/\/mywhieda.com\/pt\/wp-json\/wp\/v2\/product\/1081","targetHints":{"allow":["GET"]}}],"collection":[{"href":"https:\/\/mywhieda.com\/pt\/wp-json\/wp\/v2\/product"}],"about":[{"href":"https:\/\/mywhieda.com\/pt\/wp-json\/wp\/v2\/types\/product"}],"wp:featuredmedia":[{"embeddable":true,"href":"https:\/\/mywhieda.com\/pt\/wp-json\/wp\/v2\/media\/1250"}],"wp:attachment":[{"href":"https:\/\/mywhieda.com\/pt\/wp-json\/wp\/v2\/media?parent=1081"}],"wp:term":[{"taxonomy":"categories","embeddable":true,"href":"https:\/\/mywhieda.com\/pt\/wp-json\/wp\/v2\/categories?post=1081"}],"curies":[{"name":"wp","href":"https:\/\/api.w.org\/{rel}","templated":true}]}}