{"id":1083,"date":"2025-04-12T11:04:43","date_gmt":"2025-04-12T08:04:43","guid":{"rendered":"https:\/\/mywhieda.com\/?post_type=product&#038;p=1083"},"modified":"2026-04-20T22:01:44","modified_gmt":"2026-04-20T19:01:44","slug":"energeticheskiy-palantin-2-2-2-2","status":"publish","type":"product","link":"https:\/\/mywhieda.com\/pt\/product\/energeticheskiy-palantin-2-2-2-2\/","title":{"rendered":"Chal energ\u00e9tico (Palantin)"},"content":{"rendered":"<p><span style=\"font-weight: 400;\">Xale Energ\u00e9tico \u2013 \u00e9 o cuidado com a sua sa\u00fade, conforto e eleg\u00e2ncia. Tr\u00eas conhecimentos para o cuidado da sa\u00fade, unidos \u00e0 ci\u00eancia e \u00e0 tecnologia moderna.<\/span><\/p>\n<p><span style=\"font-weight: 400;\">Poli\u00e9ster e germ\u00e2nio \u2013 base do xale, equilibrados com um enfoque cient\u00edfico minucioso.<\/span><\/p>\n<p>&nbsp;<\/p>\n<h3><b>Benef\u00edcios para a sa\u00fade:<\/b><\/h3>\n<p>&nbsp;<\/p>\n<ul>\n<li style=\"font-weight: 400;\" aria-level=\"1\"><span style=\"font-weight: 400;\">O germ\u00e2nio org\u00e2nico do xale possui fun\u00e7\u00f5es de emiss\u00e3o de raios infravermelhos e libera\u00e7\u00e3o de \u00e2nions.<\/span><\/li>\n<li style=\"font-weight: 400;\" aria-level=\"1\"><span style=\"font-weight: 400;\">Promove a melhora da circula\u00e7\u00e3o sangu\u00ednea e da microcircula\u00e7\u00e3o.<\/span><\/li>\n<li style=\"font-weight: 400;\" aria-level=\"1\"><span style=\"font-weight: 400;\">Ajuda a aliviar o mal-estar e a fadiga na \u00e1rea do pesco\u00e7o e dos ombros.<\/span><\/li>\n<li style=\"font-weight: 400;\" aria-level=\"1\"><span style=\"font-weight: 400;\">Retarda o envelhecimento da pele e melhora os indicadores de sa\u00fade<\/span><\/li>\n<\/ul>\n<p>&nbsp;<\/p>\n<p><span style=\"font-weight: 400;\">Conforto e cuidado com a pele: A t\u00e9cnica \u00fanica de tecelagem com materiais suaves, leves e finos permite conservar o calor, proporcionar conforto, respirabilidade e dar \u00e0 pele uma sensa\u00e7\u00e3o de cuidado delicado.<\/span><\/p>\n<p><span style=\"font-weight: 400;\">A regi\u00e3o do pesco\u00e7o e dos ombros \u00e9 o \u201ccruzamento\u201d mais importante do corpo humano: Esta \u00e1rea necessita de prote\u00e7\u00e3o confi\u00e1vel, pois \u00e9 onde se encontram muitos canais energ\u00e9ticos e o ponto biologicamente ativo Da-Zhui.<\/span><\/p>\n<p><span style=\"font-weight: 400;\">A \u00e1rea do pesco\u00e7o e dos ombros costuma ficar descoberta. Fatores como as condi\u00e7\u00f5es naturais externas, o ar-condicionado no ver\u00e3o, o cansa\u00e7o cr\u00f4nico, entre outros, podem levar a les\u00f5es nessa \u00e1rea.<\/span><\/p>\n<p><span style=\"font-weight: 400;\">A falta de movimento desacelera a circula\u00e7\u00e3o sangu\u00ednea e o metabolismo, o que, com o tempo, conduz a obstru\u00e7\u00f5es nos canais energ\u00e9ticos, estagna\u00e7\u00e3o do Qi e do sangue, interrup\u00e7\u00e3o do fornecimento de sangue ao c\u00e9rebro, sonol\u00eancia e fadiga, ac\u00famulo de toxinas, espasmos e dores musculares, e ao desenvolvimento de v\u00e1rias doen\u00e7as.<\/span><\/p>\n<p><span style=\"font-weight: 400;\">O xale energ\u00e9tico FOHERB \u00e9 uma poderosa barreira que protege o corpo de fatores como o vento e o frio. Aumenta a temperatura na \u00e1rea de uso e regula o estado normal do corpo.<\/span><\/p>\n<p><span style=\"font-weight: 400;\">O xale \u00e9 sempre um atributo elegante e atraente para as mulheres.<\/span><\/p>\n<p><span style=\"font-weight: 400;\">O xale funcional FOHERB combina beleza e praticidade, protegendo de forma confi\u00e1vel contra o ar frio do ar-condicionado e sendo um complemento elegante e estilizado para a sua imagem no ver\u00e3o.<\/span><\/p>\n<p>&nbsp;<\/p>\n<h3><span style=\"font-weight: 400;\">\ud83c\udf1e <\/span><b>Excelente prote\u00e7\u00e3o contra o sol<\/b><span style=\"font-weight: 400;\">\u00a0<\/span><\/h3>\n<p>&nbsp;<\/p>\n<p><span style=\"font-weight: 400;\">Al\u00e9m de creme solar, guarda-chuva e \u00f3culos de sol, voc\u00ea tamb\u00e9m pode usar o xale energ\u00e9tico. Basta coloc\u00e1-lo sobre os ombros e o pesco\u00e7o, e ele o proteger\u00e1 do sol. O material do xale energ\u00e9tico \u00e9 altamente respir\u00e1vel, absorve o suor e \u00e9 agrad\u00e1vel ao corpo.<\/span><\/p>\n<p>&nbsp;<\/p>\n<h3><span style=\"font-weight: 400;\">\u2744\ufe0f <\/span><b>Preven\u00e7\u00e3o de \u201cdoen\u00e7as do ar-condicionado\u201d<\/b><span style=\"font-weight: 400;\">\u00a0<\/span><\/h3>\n<p>&nbsp;<\/p>\n<p><span style=\"font-weight: 400;\">No ver\u00e3o, seja no escrit\u00f3rio, no carro ou em casa, costumamos usar o ar-condicionado, e isso provoca o resfriamento da parte de tr\u00e1s do pesco\u00e7o.<\/span><\/p>\n<p><span style=\"font-weight: 400;\">Na parte posterior do pesco\u00e7o encontram-se 3 pontos biologicamente ativos importantes: Feng-Fu, Feng-Chi e Feng-Men, por meio dos quais os fatores patog\u00eanicos do vento e do frio entram mais facilmente no corpo. O ar frio que penetra nesses pontos causa problemas de circula\u00e7\u00e3o e leva a tonturas, dores de cabe\u00e7a, ins\u00f4nia, dores no pesco\u00e7o e nos ombros, entre outros problemas.<\/span><\/p>\n<p>&nbsp;<\/p>\n","protected":false},"featured_media":287,"template":"","categories":[6,31],"class_list":["post-1083","product","type-product","status-publish","has-post-thumbnail","hentry","categories-vse-tovary","categories-aksessuary"],"acf":[],"_links":{"self":[{"href":"https:\/\/mywhieda.com\/pt\/wp-json\/wp\/v2\/product\/1083","targetHints":{"allow":["GET"]}}],"collection":[{"href":"https:\/\/mywhieda.com\/pt\/wp-json\/wp\/v2\/product"}],"about":[{"href":"https:\/\/mywhieda.com\/pt\/wp-json\/wp\/v2\/types\/product"}],"wp:featuredmedia":[{"embeddable":true,"href":"https:\/\/mywhieda.com\/pt\/wp-json\/wp\/v2\/media\/287"}],"wp:attachment":[{"href":"https:\/\/mywhieda.com\/pt\/wp-json\/wp\/v2\/media?parent=1083"}],"wp:term":[{"taxonomy":"categories","embeddable":true,"href":"https:\/\/mywhieda.com\/pt\/wp-json\/wp\/v2\/categories?post=1083"}],"curies":[{"name":"wp","href":"https:\/\/api.w.org\/{rel}","templated":true}]}}