{"id":1085,"date":"2025-04-12T11:17:17","date_gmt":"2025-04-12T08:17:17","guid":{"rendered":"https:\/\/mywhieda.com\/?post_type=product&#038;p=1085"},"modified":"2025-04-13T16:34:37","modified_gmt":"2025-04-13T13:34:37","slug":"turmalinovyy-magnitnyy-poyas-2-3-2","status":"publish","type":"product","link":"https:\/\/mywhieda.com\/pt\/product\/turmalinovyy-magnitnyy-poyas-2-3-2\/","title":{"rendered":"Cinto Magn\u00e9tico de Turmalina"},"content":{"rendered":"<h3><b>Composi\u00e7\u00e3o do cinto magn\u00e9tico<\/b><\/h3>\n<ul>\n<li style=\"font-weight: 400;\" aria-level=\"1\"><span style=\"font-weight: 400;\">38,9% de fibra de poli\u00e9ster (turmalina)\u00a0<\/span><\/li>\n<li style=\"font-weight: 400;\" aria-level=\"1\"><span style=\"font-weight: 400;\">34,4% de algod\u00e3o\u00a0<\/span><\/li>\n<li style=\"font-weight: 400;\" aria-level=\"1\"><span style=\"font-weight: 400;\">26,7% de elastano\u00a0<\/span><\/li>\n<li style=\"font-weight: 400;\" aria-level=\"1\"><span style=\"font-weight: 400;\">2 gr\u00e2nulos magn\u00e9ticos\u00a0<\/span><\/li>\n<li style=\"font-weight: 400;\" aria-level=\"1\"><span style=\"font-weight: 400;\">4 placas de suporte (cont\u00eam 14 gr\u00e2nulos em seu interior)<\/span><\/li>\n<\/ul>\n<p><span style=\"font-weight: 400;\">O material principal do cinto magn\u00e9tico \u00e9 a FIBRA DE TURMALINA, capaz de emitir radia\u00e7\u00f5es infravermelhas de longo alcance de 4 a 14 micr\u00f4metros. Em combina\u00e7\u00e3o com os \u00edm\u00e3s, ajuda a melhorar a microcircula\u00e7\u00e3o na regi\u00e3o lombar, realiza uma massagem est\u00e1tica na \u00e1rea, alivia a fadiga e a dor, ret\u00e9m o calor e fornece um suporte seguro para a regi\u00e3o lombar.<\/span><\/p>\n<p>&nbsp;<\/p>\n<p><b>A fibra tamb\u00e9m cont\u00e9m part\u00edculas de carv\u00e3o de bambu.<\/b><\/p>\n<ul>\n<li style=\"font-weight: 400;\" aria-level=\"1\"><span style=\"font-weight: 400;\">SUAVE E EL\u00c1STICA<\/span><\/li>\n<li style=\"font-weight: 400;\" aria-level=\"1\"><span style=\"font-weight: 400;\">ABSORVENTE E TRANSPIRANTE<\/span><\/li>\n<li style=\"font-weight: 400;\" aria-level=\"1\"><span style=\"font-weight: 400;\">ANTIBACTERIANA\u00a0<\/span><\/li>\n<li style=\"font-weight: 400;\" aria-level=\"1\"><span style=\"font-weight: 400;\">QUENTE NO INVERNO E FRESCA NO VER\u00c3O<\/span><\/li>\n<li style=\"font-weight: 400;\" aria-level=\"1\"><span style=\"font-weight: 400;\">ECOL\u00d3GICA<\/span><\/li>\n<\/ul>\n<p>&nbsp;<\/p>\n<p><b>DESIGN ERGON\u00d4MICO<\/b><\/p>\n<ul>\n<li style=\"font-weight: 400;\" aria-level=\"1\"><span style=\"font-weight: 400;\">Fino e flex\u00edvel<\/span><\/li>\n<li style=\"font-weight: 400;\" aria-level=\"1\"><span style=\"font-weight: 400;\">Adaptado \u00e0 curva natural da lordose do corpo humano<\/span><\/li>\n<li style=\"font-weight: 400;\" aria-level=\"1\"><span style=\"font-weight: 400;\">Confort\u00e1vel e dur\u00e1vel<\/span><\/li>\n<\/ul>\n<p>&nbsp;<\/p>\n<h3><b>DESCOMPRESS\u00c3O DE SUPORTE<\/b><\/h3>\n<p><span style=\"font-weight: 400;\">O suporte lombar \u00e9 equipado com uma placa de suporte magn\u00e9tico tridimensional para um apoio confi\u00e1vel na regi\u00e3o lombar.<\/span><\/p>\n<p>&nbsp;<\/p>\n<h3><b>AL\u00cdVIO DA FADIGA<\/b><\/h3>\n<p><span style=\"font-weight: 400;\">Gra\u00e7as \u00e0 a\u00e7\u00e3o dos \u00edm\u00e3s, \u00e9 poss\u00edvel eliminar efetivamente a fadiga e aliviar a dor na regi\u00e3o lombar.<\/span><\/p>\n<p>&nbsp;<\/p>\n<h3><b>BOLSO FUNCIONAL PARA INSER\u00c7\u00d5ES DE AQUECIMENTO<\/b><\/h3>\n<p><span style=\"font-weight: 400;\">O cinto magn\u00e9tico inclui um bolso funcional para inserir pacotes do \u201cConjunto Aquecedor de Artem\u00edsia\u201d. Coloque a bolsinha de artem\u00edsia e o pacote t\u00e9rmico com energia mineral no bolso. Sob o efeito t\u00e9rmico do pacote, a bolsinha de artem\u00edsia aquece os meridianos, melhora a circula\u00e7\u00e3o de energia Qi e o fluxo sangu\u00edneo, dissipa o \u201cfrio\u201d, reduz a fadiga e contribui para melhorar o fluxo sangu\u00edneo e aliviar a dor na regi\u00e3o lombar.<\/span><\/p>\n<p>&nbsp;<\/p>\n<p><b>Especifica\u00e7\u00f5es T\u00e9cnicas:<\/b><\/p>\n<p><span style=\"font-weight: 400;\">M \u2013 85 cm x 19 cm \/ circunfer\u00eancia da cintura: 75\u201380 cm\u00a0<\/span><\/p>\n<p><span style=\"font-weight: 400;\">L \u2013 90 cm x 19 cm \/ circunfer\u00eancia da cintura: 85\u201395 cm\u00a0<\/span><\/p>\n<p><span style=\"font-weight: 400;\">XL \u2013 98 cm x 19 cm \/ circunfer\u00eancia da cintura: 95\u2013105 cm\u00a0<\/span><\/p>\n<p><span style=\"font-weight: 400;\">XXL \u2013 108 cm x 19 cm \/ circunfer\u00eancia da cintura: 105\u2013115 cm<\/span><\/p>\n","protected":false},"featured_media":272,"template":"","categories":[6,31],"class_list":["post-1085","product","type-product","status-publish","has-post-thumbnail","hentry","categories-vse-tovary","categories-aksessuary"],"acf":[],"_links":{"self":[{"href":"https:\/\/mywhieda.com\/pt\/wp-json\/wp\/v2\/product\/1085","targetHints":{"allow":["GET"]}}],"collection":[{"href":"https:\/\/mywhieda.com\/pt\/wp-json\/wp\/v2\/product"}],"about":[{"href":"https:\/\/mywhieda.com\/pt\/wp-json\/wp\/v2\/types\/product"}],"wp:featuredmedia":[{"embeddable":true,"href":"https:\/\/mywhieda.com\/pt\/wp-json\/wp\/v2\/media\/272"}],"wp:attachment":[{"href":"https:\/\/mywhieda.com\/pt\/wp-json\/wp\/v2\/media?parent=1085"}],"wp:term":[{"taxonomy":"categories","embeddable":true,"href":"https:\/\/mywhieda.com\/pt\/wp-json\/wp\/v2\/categories?post=1085"}],"curies":[{"name":"wp","href":"https:\/\/api.w.org\/{rel}","templated":true}]}}