{"id":1087,"date":"2025-04-12T11:20:15","date_gmt":"2025-04-12T08:20:15","guid":{"rendered":"https:\/\/mywhieda.com\/?post_type=product&#038;p=1087"},"modified":"2026-04-16T17:57:35","modified_gmt":"2026-04-16T14:57:35","slug":"sistema-dlya-sna-4-v-1-2-3-2","status":"publish","type":"product","link":"https:\/\/mywhieda.com\/pt\/product\/sistema-dlya-sna-4-v-1-2-3-2\/","title":{"rendered":"O sistema de sono 4 em 1"},"content":{"rendered":"<p><b>Abordagem Cient\u00edfica para um Sono de Qualidade \u2013 Experimente uma Nova Abordagem para o Bem-estar<\/b><\/p>\n<h3><\/h3>\n<h3><strong>\u00c9 voc\u00ea mesmo?<\/strong><\/h3>\n<p>&nbsp;<\/p>\n<ul>\n<li style=\"font-weight: 400;\" aria-level=\"1\"><span style=\"font-weight: 400;\">Grande tens\u00e3o, fadiga e dificuldades para adormecer\u00a0<\/span><\/li>\n<li style=\"font-weight: 400;\" aria-level=\"1\"><span style=\"font-weight: 400;\">M\u00e1 qualidade de sono, ins\u00f4nia, sonhos frequentes e despertar cedo\u00a0<\/span><\/li>\n<li style=\"font-weight: 400;\" aria-level=\"1\"><span style=\"font-weight: 400;\">Travesseiros inadequados, ocorr\u00eancia frequente de dor nos ombros e pesco\u00e7o ou compress\u00e3o dos nervos<\/span><\/li>\n<\/ul>\n<p>&nbsp;<\/p>\n<p><b>Inova\u00e7\u00f5es para criar um sono saud\u00e1vel<\/b><span style=\"font-weight: 400;\">\u00a0<\/span><\/p>\n<p>&nbsp;<\/p>\n<p><span style=\"font-weight: 400;\">Desfrute do m\u00e1ximo conforto no sono escolhendo um sistema de sono saud\u00e1vel e de bem-estar.<\/span><\/p>\n<p><span style=\"font-weight: 400;\">Um sono confort\u00e1vel restaura nossas energias ap\u00f3s o cansa\u00e7o acumulado durante o dia e nos d\u00e1 vitalidade para novas conquistas. Esperamos que, ap\u00f3s um dia agitado, voc\u00ea possa desfrutar de um sono de qualidade e recarregar suas energias. O sistema de sono 4 em 1 proporcionar\u00e1 a voc\u00ea um sono profundo e saud\u00e1vel, fazendo de cada noite um verdadeiro prazer!<\/span><\/p>\n<p>&nbsp;<\/p>\n<p><b>Um Bom Sono \u2013 Fonte de Sa\u00fade<\/b><span style=\"font-weight: 400;\">\u00a0<\/span><\/p>\n<p>&nbsp;<\/p>\n<p><span style=\"font-weight: 400;\">O sistema de sono 4 em 1 \u00e9 composto por um tecido 100% algod\u00e3o com relevo, enriquecido com a fun\u00e7\u00e3o de \u00edons negativos e radia\u00e7\u00e3o infravermelha de longo alcance. Ele \u00e9 capaz de liberar continuamente radia\u00e7\u00e3o infravermelha de longo alcance e \u00edons negativos, o que acelera a microcircula\u00e7\u00e3o sangu\u00ednea no corpo e estimula o metabolismo. \u00c9 agrad\u00e1vel para a pele, proporcionando uma sensa\u00e7\u00e3o de suavidade, conforto e boa respirabilidade, permitindo que sua pele receba o devido cuidado e garantindo um descanso noturno de qualidade e recupera\u00e7\u00e3o de energias. O elegante tecido com relevo, de um tom suave de amarelo, \u00e9 um luxo digno e elegante que lhe proporcionar\u00e1 um sono excelente.<\/span><\/p>\n<p>&nbsp;<\/p>\n<p><b>Design estiloso de mala, f\u00e1cil de transportar<\/b><span style=\"font-weight: 400;\">\u00a0<\/span><\/p>\n<p>&nbsp;<\/p>\n<p><span style=\"font-weight: 400;\">A mala possui um cabo resistente e um estilo retr\u00f4, com um cadeado TSA combinado que aumenta sua resist\u00eancia. As rodas duplas de borracha girat\u00f3rias, com sistema de amortecimento e redu\u00e7\u00e3o de ru\u00eddo, proporcionam um uso mais suave.<\/span><\/p>\n<p>&nbsp;<\/p>\n<p><b>Personaliza\u00e7\u00e3o de marca, abordagem exclusiva.<\/b><span style=\"font-weight: 400;\"> Nas malas, \u00e9 gravado o logotipo da empresa e o nome do comprador, o que melhora a imagem, fortalece o senso de pertencimento e gera confian\u00e7a e respeito nos clientes.<\/span><\/p>\n<p>&nbsp;<\/p>\n<p><b>Design complementar, f\u00e1cil de transportar<\/b><\/p>\n<p><span style=\"font-weight: 400;\">O sistema de sono 4 em 1 e a mala pessoal s\u00e3o o complemento ideal.<\/span><\/p>\n<ul>\n<li style=\"font-weight: 400;\" aria-level=\"1\"><span style=\"font-weight: 400;\">Para as pessoas que viajam com frequ\u00eancia, em viagens de neg\u00f3cios ou que est\u00e3o se mudando, este sistema \u00e9 conveniente para transportar, e a venda conjunta torna-se ainda mais atraente.<\/span><\/li>\n<li style=\"font-weight: 400;\" aria-level=\"1\"><span style=\"font-weight: 400;\">No uso dom\u00e9stico, ocupa pouco espa\u00e7o, \u00e9 f\u00e1cil de armazenar e pode oferecer uma melhor prote\u00e7\u00e3o higi\u00eanica.<\/span><\/li>\n<\/ul>\n","protected":false},"featured_media":254,"template":"","categories":[6,31],"class_list":["post-1087","product","type-product","status-publish","has-post-thumbnail","hentry","categories-vse-tovary","categories-aksessuary"],"acf":[],"_links":{"self":[{"href":"https:\/\/mywhieda.com\/pt\/wp-json\/wp\/v2\/product\/1087","targetHints":{"allow":["GET"]}}],"collection":[{"href":"https:\/\/mywhieda.com\/pt\/wp-json\/wp\/v2\/product"}],"about":[{"href":"https:\/\/mywhieda.com\/pt\/wp-json\/wp\/v2\/types\/product"}],"wp:featuredmedia":[{"embeddable":true,"href":"https:\/\/mywhieda.com\/pt\/wp-json\/wp\/v2\/media\/254"}],"wp:attachment":[{"href":"https:\/\/mywhieda.com\/pt\/wp-json\/wp\/v2\/media?parent=1087"}],"wp:term":[{"taxonomy":"categories","embeddable":true,"href":"https:\/\/mywhieda.com\/pt\/wp-json\/wp\/v2\/categories?post=1087"}],"curies":[{"name":"wp","href":"https:\/\/api.w.org\/{rel}","templated":true}]}}