{"id":1089,"date":"2025-04-12T11:25:16","date_gmt":"2025-04-12T08:25:16","guid":{"rendered":"https:\/\/mywhieda.com\/?post_type=product&#038;p=1089"},"modified":"2026-04-19T16:27:05","modified_gmt":"2026-04-19T13:27:05","slug":"anionovye-prokladki-anion-2-3-2","status":"publish","type":"product","link":"https:\/\/mywhieda.com\/pt\/product\/anionovye-prokladki-anion-2-3-2\/","title":{"rendered":"Absorventes Ani\u00f3nicos Anion+"},"content":{"rendered":"<p><span style=\"font-weight: 400;\">Cada mulher utiliza absorventes higi\u00eanicos mensalmente, e \u00e9 importante escolher produtos que n\u00e3o sejam apenas seguros para a sa\u00fade, mas que tamb\u00e9m contribuam para a sua melhoria. Apresentamos os absorventes ani\u00f3nicos <\/span><b>Anion+<\/b><span style=\"font-weight: 400;\">, projetados para proporcionar confian\u00e7a e seguran\u00e7a nos dias cr\u00edticos.<\/span><\/p>\n<p><span style=\"font-weight: 400;\">Os absorventes Anion+ est\u00e3o dispon\u00edveis em tr\u00eas tipos: <\/span><b>diurnos<\/b><span style=\"font-weight: 400;\">, <\/span><b>noturnos <\/b><span style=\"font-weight: 400;\">e <\/span><b>di\u00e1rios<\/b><span style=\"font-weight: 400;\">. Tamb\u00e9m h\u00e1 estojos espec\u00edficos contendo somente absorventes diurnos ou somente di\u00e1rios.<\/span><\/p>\n<p>&nbsp;<\/p>\n<p><b>Estojos de 19 pacotes:<\/b><span style=\"font-weight: 400;\">\u00a0<\/span><\/p>\n<ul>\n<li style=\"font-weight: 400;\" aria-level=\"1\"><span style=\"font-weight: 400;\">Diurnos: 10 pacotes de 10 unidades.\u00a0<\/span><\/li>\n<li style=\"font-weight: 400;\" aria-level=\"1\"><span style=\"font-weight: 400;\">Noturnos: 4 pacotes de 8 unidades.\u00a0<\/span><\/li>\n<li style=\"font-weight: 400;\" aria-level=\"1\"><span style=\"font-weight: 400;\">Di\u00e1rios: 5 pacotes de 30 unidades.<\/span><\/li>\n<\/ul>\n<p><span style=\"font-weight: 400;\">Este estojo foi projetado para durar, em m\u00e9dia, de <\/span><b>10 a 12 meses<\/b><span style=\"font-weight: 400;\"> e cont\u00e9m absorventes ecol\u00f3gicos, de algod\u00e3o e respir\u00e1veis, em uma embalagem segura. Estes absorventes contam com um chip ani\u00f3nico \u00fanico, fabricado com tecnologia japonesa.<\/span><\/p>\n<p>&nbsp;<\/p>\n<h3><b>Por que escolher os absorventes ani\u00f3nicos da WHIEDA?<\/b><\/h3>\n<p>&nbsp;<\/p>\n<p><span style=\"font-weight: 400;\">Os absorventes ani\u00f3nicos <\/span><b>Anion+<\/b><span style=\"font-weight: 400;\"> n\u00e3o s\u00f3 proporcionam conforto, como tamb\u00e9m ajudam a prevenir diversas doen\u00e7as ginecol\u00f3gicas.\u00a0<\/span><\/p>\n<p><span style=\"font-weight: 400;\">Gra\u00e7as ao seu processador ani\u00f3nico-magn\u00e9tico, esses absorventes melhoram o equil\u00edbrio biomagn\u00e9tico no corpo, promovem a circula\u00e7\u00e3o sangu\u00ednea, reduzem a inflama\u00e7\u00e3o e a dor, aumentam a imunidade e beneficiam o sistema nervoso, o que melhora o estado emocional durante os dias cr\u00edticos.<\/span><\/p>\n<p><b>Componentes e Benef\u00edcios Chave:<\/b><\/p>\n<ul>\n<li style=\"font-weight: 400;\" aria-level=\"1\"><b>Bambu Ani\u00f3nico:<\/b><span style=\"font-weight: 400;\"> Absorve as bact\u00e9rias anaer\u00f3bicas, elimina o excesso de umidade e neutraliza os odores desagrad\u00e1veis.\u00a0<\/span><\/li>\n<li style=\"font-weight: 400;\" aria-level=\"1\"><b>Processador Magn\u00e9tico-Ani\u00f3nico:<\/b><span style=\"font-weight: 400;\"> Absorve as bact\u00e9rias anaer\u00f3bicas e cria um ambiente hostil para elas. Isso impede sua prolifera\u00e7\u00e3o e previne infec\u00e7\u00f5es.\u00a0<\/span><\/li>\n<li style=\"font-weight: 400;\" aria-level=\"1\"><b>\u00cdons de Prata:<\/b><span style=\"font-weight: 400;\"> Inclu\u00eddos no processador magn\u00e9tico, criam um efeito protetor sobre os \u00f3rg\u00e3os reprodutivos, eliminando bact\u00e9rias nocivas e proporcionando um efeito terap\u00eautico.<\/span><\/li>\n<\/ul>\n<p><b>Inova\u00e7\u00e3o e Ecol\u00f3gica<\/b><\/p>\n<p><span style=\"font-weight: 400;\">O material da camada dos absorventes ani\u00f3nicos foi patenteado, \u00e9 ecol\u00f3gico e se decomp\u00f5e em <\/span><b>1\u20132 anos<\/b><span style=\"font-weight: 400;\">. Ao contr\u00e1rio de outros absorventes, os ani\u00f3nicos permitem a passagem do ar, inibindo o crescimento bacteriano, o que ajuda a evitar problemas de sa\u00fade, inclusive <\/span><b>a infertilidade<\/b><span style=\"font-weight: 400;\">.<\/span><\/p>\n<p><span style=\"font-weight: 400;\">Os absorventes Anion+ proporcionam<\/span><b> at\u00e9 12 horas de uso cont\u00ednuo<\/b><span style=\"font-weight: 400;\"> sem prolifera\u00e7\u00e3o bacteriana, permitindo um bem-estar integral durante os dias cr\u00edticos.<\/span><\/p>\n","protected":false},"featured_media":263,"template":"","categories":[6,30],"class_list":["post-1089","product","type-product","status-publish","has-post-thumbnail","hentry","categories-vse-tovary","categories-gigiena"],"acf":[],"_links":{"self":[{"href":"https:\/\/mywhieda.com\/pt\/wp-json\/wp\/v2\/product\/1089","targetHints":{"allow":["GET"]}}],"collection":[{"href":"https:\/\/mywhieda.com\/pt\/wp-json\/wp\/v2\/product"}],"about":[{"href":"https:\/\/mywhieda.com\/pt\/wp-json\/wp\/v2\/types\/product"}],"wp:featuredmedia":[{"embeddable":true,"href":"https:\/\/mywhieda.com\/pt\/wp-json\/wp\/v2\/media\/263"}],"wp:attachment":[{"href":"https:\/\/mywhieda.com\/pt\/wp-json\/wp\/v2\/media?parent=1089"}],"wp:term":[{"taxonomy":"categories","embeddable":true,"href":"https:\/\/mywhieda.com\/pt\/wp-json\/wp\/v2\/categories?post=1089"}],"curies":[{"name":"wp","href":"https:\/\/api.w.org\/{rel}","templated":true}]}}