{"id":1091,"date":"2025-04-12T11:30:47","date_gmt":"2025-04-12T08:30:47","guid":{"rendered":"https:\/\/mywhieda.com\/?post_type=product&#038;p=1091"},"modified":"2025-11-27T22:23:22","modified_gmt":"2025-11-27T19:23:22","slug":"antibakterialnyy-gel-2-3-2","status":"publish","type":"product","link":"https:\/\/mywhieda.com\/pt\/product\/antibakterialnyy-gel-2-3-2\/","title":{"rendered":"Gel antibacteriano"},"content":{"rendered":"<p><span style=\"font-weight: 400;\">O gel antibacteriano FOHERB \u00e9 composto por extratos naturais de plantas com a\u00e7\u00e3o antibacteriana e ingredientes bioativos naturais. Al\u00e9m de ter efeitos desinfetantes e espermicidas, tamb\u00e9m oferece prote\u00e7\u00e3o e cuidados preventivos.<\/span><\/p>\n<p><span style=\"font-weight: 400;\"><br \/>\n<\/span><span style=\"font-weight: 400;\">Testes especiais realizados pelo Microbiological Laboratory of Shanghai comprovaram cientificamente que o gel elimina o v\u00edrus da imunodefici\u00eancia humana (HIV 1) em 99,53%. Sua f\u00f3rmula \u00fanica, baseada em ingredientes naturais e vegetais, torna o gel f\u00e1cil de aplicar devido ao seu design c\u00f4nico, garantindo uma a\u00e7\u00e3o direta.<\/span><\/p>\n","protected":false},"featured_media":264,"template":"","categories":[6,30],"class_list":["post-1091","product","type-product","status-publish","has-post-thumbnail","hentry","categories-vse-tovary","categories-gigiena"],"acf":[],"_links":{"self":[{"href":"https:\/\/mywhieda.com\/pt\/wp-json\/wp\/v2\/product\/1091","targetHints":{"allow":["GET"]}}],"collection":[{"href":"https:\/\/mywhieda.com\/pt\/wp-json\/wp\/v2\/product"}],"about":[{"href":"https:\/\/mywhieda.com\/pt\/wp-json\/wp\/v2\/types\/product"}],"wp:featuredmedia":[{"embeddable":true,"href":"https:\/\/mywhieda.com\/pt\/wp-json\/wp\/v2\/media\/264"}],"wp:attachment":[{"href":"https:\/\/mywhieda.com\/pt\/wp-json\/wp\/v2\/media?parent=1091"}],"wp:term":[{"taxonomy":"categories","embeddable":true,"href":"https:\/\/mywhieda.com\/pt\/wp-json\/wp\/v2\/categories?post=1091"}],"curies":[{"name":"wp","href":"https:\/\/api.w.org\/{rel}","templated":true}]}}