{"id":1093,"date":"2025-04-12T11:34:38","date_gmt":"2025-04-12T08:34:38","guid":{"rendered":"https:\/\/mywhieda.com\/?post_type=product&#038;p=1093"},"modified":"2026-04-16T15:18:56","modified_gmt":"2026-04-16T12:18:56","slug":"zubnaya-pasta-2-3-2","status":"publish","type":"product","link":"https:\/\/mywhieda.com\/pt\/product\/zubnaya-pasta-2-3-2\/","title":{"rendered":"Pasta de dente"},"content":{"rendered":"<p><span style=\"font-weight: 400;\">A pasta de dente FOHERB ARTEMISIA ANNUA foi formulada de acordo com uma receita cl\u00e1ssica da medicina tradicional chinesa e inclui extratos de plantas como artem\u00edsia (absinto), zant\u00f3xilo, luohan guo e clinop\u00f3dio chin\u00eas. Gra\u00e7as \u00e0 f\u00f3rmula especialmente desenvolvida e \u00e0 combina\u00e7\u00e3o de seus componentes, esta pasta ajuda a prevenir o crescimento de bact\u00e9rias, equilibra o pH da cavidade bucal, elimina o mau h\u00e1lito e fortalece a sa\u00fade dos dentes e gengivas.<\/span><\/p>\n<p><b>Componentes ativos:<\/b><span style=\"font-weight: 400;\"> extrato de artem\u00edsia, extrato de zant\u00f3xilo, extrato de luohan guo, extrato de clinop\u00f3dio chin\u00eas. A pasta de dente com extrato de artem\u00edsia \u00e9 feita com ingredientes de alta qualidade e possui uma f\u00f3rmula segura, certificada internacionalmente, que n\u00e3o cont\u00e9m antibi\u00f3ticos, n\u00e3o causa efeitos colaterais e \u00e9 adequada para mulheres gr\u00e1vidas, crian\u00e7as e idosos. Seu aroma fresco e floral elimina o mau h\u00e1lito e mant\u00e9m uma frescura prolongada.<\/span><\/p>\n<p><b>Modo de uso:<\/b><span style=\"font-weight: 400;\"> escovar os dentes pelo menos 2 vezes ao dia, durante no m\u00ednimo 3 minutos.<\/span><\/p>\n<p><b>Condi\u00e7\u00f5es de armazenamento:<\/b><span style=\"font-weight: 400;\"> conservar em um local fresco e seco.<\/span><\/p>\n<p><b>Precau\u00e7\u00f5es:<\/b><span style=\"font-weight: 400;\"> este produto n\u00e3o substitui medicamentos; em crian\u00e7as menores de 6 anos, usar sob supervis\u00e3o de um adulto e com quantidade m\u00ednima de pasta.<\/span><\/p>\n<p><b>Apresenta\u00e7\u00e3o:<\/b><span style=\"font-weight: 400;\"> tubo de 120 g (6 unidades).<\/span><\/p>\n","protected":false},"featured_media":308,"template":"","categories":[6,30],"class_list":["post-1093","product","type-product","status-publish","has-post-thumbnail","hentry","categories-vse-tovary","categories-gigiena"],"acf":[],"_links":{"self":[{"href":"https:\/\/mywhieda.com\/pt\/wp-json\/wp\/v2\/product\/1093","targetHints":{"allow":["GET"]}}],"collection":[{"href":"https:\/\/mywhieda.com\/pt\/wp-json\/wp\/v2\/product"}],"about":[{"href":"https:\/\/mywhieda.com\/pt\/wp-json\/wp\/v2\/types\/product"}],"wp:featuredmedia":[{"embeddable":true,"href":"https:\/\/mywhieda.com\/pt\/wp-json\/wp\/v2\/media\/308"}],"wp:attachment":[{"href":"https:\/\/mywhieda.com\/pt\/wp-json\/wp\/v2\/media?parent=1093"}],"wp:term":[{"taxonomy":"categories","embeddable":true,"href":"https:\/\/mywhieda.com\/pt\/wp-json\/wp\/v2\/categories?post=1093"}],"curies":[{"name":"wp","href":"https:\/\/api.w.org\/{rel}","templated":true}]}}