{"id":1095,"date":"2025-04-12T11:36:59","date_gmt":"2025-04-12T08:36:59","guid":{"rendered":"https:\/\/mywhieda.com\/?post_type=product&#038;p=1095"},"modified":"2025-11-07T15:01:30","modified_gmt":"2025-11-07T12:01:30","slug":"omolazhivayushchiy-sprey-s-lifting-effektom-2-3-2","status":"publish","type":"product","link":"https:\/\/mywhieda.com\/pt\/product\/omolazhivayushchiy-sprey-s-lifting-effektom-2-3-2\/","title":{"rendered":"Spray Facial Rejuvenescedor com Efeito Lifting"},"content":{"rendered":"<p><span style=\"font-weight: 400;\">A quest\u00e3o do rejuvenescimento, mais cedo ou mais tarde, se torna prioridade para toda mulher. A gama de produtos anti-idade \u00e9 muito ampla, tornando a escolha do tratamento adequado um desafio. Com o <\/span><b>YOUTHFULNESS FREEZE SPRAY<\/b><span style=\"font-weight: 400;\">, voc\u00ea certamente ficar\u00e1 satisfeita. Este produto moderno atua de forma semelhante ao famoso botox, mas sem causar danos \u00e0 pele ou deteriora\u00e7\u00e3o ap\u00f3s o t\u00e9rmino do tratamento. Em poucas semanas, as rugas desaparecer\u00e3o, e a pele ficar\u00e1 firme e tonificada. Sua alta efic\u00e1cia e pre\u00e7o acess\u00edvel distinguem este produto de outros no mercado que dificilmente oferecem resultados t\u00e3o bons.\u00a0<\/span><\/p>\n<p><span style=\"font-weight: 400;\">Devolver a elasticidade \u00e0 pele e hidrat\u00e1-la \u00e9 o desejo de muitas mulheres, mas os cremes nem sempre alcan\u00e7am o efeito desejado. H\u00e1 uma op\u00e7\u00e3o mais eficaz: o spray rejuvenescedor <\/span><b>YOUTHFULNESS FREEZE SPRAY<\/b><span style=\"font-weight: 400;\">. Este spray acelera a produ\u00e7\u00e3o de col\u00e1geno e elastina.<\/span><\/p>\n","protected":false},"featured_media":309,"template":"","categories":[6,33],"class_list":["post-1095","product","type-product","status-publish","has-post-thumbnail","hentry","categories-vse-tovary","categories-kosmetika"],"acf":[],"_links":{"self":[{"href":"https:\/\/mywhieda.com\/pt\/wp-json\/wp\/v2\/product\/1095","targetHints":{"allow":["GET"]}}],"collection":[{"href":"https:\/\/mywhieda.com\/pt\/wp-json\/wp\/v2\/product"}],"about":[{"href":"https:\/\/mywhieda.com\/pt\/wp-json\/wp\/v2\/types\/product"}],"wp:featuredmedia":[{"embeddable":true,"href":"https:\/\/mywhieda.com\/pt\/wp-json\/wp\/v2\/media\/309"}],"wp:attachment":[{"href":"https:\/\/mywhieda.com\/pt\/wp-json\/wp\/v2\/media?parent=1095"}],"wp:term":[{"taxonomy":"categories","embeddable":true,"href":"https:\/\/mywhieda.com\/pt\/wp-json\/wp\/v2\/categories?post=1095"}],"curies":[{"name":"wp","href":"https:\/\/api.w.org\/{rel}","templated":true}]}}