{"id":1097,"date":"2025-04-12T11:44:19","date_gmt":"2025-04-12T08:44:19","guid":{"rendered":"https:\/\/mywhieda.com\/?post_type=product&#038;p=1097"},"modified":"2025-11-07T20:30:25","modified_gmt":"2025-11-07T17:30:25","slug":"eliksir-fohou-2-3-2","status":"publish","type":"product","link":"https:\/\/mywhieda.com\/pt\/product\/eliksir-fohou-2-3-2\/","title":{"rendered":"Elixir Fohow"},"content":{"rendered":"<p><span style=\"font-weight: 400;\">Elixir Fohow &#8212; uma receita tradicional da medicina chinesa, uma verdadeira j\u00f3ia da cultura de manuten\u00e7\u00e3o da sa\u00fade. Este elixir \u00e9 um produto incr\u00edvel que cont\u00e9m naturalmente todos os componentes necess\u00e1rios para o funcionamento adequado do organismo.\u00a0<\/span><\/p>\n<p><span style=\"font-weight: 400;\">Este elixir tem um potente efeito antioxidante, regula o equil\u00edbrio de todos os \u00f3rg\u00e3os e sistemas do corpo e \u00e9 amplamente utilizado como um poderoso preventivo, al\u00e9m de ser eficaz em casos de doen\u00e7as cr\u00f3nicas. Este produto cont\u00e9m apenas ingredientes naturais, com cordyceps como base, combinado com lingzhi, cogumelo preto, bagas de goji, entre outros componentes.<\/span><\/p>\n","protected":false},"featured_media":286,"template":"","categories":[6,32],"class_list":["post-1097","product","type-product","status-publish","has-post-thumbnail","hentry","categories-vse-tovary","categories-dieticheskie-dobavki"],"acf":[],"_links":{"self":[{"href":"https:\/\/mywhieda.com\/pt\/wp-json\/wp\/v2\/product\/1097","targetHints":{"allow":["GET"]}}],"collection":[{"href":"https:\/\/mywhieda.com\/pt\/wp-json\/wp\/v2\/product"}],"about":[{"href":"https:\/\/mywhieda.com\/pt\/wp-json\/wp\/v2\/types\/product"}],"wp:featuredmedia":[{"embeddable":true,"href":"https:\/\/mywhieda.com\/pt\/wp-json\/wp\/v2\/media\/286"}],"wp:attachment":[{"href":"https:\/\/mywhieda.com\/pt\/wp-json\/wp\/v2\/media?parent=1097"}],"wp:term":[{"taxonomy":"categories","embeddable":true,"href":"https:\/\/mywhieda.com\/pt\/wp-json\/wp\/v2\/categories?post=1097"}],"curies":[{"name":"wp","href":"https:\/\/api.w.org\/{rel}","templated":true}]}}