{"id":1099,"date":"2025-04-12T11:48:57","date_gmt":"2025-04-12T08:48:57","guid":{"rendered":"https:\/\/mywhieda.com\/?post_type=product&#038;p=1099"},"modified":"2026-04-22T14:35:05","modified_gmt":"2026-04-22T11:35:05","slug":"eliksir-sancin-fohou-2-3-2","status":"publish","type":"product","link":"https:\/\/mywhieda.com\/pt\/product\/eliksir-sancin-fohou-2-3-2\/","title":{"rendered":"Elixir Sanqing Fohow"},"content":{"rendered":"<p><b>O Elixir Sanqing Fohow foi desenvolvido <\/b><span style=\"font-weight: 400;\">pelo Centro de Pesquisa Cient\u00edfica da Corpora\u00e7\u00e3o FoHerb, com base nos princ\u00edpios da medicina tradicional chinesa e utilizando tecnologia \u00fanica de extra\u00e7\u00e3o a baixa temperatura e tecnologia subnanom\u00e9trica de destrui\u00e7\u00e3o de paredes celulares.<\/span><\/p>\n<p><span style=\"font-weight: 400;\">O elixir &#171;Sanqing Phoenix&#187; \u00e9 o produto de limpeza mais eficaz na China. \u00c9 um produto natural que limpa o organismo sem esgot\u00e1-lo.<\/span><\/p>\n<p><span style=\"font-weight: 400;\">Limpeza intestinal, elimina\u00e7\u00e3o de toxinas, purifica\u00e7\u00e3o do sangue de gorduras, leveza no corpo! Ap\u00f3s 2-3 ciclos de uso, as fun\u00e7\u00f5es gastrointestinais melhoram significativamente, a pele \u00e1spera devido ao ac\u00famulo de toxinas suaviza-se, o tom da pele torna-se rosado, as manchas, acne, erup\u00e7\u00f5es desaparecem gradualmente e o mau h\u00e1lito \u00e9 normalizado.\u00a0<\/span><\/p>\n<p><span style=\"font-weight: 400;\">O Elixir Sanqing Fohow n\u00e3o cont\u00e9m ingredientes qu\u00edmicos ou hormonais e \u00e9 um produto de sa\u00fade puro e natural.<\/span><\/p>\n","protected":false},"featured_media":285,"template":"","categories":[6,32],"class_list":["post-1099","product","type-product","status-publish","has-post-thumbnail","hentry","categories-vse-tovary","categories-dieticheskie-dobavki"],"acf":[],"_links":{"self":[{"href":"https:\/\/mywhieda.com\/pt\/wp-json\/wp\/v2\/product\/1099","targetHints":{"allow":["GET"]}}],"collection":[{"href":"https:\/\/mywhieda.com\/pt\/wp-json\/wp\/v2\/product"}],"about":[{"href":"https:\/\/mywhieda.com\/pt\/wp-json\/wp\/v2\/types\/product"}],"wp:featuredmedia":[{"embeddable":true,"href":"https:\/\/mywhieda.com\/pt\/wp-json\/wp\/v2\/media\/285"}],"wp:attachment":[{"href":"https:\/\/mywhieda.com\/pt\/wp-json\/wp\/v2\/media?parent=1099"}],"wp:term":[{"taxonomy":"categories","embeddable":true,"href":"https:\/\/mywhieda.com\/pt\/wp-json\/wp\/v2\/categories?post=1099"}],"curies":[{"name":"wp","href":"https:\/\/api.w.org\/{rel}","templated":true}]}}