{"id":1101,"date":"2025-04-12T19:03:00","date_gmt":"2025-04-12T16:03:00","guid":{"rendered":"https:\/\/mywhieda.com\/?post_type=product&#038;p=1101"},"modified":"2025-12-24T15:29:21","modified_gmt":"2025-12-24T12:29:21","slug":"eliksir-3-dragocennosti-fohou-2-3-2","status":"publish","type":"product","link":"https:\/\/mywhieda.com\/pt\/product\/eliksir-3-dragocennosti-fohou-2-3-2\/","title":{"rendered":"Elixir 3 J\u00f3ias"},"content":{"rendered":"<p><b>Elixir 3 J\u00f3ias<\/b><span style=\"font-weight: 400;\"> \u00e9 feito \u00e0 base do concentrado do Elixir Fohow com a adi\u00e7\u00e3o de extrato de formiga preta, purificado com tecnologias avan\u00e7adas.<\/span><\/p>\n<p><span style=\"font-weight: 400;\">Para a produ\u00e7\u00e3o do Elixir 3 J\u00f3ias Fohow, s\u00e3o utilizadas tecnologias de extra\u00e7\u00e3o a baixa temperatura e tecnologia subnanom\u00e9trica de ruptura de paredes celulares, permitindo que os nutrientes ativos sejam completamente preservados e facilmente absorvidos pelo organismo. O Elixir 3 J\u00f3ias \u00e9 composto por ingredientes naturais e n\u00e3o cont\u00e9m aditivos qu\u00edmicos nem hormonais.<\/span><\/p>\n<p><b>Composi\u00e7\u00e3o do Elixir 3 J\u00f3ias Fohow:\u00a0<\/b><\/p>\n<p><span style=\"font-weight: 400;\">Extrato de Cordyceps, esporos de Reishi, extrato de cogumelos Shiitake, extrato de formiga preta, mel, \u00e1gua.<\/span><\/p>\n<p>&nbsp;<\/p>\n<h3><b>Uso do Elixir 3 J\u00f3ias Fohow<\/b><\/h3>\n<p>&nbsp;<\/p>\n","protected":false},"featured_media":284,"template":"","categories":[6,32],"class_list":["post-1101","product","type-product","status-publish","has-post-thumbnail","hentry","categories-vse-tovary","categories-dieticheskie-dobavki"],"acf":[],"_links":{"self":[{"href":"https:\/\/mywhieda.com\/pt\/wp-json\/wp\/v2\/product\/1101","targetHints":{"allow":["GET"]}}],"collection":[{"href":"https:\/\/mywhieda.com\/pt\/wp-json\/wp\/v2\/product"}],"about":[{"href":"https:\/\/mywhieda.com\/pt\/wp-json\/wp\/v2\/types\/product"}],"wp:featuredmedia":[{"embeddable":true,"href":"https:\/\/mywhieda.com\/pt\/wp-json\/wp\/v2\/media\/284"}],"wp:attachment":[{"href":"https:\/\/mywhieda.com\/pt\/wp-json\/wp\/v2\/media?parent=1101"}],"wp:term":[{"taxonomy":"categories","embeddable":true,"href":"https:\/\/mywhieda.com\/pt\/wp-json\/wp\/v2\/categories?post=1101"}],"curies":[{"name":"wp","href":"https:\/\/api.w.org\/{rel}","templated":true}]}}