{"id":1103,"date":"2025-04-12T19:12:17","date_gmt":"2025-04-12T16:12:17","guid":{"rendered":"https:\/\/mywhieda.com\/?post_type=product&#038;p=1103"},"modified":"2025-04-13T16:38:12","modified_gmt":"2025-04-13T13:38:12","slug":"pasta-roza-fohou-2-3-2","status":"publish","type":"product","link":"https:\/\/mywhieda.com\/pt\/product\/pasta-roza-fohou-2-3-2\/","title":{"rendered":"Inserir Rose Fohow"},"content":{"rendered":"<p><b>Rose Fohow<\/b><span style=\"font-weight: 400;\"> cont\u00e9m oligossac\u00e1ridos obtidos por extra\u00e7\u00e3o de plantas naturais. Eles n\u00e3o s\u00e3o quebrados no trato gastrointestinal superior, o que faz com que as bact\u00e9rias ben\u00e9ficas se multipliquem 10-100 vezes mais r\u00e1pido, inibindo o crescimento de bact\u00e9rias nocivas. O produto \u00e9 na forma de uma pasta, tem um aroma e sabor agrad\u00e1veis, e \u00e9 adequado para uso di\u00e1rio.<\/span><\/p>\n<p>&nbsp;<\/p>\n<p><b>Declara\u00e7\u00e3o de Rose Fohow<\/b><\/p>\n<p>&nbsp;<\/p>\n<ul>\n<li style=\"font-weight: 400;\" aria-level=\"1\"><span style=\"font-weight: 400;\">Funciona de forma excelente em caso de envenenamento, elimina eficazmente a disbiose e limpa o f\u00edgado<\/span><\/li>\n<li style=\"font-weight: 400;\" aria-level=\"1\"><span style=\"font-weight: 400;\">Elimina o mau h\u00e1lito, pode ser usado como ado\u00e7ante e melhora a apar\u00eancia da pele<\/span><\/li>\n<li style=\"font-weight: 400;\" aria-level=\"1\"><span style=\"font-weight: 400;\">Alivia a &#171;s\u00edndrome da fadiga cr\u00f3nica&#187;, restaura a flora intestinal e reduz a gordura<\/span><\/li>\n<li style=\"font-weight: 400;\" aria-level=\"1\"><span style=\"font-weight: 400;\">Limpeza geral de todos os \u00f3rg\u00e3os e sistemas, tem um efeito curativo sobre alergias, tem um efeito desintoxicante<\/span><\/li>\n<\/ul>\n<h3><\/h3>\n<h3><b>Caracter\u00edsticas de Rose Fohow<\/b><\/h3>\n<p>&nbsp;<\/p>\n<ol>\n<li style=\"font-weight: 400;\" aria-level=\"1\"><span style=\"font-weight: 400;\">O extrato de p\u00e9talas de rosa contido neste produto tem um efeito cosm\u00e9tico geral e de limpeza do f\u00edgado. O fator bifido contido neste produto promove o r\u00e1pido crescimento e aumento do conte\u00fado de microflora ben\u00e9fica no corpo \u2013 bifidobact\u00e9rias, etc.<\/span><\/li>\n<li style=\"font-weight: 400;\" aria-level=\"1\"><span style=\"font-weight: 400;\">Ajuda com disbiose: Aumenta a quantidade de flora intestinal ben\u00e9fica, estabiliza e melhora as fun\u00e7\u00f5es do trato gastrointestinal no corpo humano.<\/span><\/li>\n<li style=\"font-weight: 400;\" aria-level=\"1\"><span style=\"font-weight: 400;\">Regula a secre\u00e7\u00e3o de suco digestivo, ativa a digest\u00e3o e absor\u00e7\u00e3o no trato gastrointestinal, ajuda com diarreia.<\/span><\/li>\n<li style=\"font-weight: 400;\" aria-level=\"1\"><span style=\"font-weight: 400;\">Mant\u00e9m os intestinos jovens.<\/span><\/li>\n<li style=\"font-weight: 400;\" aria-level=\"1\"><span style=\"font-weight: 400;\">Fortalece o sistema imunol\u00f3gico, aumenta a s\u00edntese de vitaminas e a absor\u00e7\u00e3o de minerais pelo organismo.<\/span><\/li>\n<li style=\"font-weight: 400;\" aria-level=\"1\"><span style=\"font-weight: 400;\">Retarda o envelhecimento do corpo.<\/span><\/li>\n<li style=\"font-weight: 400;\" aria-level=\"1\"><span style=\"font-weight: 400;\">Tem um efeito cosm\u00e9tico.<\/span><\/li>\n<li style=\"font-weight: 400;\" aria-level=\"1\"><span style=\"font-weight: 400;\">Tem efeitos \u00f3bvios sobre alergias e envelhecimento muscular. De acordo com o princ\u00edpio de &#171;o exterior afeta o interior&#187;, \u00e9 capaz de dissolver manchas de idade, ativar a degrada\u00e7\u00e3o e metabolismo da melanina, e fornecer \u00e0s pessoas uma pele branca, el\u00e1stica e saud\u00e1vel.<\/span><\/li>\n<li style=\"font-weight: 400;\" aria-level=\"1\"><span style=\"font-weight: 400;\">Usado para remover toxinas como um limpador de c\u00f3lon, para pris\u00e3o de ventre, para perda de peso, para eliminar o mau h\u00e1lito e odor de suor.<\/span><\/li>\n<li style=\"font-weight: 400;\" aria-level=\"1\"><span style=\"font-weight: 400;\">Previne a obesidade.<\/span><\/li>\n<\/ol>\n<p>&nbsp;<\/p>\n<p><b>Recomenda\u00e7\u00f5es<\/b><\/p>\n<p><span style=\"font-weight: 400;\">A pasta de frutas &#171;Rose Phoenix&#187; \u00e9 adequada para todos os grupos de pessoas sem restri\u00e7\u00f5es. Pode ser usado para fins alimentares como um substituto do a\u00e7\u00facar, o uso regular \u00e9 poss\u00edvel. \u00c9 um alimento de sa\u00fade acess\u00edvel e indispens\u00e1vel para idosos e crian\u00e7as.<\/span><\/p>\n<p>&nbsp;<\/p>\n<p><span style=\"font-weight: 400;\">Pode ser tomado diretamente por via oral ou espalhado no p\u00e3o ou misturado no ch\u00e1.<\/span><\/p>\n<p><b>Ingredientes:<\/b><span style=\"font-weight: 400;\"> Extrato de p\u00e9talas de rosa, oligossac\u00e1ridos, estaquiose.<\/span><\/p>\n","protected":false},"featured_media":292,"template":"","categories":[6,32],"class_list":["post-1103","product","type-product","status-publish","has-post-thumbnail","hentry","categories-vse-tovary","categories-dieticheskie-dobavki"],"acf":[],"_links":{"self":[{"href":"https:\/\/mywhieda.com\/pt\/wp-json\/wp\/v2\/product\/1103","targetHints":{"allow":["GET"]}}],"collection":[{"href":"https:\/\/mywhieda.com\/pt\/wp-json\/wp\/v2\/product"}],"about":[{"href":"https:\/\/mywhieda.com\/pt\/wp-json\/wp\/v2\/types\/product"}],"wp:featuredmedia":[{"embeddable":true,"href":"https:\/\/mywhieda.com\/pt\/wp-json\/wp\/v2\/media\/292"}],"wp:attachment":[{"href":"https:\/\/mywhieda.com\/pt\/wp-json\/wp\/v2\/media?parent=1103"}],"wp:term":[{"taxonomy":"categories","embeddable":true,"href":"https:\/\/mywhieda.com\/pt\/wp-json\/wp\/v2\/categories?post=1103"}],"curies":[{"name":"wp","href":"https:\/\/api.w.org\/{rel}","templated":true}]}}