{"id":1105,"date":"2025-04-12T19:16:17","date_gmt":"2025-04-12T16:16:17","guid":{"rendered":"https:\/\/mywhieda.com\/?post_type=product&#038;p=1105"},"modified":"2026-04-23T15:34:50","modified_gmt":"2026-04-23T12:34:50","slug":"kapsuly-syuechinfu-3-3-2","status":"publish","type":"product","link":"https:\/\/mywhieda.com\/pt\/product\/kapsuly-syuechinfu-3-3-2\/","title":{"rendered":"Xueqingfu C\u00e1psulas"},"content":{"rendered":"<p><span style=\"font-weight: 400;\">Um produto absolutamente natural \u2013 um limpador de vasos.<\/span><\/p>\n<p><span style=\"font-weight: 400;\">As c\u00e1psulas de Xueqingfu s\u00e3o a chave para limpar e limpar os vasos sangu\u00edneos. O produto previne doen\u00e7as do sistema cardiovascular e aumenta a vitalidade. A sua utiliza\u00e7\u00e3o promove a absor\u00e7\u00e3o eficaz de co\u00e1gulos sangu\u00edneos, limpa o sangue de toxinas e mant\u00e9m a fun\u00e7\u00e3o capilar normal.<\/span><\/p>\n<h3><\/h3>\n<h3><b>Aplica\u00e7\u00e3o de C\u00e1psulas Xueqingfu<\/b><\/h3>\n<p>&nbsp;<\/p>\n<ol>\n<li><b> Efeito trombol\u00edtico<\/b><b><br \/>\n<\/b><span style=\"font-weight: 400;\">El extracto de natto tiene un poderoso efecto trombol\u00edtico: disuelve trombos ya formados, previene la agregaci\u00f3n de plaquetas y la formaci\u00f3n de nuevos trombos, y restablece el flujo sangu\u00edneo. Es un complemento terap\u00e9utico eficaz para enfermedades cardiovasculares y cerebrovasculares.<\/span><\/li>\n<li><b> Amolecimento dos vasos sangu\u00edneos<\/b><b><br \/>\n<\/b><span style=\"font-weight: 400;\">Extrato de semente de uva, proantocianidina OPC, \u00e9 um novo antioxidante altamente eficaz. A sua atividade \u00e9 50 vezes superior \u00e0 da vitamina E e 20 vezes superior \u00e0 da vitamina C. O seu efeito antioxidante \u00e9 reconhecido mundialmente. A principal causa do envelhecimento celular \u00e9 a oxida\u00e7\u00e3o. A preven\u00e7\u00e3o de processos oxidativos no corpo pode efetivamente suavizar os vasos sangu\u00edneos, reduzir a sua fragilidade e restaurar a sua elasticidade.<\/span><\/li>\n<li><b> Decl\u00ednio em tr\u00eas indicadores principais<\/b><b><br \/>\n<\/b><span style=\"font-weight: 400;\">Extrato de Gynostemma \u00e9 usado como um poderoso rem\u00e9dio para reduzir a press\u00e3o arterial, lip\u00eddios, e a\u00e7\u00facar no sangue, e tamb\u00e9m tem propriedades trombol\u00edticas, que ajuda a reparar os vasos sangu\u00edneos, torn\u00e1-los mais el\u00e1sticos, e impedi-los de envelhecimento e endurecimento.<\/span><\/li>\n<\/ol>\n<p><span style=\"font-weight: 400;\">As c\u00e1psulas Xueqingfu Phoenix s\u00e3o o resultado de muitos anos de trabalho de especialistas no centro de pesquisa da FOHERB Corporation. As c\u00e1psulas ajudam a purificar o sangue, fortalecer os vasos sangu\u00edneos, regular os tr\u00eas principais par\u00e2metros sangu\u00edneos (press\u00e3o, n\u00edveis de a\u00e7\u00facar, n\u00edveis de lip\u00eddios), agir contra a hipertens\u00e3o, doen\u00e7a coronariana, trombose cerebral, aterosclerose, insufici\u00eancia cerebrovascular, condi\u00e7\u00e3o p\u00f3s-acidente vascular cerebral, menopausa, e tamb\u00e9m retardar os processos de envelhecimento no corpo<\/span><\/p>\n<p>&nbsp;<\/p>\n<h3><b>Composi\u00e7\u00e3o das c\u00e1psulas de Xueqingfu<\/b><\/h3>\n<p>&nbsp;<\/p>\n<p><span style=\"font-weight: 400;\">Natto (alimento tradicional japon\u00eas feito de soja fermentada), extrato de semente de uva, extrato de Gynostemma pentaphyllum.<\/span><\/p>\n<p>&nbsp;<\/p>\n<p><span style=\"font-weight: 400;\">O principal ingrediente do produto \u00e9 a nattokinase, uma enzima encontrada na soja fermentada. A utiliza\u00e7\u00e3o de nattokinase ajuda a baixar a viscosidade do sangue e a melhorar a circula\u00e7\u00e3o sangu\u00ednea. De facto, as c\u00e1psulas de Xueqingfu com nattokinase s\u00e3o uma alternativa natural \u00e0 aspirina para a preven\u00e7\u00e3o e tratamento de doen\u00e7as cardiovasculares. Al\u00e9m disso, a nattokinase funciona por um longo per\u00edodo de tempo \u2013 dentro de 4 a 8 horas \u2013 e \u00e9 barata. \u00c9 muito importante que, ao contr\u00e1rio dos medicamentos, a nattokinase proteja contra a trombose intravascular, mas n\u00e3o interfira com a coagula\u00e7\u00e3o do sangue em danos e les\u00f5es vasculares.<\/span><\/p>\n<p>&nbsp;<\/p>\n<h3><b>Efeito principal<\/b><\/h3>\n<p>&nbsp;<\/p>\n<p><span style=\"font-weight: 400;\">O produto fortalece os vasos sangu\u00edneos, reduz a viscosidade linf\u00e1tica e tamb\u00e9m tem o seguinte efeito:<\/span><\/p>\n<ul>\n<li style=\"font-weight: 400;\" aria-level=\"1\"><span style=\"font-weight: 400;\">melhora a oxigena\u00e7\u00e3o dos tecidos;<\/span><\/li>\n<li style=\"font-weight: 400;\" aria-level=\"1\"><span style=\"font-weight: 400;\">aumenta a biodisponibilidade de v\u00e1rios nutrientes;<\/span><\/li>\n<li style=\"font-weight: 400;\" aria-level=\"1\"><span style=\"font-weight: 400;\">apoia a vis\u00e3o;<\/span><\/li>\n<li style=\"font-weight: 400;\" aria-level=\"1\"><span style=\"font-weight: 400;\">aumenta a densidade \u00f3ssea;<\/span><\/li>\n<li style=\"font-weight: 400;\" aria-level=\"1\"><span style=\"font-weight: 400;\">alivia a dor nas articula\u00e7\u00f5es causada pela doen\u00e7a;<\/span><\/li>\n<li style=\"font-weight: 400;\" aria-level=\"1\"><span style=\"font-weight: 400;\">alivia dores articulares e musculares durante a atividade f\u00edsica intensa;<\/span><\/li>\n<li style=\"font-weight: 400;\" aria-level=\"1\"><span style=\"font-weight: 400;\">reduz a viscosidade linf\u00e1tica;<\/span><\/li>\n<li style=\"font-weight: 400;\" aria-level=\"1\"><span style=\"font-weight: 400;\">melhora a fun\u00e7\u00e3o de drenagem e limpa o corpo de &#171;toxinas&#187;;<\/span><\/li>\n<li style=\"font-weight: 400;\" aria-level=\"1\"><span style=\"font-weight: 400;\">Destr\u00f3i a placa de fibrina que cobre as c\u00e9lulas cancerosas, o que permite que as c\u00e9lulas assassinas reconhe\u00e7am e destruam as c\u00e9lulas cancerosas.<\/span><\/li>\n<\/ul>\n<p>&nbsp;<\/p>\n<h3><b>Indica\u00e7\u00f5es de uso:<\/b><\/h3>\n<p>&nbsp;<\/p>\n<ul>\n<li style=\"font-weight: 400;\" aria-level=\"1\"><span style=\"font-weight: 400;\">aumento dos n\u00edveis de colesterol no sangue;<\/span><\/li>\n<li style=\"font-weight: 400;\" aria-level=\"1\"><span style=\"font-weight: 400;\">doen\u00e7a arterial coronariana, condi\u00e7\u00e3o ap\u00f3s um acidente vascular cerebral ou ataque card\u00edaco;<\/span><\/li>\n<li style=\"font-weight: 400;\" aria-level=\"1\"><span style=\"font-weight: 400;\">Hipertens\u00e3o;<\/span><\/li>\n<li style=\"font-weight: 400;\" aria-level=\"1\"><span style=\"font-weight: 400;\">Diabetes;<\/span><\/li>\n<li style=\"font-weight: 400;\" aria-level=\"1\"><span style=\"font-weight: 400;\">diminui\u00e7\u00e3o da mem\u00f3ria ou intelig\u00eancia, especialmente devido \u00e0 idade, geralmente como resultado de trombose cerebral;<\/span><\/li>\n<li style=\"font-weight: 400;\" aria-level=\"1\"><span style=\"font-weight: 400;\">fadiga muscular ou dor nas pernas depois de andar;<\/span><\/li>\n<li style=\"font-weight: 400;\" aria-level=\"1\"><span style=\"font-weight: 400;\">dorm\u00eancia frequente ou formigueiro nas m\u00e3os e p\u00e9s;<\/span><\/li>\n<li style=\"font-weight: 400;\" aria-level=\"1\"><span style=\"font-weight: 400;\">nos casos em que cortes e \u00falceras nos p\u00e9s n\u00e3o cicatrizam por muito tempo;<\/span><\/li>\n<li style=\"font-weight: 400;\" aria-level=\"1\"><span style=\"font-weight: 400;\">doen\u00e7as oncol\u00f3gicas<\/span><\/li>\n<\/ul>\n","protected":false},"featured_media":271,"template":"","categories":[6,32],"class_list":["post-1105","product","type-product","status-publish","has-post-thumbnail","hentry","categories-vse-tovary","categories-dieticheskie-dobavki"],"acf":[],"_links":{"self":[{"href":"https:\/\/mywhieda.com\/pt\/wp-json\/wp\/v2\/product\/1105","targetHints":{"allow":["GET"]}}],"collection":[{"href":"https:\/\/mywhieda.com\/pt\/wp-json\/wp\/v2\/product"}],"about":[{"href":"https:\/\/mywhieda.com\/pt\/wp-json\/wp\/v2\/types\/product"}],"wp:featuredmedia":[{"embeddable":true,"href":"https:\/\/mywhieda.com\/pt\/wp-json\/wp\/v2\/media\/271"}],"wp:attachment":[{"href":"https:\/\/mywhieda.com\/pt\/wp-json\/wp\/v2\/media?parent=1105"}],"wp:term":[{"taxonomy":"categories","embeddable":true,"href":"https:\/\/mywhieda.com\/pt\/wp-json\/wp\/v2\/categories?post=1105"}],"curies":[{"name":"wp","href":"https:\/\/api.w.org\/{rel}","templated":true}]}}