{"id":1107,"date":"2025-04-13T15:41:32","date_gmt":"2025-04-13T12:41:32","guid":{"rendered":"https:\/\/mywhieda.com\/?post_type=product&#038;p=1107"},"modified":"2025-12-24T16:16:43","modified_gmt":"2025-12-24T13:16:43","slug":"kompleksnyy-belkovyy-protein-ot-foherb-2-3-2","status":"publish","type":"product","link":"https:\/\/mywhieda.com\/pt\/product\/kompleksnyy-belkovyy-protein-ot-foherb-2-3-2\/","title":{"rendered":"Foherb Prote\u00edna Completa"},"content":{"rendered":"<p><span style=\"font-weight: 400;\">FOHERB Complete Protein \u00e9 composto por ingredientes \u00fanicos, funcionais e patenteados que proporcionam benef\u00edcios \u00e0 sa\u00fade al\u00e9m da substitui\u00e7\u00e3o de refei\u00e7\u00f5es. Ele cont\u00e9m componentes proteicos complexos e outros componentes nutricionais ao mesmo tempo.<\/span><\/p>\n<p>&nbsp;<\/p>\n<p><span style=\"font-weight: 400;\">Feito de prote\u00edna de soro de leite, isolado de prote\u00edna de soja e prote\u00edna vegetal em p\u00f3, o Complete Protein \u00e9 baseado em tecnologia propriet\u00e1ria que \u00e9 rica em nutrientes e f\u00e1cil de digerir. Ao mesmo tempo, este produto pertence \u00e0 categoria de dieta especial e nutri\u00e7\u00e3o esportiva e sua receita \u00e9 baseada em uma abordagem cient\u00edfica. Protege os intestinos e prolonga a sensa\u00e7\u00e3o de saciedade.<\/span><\/p>\n<p>&nbsp;<\/p>\n<p><span style=\"font-weight: 400;\">O complexo proteico cont\u00e9m 5 fontes de fibra: inulina, frutooligossacar\u00eddeos, casca de psyllium em p\u00f3, farinha de milho e aveia. Normaliza a flora intestinal e proporciona uma sensa\u00e7\u00e3o de saciedade duradoura.<\/span><\/p>\n<p>&nbsp;<\/p>\n<p><span style=\"font-weight: 400;\">Gra\u00e7as \u00e0 sua tecnologia patenteada, os nutrientes s\u00e3o rapidamente absorvidos e come\u00e7am a fazer efeito. Eles fornecem ao corpo uma alta propor\u00e7\u00e3o de fibras, nutrientes de baixa caloria e alto teor de prote\u00ednas, para que voc\u00ea possa obter rapidamente o efeito de redu\u00e7\u00e3o de gordura sem reduzir a massa muscular.<\/span><\/p>\n","protected":false},"featured_media":275,"template":"","categories":[6,32],"class_list":["post-1107","product","type-product","status-publish","has-post-thumbnail","hentry","categories-vse-tovary","categories-dieticheskie-dobavki"],"acf":[],"_links":{"self":[{"href":"https:\/\/mywhieda.com\/pt\/wp-json\/wp\/v2\/product\/1107","targetHints":{"allow":["GET"]}}],"collection":[{"href":"https:\/\/mywhieda.com\/pt\/wp-json\/wp\/v2\/product"}],"about":[{"href":"https:\/\/mywhieda.com\/pt\/wp-json\/wp\/v2\/types\/product"}],"wp:featuredmedia":[{"embeddable":true,"href":"https:\/\/mywhieda.com\/pt\/wp-json\/wp\/v2\/media\/275"}],"wp:attachment":[{"href":"https:\/\/mywhieda.com\/pt\/wp-json\/wp\/v2\/media?parent=1107"}],"wp:term":[{"taxonomy":"categories","embeddable":true,"href":"https:\/\/mywhieda.com\/pt\/wp-json\/wp\/v2\/categories?post=1107"}],"curies":[{"name":"wp","href":"https:\/\/api.w.org\/{rel}","templated":true}]}}