{"id":1109,"date":"2025-04-13T15:44:58","date_gmt":"2025-04-13T12:44:58","guid":{"rendered":"https:\/\/mywhieda.com\/?post_type=product&#038;p=1109"},"modified":"2025-11-27T22:09:33","modified_gmt":"2025-11-27T19:09:33","slug":"nizkomolekulyarnyy-soevyy-peptid-2-2-2","status":"publish","type":"product","link":"https:\/\/mywhieda.com\/pt\/product\/nizkomolekulyarnyy-soevyy-peptid-2-2-2\/","title":{"rendered":"Pept\u00eddeos de soja de baixo peso molecular"},"content":{"rendered":"<p><span style=\"font-weight: 400;\">Os pept\u00eddeos (tamb\u00e9m conhecidos como prote\u00ednas) s\u00e3o o principal material de constru\u00e7\u00e3o de todas as c\u00e9lulas do nosso corpo. Portanto, \u00e9 essencial consumir pept\u00eddeos regularmente.<\/span><\/p>\n<h3><\/h3>\n<h3><b>O que s\u00e3o pept\u00eddeos de soja de baixo peso molecular?<\/b><\/h3>\n<p>&nbsp;<\/p>\n<p><span style=\"font-weight: 400;\">Os pept\u00eddeos de baixo peso molecular s\u00e3o o material de constru\u00e7\u00e3o para todas as c\u00e9lulas do corpo humano. Eles afetam diferentes \u00e1reas do organismo: horm\u00f4nios, sistema nervoso central, fun\u00e7\u00e3o sexual, regenera\u00e7\u00e3o e crescimento celular, controlando as fun\u00e7\u00f5es fisiol\u00f3gicas dos \u00f3rg\u00e3os e c\u00e9lulas.<\/span><\/p>\n<h3><\/h3>\n<h3><b>Para que servem os pept\u00eddeos de soja de baixo peso molecular?<\/b><\/h3>\n<p>&nbsp;<\/p>\n<p><span style=\"font-weight: 400;\">Durante o processo de digest\u00e3o, ocorre a decomposi\u00e7\u00e3o de prote\u00ednas de mol\u00e9culas grandes. Parte delas \u00e9 transformada em amino\u00e1cidos, que no f\u00edgado sintetizam pept\u00eddeos, que s\u00e3o absorvidos pelo corpo humano. Os pept\u00eddeos bioativos de baixo peso molecular n\u00e3o precisam de digest\u00e3o adicional e s\u00e3o absorvidos diretamente pelas c\u00e9lulas.<\/span><\/p>\n<p>&nbsp;<\/p>\n","protected":false},"featured_media":306,"template":"","categories":[6,32],"class_list":["post-1109","product","type-product","status-publish","has-post-thumbnail","hentry","categories-vse-tovary","categories-dieticheskie-dobavki"],"acf":[],"_links":{"self":[{"href":"https:\/\/mywhieda.com\/pt\/wp-json\/wp\/v2\/product\/1109","targetHints":{"allow":["GET"]}}],"collection":[{"href":"https:\/\/mywhieda.com\/pt\/wp-json\/wp\/v2\/product"}],"about":[{"href":"https:\/\/mywhieda.com\/pt\/wp-json\/wp\/v2\/types\/product"}],"wp:featuredmedia":[{"embeddable":true,"href":"https:\/\/mywhieda.com\/pt\/wp-json\/wp\/v2\/media\/306"}],"wp:attachment":[{"href":"https:\/\/mywhieda.com\/pt\/wp-json\/wp\/v2\/media?parent=1109"}],"wp:term":[{"taxonomy":"categories","embeddable":true,"href":"https:\/\/mywhieda.com\/pt\/wp-json\/wp\/v2\/categories?post=1109"}],"curies":[{"name":"wp","href":"https:\/\/api.w.org\/{rel}","templated":true}]}}