{"id":1111,"date":"2025-04-13T15:49:03","date_gmt":"2025-04-13T12:49:03","guid":{"rendered":"https:\/\/mywhieda.com\/?post_type=product&#038;p=1111"},"modified":"2025-04-13T16:39:29","modified_gmt":"2025-04-13T13:39:29","slug":"chay-lyuvey-fohou-2-3-2","status":"publish","type":"product","link":"https:\/\/mywhieda.com\/pt\/product\/chay-lyuvey-fohou-2-3-2\/","title":{"rendered":"Ch\u00e1 Liuwei Fohow"},"content":{"rendered":"<p><span style=\"font-weight: 400;\">Ch\u00e1 chin\u00eas Liuwei Fohow \u2013 beba ch\u00e1 curativo de alta qualidade para a sa\u00fade!<\/span><\/p>\n<p><span style=\"font-weight: 400;\">Ch\u00e1 natural feito de ervas valiosas com propriedades medicinais.<\/span><\/p>\n<p><span style=\"font-weight: 400;\">O ch\u00e1 Liuwei Fohow \u00e9 feito de acordo com antigas receitas chinesas que foram passadas de gera\u00e7\u00e3o em gera\u00e7\u00e3o. O ch\u00e1 cont\u00e9m seis ervas medicinais: ch\u00e1 pu-erh de tr\u00eas anos, astr\u00e1galo, s\u00e1lvia, ginseng de cinco folhas, cris\u00e2ntemo, madressilva japonesa. Os especialistas selecionaram a propor\u00e7\u00e3o certa de todas as ervas. Tem um sabor agrad\u00e1vel, macio e ligeiramente adocicado e um aroma maravilhoso.<\/span><\/p>\n<p>&nbsp;<\/p>\n<p><b>Ingredientes:<\/b><span style=\"font-weight: 400;\"> Ch\u00e1 Pu-erh, astr\u00e1galo, s\u00e1lvia, ginseng de cinco folhas, cris\u00e2ntemo, madressilva japonesa.<\/span><\/p>\n<p>&nbsp;<\/p>\n<p><b>O ch\u00e1 Luwei tem propriedades ben\u00e9ficas<\/b><\/p>\n<p>&nbsp;<\/p>\n<ul>\n<li style=\"font-weight: 400;\" aria-level=\"1\"><span style=\"font-weight: 400;\">Ch\u00e1 Pu-erh: acalma dores de garganta, melhora a digest\u00e3o, promove a perda de peso e reduz os n\u00edveis de lip\u00eddios no sangue, remove toxinas e proporciona al\u00edvio.<\/span><\/li>\n<li style=\"font-weight: 400;\" aria-level=\"1\"><span style=\"font-weight: 400;\">Astr\u00e1galo: fortalece o Qi para melhorar a resist\u00eancia da pele do corpo, tem efeito diur\u00e9tico e remove toxinas.<\/span><\/li>\n<li style=\"font-weight: 400;\" aria-level=\"1\"><span style=\"font-weight: 400;\">S\u00e1lvia: elimina a estase do sangue, alivia o incha\u00e7o e a dor.<\/span><\/li>\n<li style=\"font-weight: 400;\" aria-level=\"1\"><span style=\"font-weight: 400;\">Ginseng de cinco folhas: previne o c\u00e2ncer, reduz os n\u00edveis de lip\u00eddios no sangue, tem efeito cosm\u00e9tico.<\/span><\/li>\n<li style=\"font-weight: 400;\" aria-level=\"1\"><span style=\"font-weight: 400;\">Cris\u00e2ntemo: acalma o f\u00edgado, melhora a vis\u00e3o, elimina a febre.<\/span><\/li>\n<li style=\"font-weight: 400;\" aria-level=\"1\"><span style=\"font-weight: 400;\">Madressilva: alivia o calor, remove toxinas, resfria o sangue e elimina a estagna\u00e7\u00e3o.<\/span><\/li>\n<\/ul>\n<p>&nbsp;<\/p>\n<p><b>O consumo regular de ch\u00e1 Liuwei tem um efeito positivo no corpo humano:<\/b><\/p>\n<p>&nbsp;<\/p>\n<ul>\n<li style=\"font-weight: 400;\" aria-level=\"1\"><span style=\"font-weight: 400;\">Melhora a digest\u00e3o e a circula\u00e7\u00e3o sangu\u00ednea<\/span><\/li>\n<li style=\"font-weight: 400;\" aria-level=\"1\"><span style=\"font-weight: 400;\">Elimina a estase sangu\u00ednea<\/span><\/li>\n<li style=\"font-weight: 400;\" aria-level=\"1\"><span style=\"font-weight: 400;\">alivia a febre<\/span><\/li>\n<li style=\"font-weight: 400;\" aria-level=\"1\"><span style=\"font-weight: 400;\">Remove toxinas<\/span><\/li>\n<li style=\"font-weight: 400;\" aria-level=\"1\"><span style=\"font-weight: 400;\">tem um efeito cosm\u00e9tico<\/span><\/li>\n<li style=\"font-weight: 400;\" aria-level=\"1\"><span style=\"font-weight: 400;\">Reduz a press\u00e3o arterial e os n\u00edveis de lip\u00eddios no sangue<\/span><\/li>\n<li style=\"font-weight: 400;\" aria-level=\"1\"><span style=\"font-weight: 400;\">Tem efeito diur\u00e9tico e muito mais.<\/span><\/li>\n<\/ul>\n<p>&nbsp;<\/p>\n<p><b>Beba o ch\u00e1 Liuwei Fohow antes e depois das refei\u00e7\u00f5es<\/b><\/p>\n<p>&nbsp;<\/p>\n<p><span style=\"font-weight: 400;\">As pessoas modernas costumam abusar de alimentos com alto teor cal\u00f3rico. Tomar alguns goles de ch\u00e1 Liuwi durante uma refei\u00e7\u00e3o \u2013 antes e depois da refei\u00e7\u00e3o \u2013 ajudar\u00e1 a reduzir significativamente a quantidade de gordura absorvida pelo corpo. O ch\u00e1 serve como prote\u00e7\u00e3o contra doen\u00e7as vasculares do cora\u00e7\u00e3o e do c\u00e9rebro, diabetes e outras doen\u00e7as. Al\u00e9m disso, o ch\u00e1 ajuda o corpo a lidar com a digest\u00e3o e absor\u00e7\u00e3o de alimentos no est\u00f4mago e protege contra a forma\u00e7\u00e3o de dep\u00f3sitos de gordura no corpo e a forma\u00e7\u00e3o de celulite.<\/span><\/p>\n<p><span style=\"font-weight: 400;\">\u200d<\/span><\/p>\n<p><span style=\"font-weight: 400;\">O ch\u00e1 Liuwei Fohow ajuda os fumantes a aliviar dores de garganta e previne bronquite cr\u00f4nica e doen\u00e7as respirat\u00f3rias.<\/span><\/p>\n","protected":false},"featured_media":305,"template":"","categories":[6,32],"class_list":["post-1111","product","type-product","status-publish","has-post-thumbnail","hentry","categories-vse-tovary","categories-dieticheskie-dobavki"],"acf":[],"_links":{"self":[{"href":"https:\/\/mywhieda.com\/pt\/wp-json\/wp\/v2\/product\/1111","targetHints":{"allow":["GET"]}}],"collection":[{"href":"https:\/\/mywhieda.com\/pt\/wp-json\/wp\/v2\/product"}],"about":[{"href":"https:\/\/mywhieda.com\/pt\/wp-json\/wp\/v2\/types\/product"}],"wp:featuredmedia":[{"embeddable":true,"href":"https:\/\/mywhieda.com\/pt\/wp-json\/wp\/v2\/media\/305"}],"wp:attachment":[{"href":"https:\/\/mywhieda.com\/pt\/wp-json\/wp\/v2\/media?parent=1111"}],"wp:term":[{"taxonomy":"categories","embeddable":true,"href":"https:\/\/mywhieda.com\/pt\/wp-json\/wp\/v2\/categories?post=1111"}],"curies":[{"name":"wp","href":"https:\/\/api.w.org\/{rel}","templated":true}]}}