{"id":1113,"date":"2025-04-13T15:52:35","date_gmt":"2025-04-13T12:52:35","guid":{"rendered":"https:\/\/mywhieda.com\/?post_type=product&#038;p=1113"},"modified":"2025-04-13T16:40:02","modified_gmt":"2025-04-13T13:40:02","slug":"kapsuly-linchzhi-2-2-3","status":"publish","type":"product","link":"https:\/\/mywhieda.com\/pt\/product\/kapsuly-linchzhi-2-2-3\/","title":{"rendered":"As c\u00e1psulas Lingzhi Foherb"},"content":{"rendered":"<p><span style=\"font-weight: 400;\">As c\u00e1psulas Lingzhi melhoram significativamente a circula\u00e7\u00e3o sangu\u00ednea no c\u00e9rebro e na medula espinhal, facilitando um melhor fornecimento de oxig\u00eanio e nutrientes \u00e0s c\u00e9lulas nervosas. Ajudam, at\u00e9 certo ponto, a regenerar c\u00e9lulas cerebrais danificadas, a restaurar as conex\u00f5es entre elas e a acelerar a transmiss\u00e3o de informa\u00e7\u00f5es.\u00a0<\/span><\/p>\n<p>&nbsp;<\/p>\n<p><span style=\"font-weight: 400;\">Para sua elabora\u00e7\u00e3o, utiliza-se p\u00f3 de Lingzhi da mais alta qualidade, conhecido como &#171;a subst\u00e2ncia da mente&#187;.\u00a0<\/span><\/p>\n<p>&nbsp;<\/p>\n<p><span style=\"font-weight: 400;\">As c\u00e1psulas Lingzhi s\u00e3o projetadas com uma propor\u00e7\u00e3o cient\u00edfica e uma combina\u00e7\u00e3o precisa de componentes. Gra\u00e7as \u00e0s tecnologias de produ\u00e7\u00e3o avan\u00e7adas, s\u00e3o preservadas a qualidade e as propriedades de todos os ingredientes essenciais. Este \u00e9 um produto puro e natural, sem aditivos artificiais, seguro e sem contraindica\u00e7\u00f5es.\u00a0<\/span><\/p>\n<p>&nbsp;<\/p>\n<p><span style=\"font-weight: 400;\">O Lingzhi de alta qualidade fornece rapidamente ao c\u00e9rebro os nutrientes necess\u00e1rios, melhorando suas fun\u00e7\u00f5es e aumentando seu desempenho.<\/span><\/p>\n<p>&nbsp;<\/p>\n<p><b>Composi\u00e7\u00e3o<\/b><\/p>\n<ul>\n<li style=\"font-weight: 400;\" aria-level=\"1\"><span style=\"font-weight: 400;\">Cogumelo Lingzhi (Ganoderma lucidum)<\/span><\/li>\n<li style=\"font-weight: 400;\" aria-level=\"1\"><span style=\"font-weight: 400;\">Cordyceps sinensis<\/span><\/li>\n<li style=\"font-weight: 400;\" aria-level=\"1\"><span style=\"font-weight: 400;\">C\u00e1psula feita de soja<\/span><\/li>\n<\/ul>\n<p>&nbsp;<\/p>\n<p><b>Principais fun\u00e7\u00f5es<\/b><\/p>\n<p><span style=\"font-weight: 400;\">Estas c\u00e1psulas s\u00e3o eficazes no tratamento de problemas de circula\u00e7\u00e3o sangu\u00ednea no c\u00e9rebro e na medula espinhal, mesmo ap\u00f3s acidentes vasculares cerebrais. Seu consumo melhora significativamente o humor e a produtividade, sendo \u00fatil tamb\u00e9m para quem deseja desenvolver a mem\u00f3ria, aumentar a intelig\u00eancia e melhorar a capacidade de aprendizagem.<\/span><\/p>\n<ul>\n<li style=\"font-weight: 400;\" aria-level=\"1\"><span style=\"font-weight: 400;\">Contribuem para a longevidade e retardam o envelhecimento;<\/span><\/li>\n<li style=\"font-weight: 400;\" aria-level=\"1\"><span style=\"font-weight: 400;\">Aliviam o estresse, reduzem a fadiga e melhoram o sono;<\/span><\/li>\n<li style=\"font-weight: 400;\" aria-level=\"1\"><span style=\"font-weight: 400;\">Retardam o crescimento de tumores, regulam a press\u00e3o arterial e reduzem os n\u00edveis de a\u00e7\u00facar no sangue;<\/span><\/li>\n<li style=\"font-weight: 400;\" aria-level=\"1\"><span style=\"font-weight: 400;\">Purificam e protegem o f\u00edgado, restauram a vis\u00e3o e fortalecem o cora\u00e7\u00e3o.<\/span><\/li>\n<\/ul>\n<p>&nbsp;<\/p>\n<p><b>Modo de uso e dosagem<\/b><\/p>\n<p><span style=\"font-weight: 400;\">Tomar de 2 a 3 c\u00e1psulas 1 ou 2 vezes ao dia com bastante \u00e1gua.\u00a0<\/span><\/p>\n<p><b>Nota: <\/b><span style=\"font-weight: 400;\">A dosagem deve ser aumentada gradualmente. Comece com uma c\u00e1psula ao dia na primeira semana e, se necess\u00e1rio, aumente uma c\u00e1psula adicional por semana.<\/span><\/p>\n<p><b>Apresenta\u00e7\u00e3o:<\/b><\/p>\n<ul>\n<li style=\"font-weight: 400;\" aria-level=\"1\"><span style=\"font-weight: 400;\">24 c\u00e1psulas de 0,62 g<\/span><\/li>\n<li style=\"font-weight: 400;\" aria-level=\"1\"><span style=\"font-weight: 400;\">Validade: 24 meses<\/span><\/li>\n<\/ul>\n<p><b>Condi\u00e7\u00f5es de armazenamento:<\/b><span style=\"font-weight: 400;\">\u00a0<\/span><\/p>\n<p><span style=\"font-weight: 400;\">Conservar em local fresco, seco e escuro.<\/span><\/p>\n","protected":false},"featured_media":283,"template":"","categories":[6,32],"class_list":["post-1113","product","type-product","status-publish","has-post-thumbnail","hentry","categories-vse-tovary","categories-dieticheskie-dobavki"],"acf":[],"_links":{"self":[{"href":"https:\/\/mywhieda.com\/pt\/wp-json\/wp\/v2\/product\/1113","targetHints":{"allow":["GET"]}}],"collection":[{"href":"https:\/\/mywhieda.com\/pt\/wp-json\/wp\/v2\/product"}],"about":[{"href":"https:\/\/mywhieda.com\/pt\/wp-json\/wp\/v2\/types\/product"}],"wp:featuredmedia":[{"embeddable":true,"href":"https:\/\/mywhieda.com\/pt\/wp-json\/wp\/v2\/media\/283"}],"wp:attachment":[{"href":"https:\/\/mywhieda.com\/pt\/wp-json\/wp\/v2\/media?parent=1113"}],"wp:term":[{"taxonomy":"categories","embeddable":true,"href":"https:\/\/mywhieda.com\/pt\/wp-json\/wp\/v2\/categories?post=1113"}],"curies":[{"name":"wp","href":"https:\/\/api.w.org\/{rel}","templated":true}]}}