{"id":1115,"date":"2025-04-13T15:55:25","date_gmt":"2025-04-13T12:55:25","guid":{"rendered":"https:\/\/mywhieda.com\/?post_type=product&#038;p=1115"},"modified":"2025-04-13T15:59:27","modified_gmt":"2025-04-13T12:59:27","slug":"nabor-polnoe-vosstanovlenie-organizma-2-2-2-2","status":"publish","type":"product","link":"https:\/\/mywhieda.com\/pt\/product\/nabor-polnoe-vosstanovlenie-organizma-2-2-2-2\/","title":{"rendered":"Conjunto para regenera\u00e7\u00e3o completa do corpo"},"content":{"rendered":"<p><span style=\"font-weight: 400;\">Segredos da sabedoria antiga: como a medicina chinesa ajuda a manter a sa\u00fade<\/span><\/p>\n<p><span style=\"font-weight: 400;\">A medicina chinesa \u00e9 um antigo sistema de cura que existe h\u00e1 milhares de anos. Baseia-se em uma compreens\u00e3o profunda de como o corpo humano funciona e como mant\u00ea-lo saud\u00e1vel. Pesquisas modernas confirmam a efic\u00e1cia da medicina chinesa. Por exemplo, a acupuntura \u00e9 usada com sucesso para tratar dores cr\u00f4nicas, n\u00e1useas, enxaquecas e at\u00e9 depress\u00e3o. Os ch\u00e1s de ervas da medicina chinesa ajudam a reduzir o colesterol, melhorar a digest\u00e3o e at\u00e9 aumentar a imunidade.<\/span><\/p>\n<p><span style=\"font-weight: 400;\">A medicina chinesa n\u00e3o se concentra no tratamento de sintomas como a medicina ocidental, mas se esfor\u00e7a para restaurar o equil\u00edbrio e a harmonia no corpo. Imagine que um rio invis\u00edvel flui em nosso corpo \u2013 o Qi da energia vital. Essa energia nutre todos os \u00f3rg\u00e3os e sistemas e os mant\u00e9m em harmonia. O Qi flui atrav\u00e9s de canais especiais chamados meridianos. Os meridianos s\u00e3o como estradas nas quais o Qi se move e fornece energia e informa\u00e7\u00f5es a todas as c\u00e9lulas do nosso corpo.<\/span><\/p>\n<p><b>Yin e Yang<\/b><span style=\"font-weight: 400;\"> s\u00e3o dois elementos opostos, mas complementares: luz e sombra, dia e noite, homem e mulher. Na medicina chinesa, esses opostos s\u00e3o chamados de Yin e Yang. Yin \u00e9 energia passiva, fria e feminina, Yang \u00e9 energia ativa, quente e masculina. Em um corpo saud\u00e1vel, essas duas energias est\u00e3o em equil\u00edbrio, mas \u00e0s vezes um dos p\u00f3los pode prevalecer e perturbar a harmonia.<\/span><\/p>\n<p><span style=\"font-weight: 400;\">Um princ\u00edpio importante da medicina chinesa: a doen\u00e7a n\u00e3o \u00e9 um inimigo a ser combatido. A doen\u00e7a \u00e9 um sinal de um desequil\u00edbrio no corpo. Na medicina chinesa, n\u00e3o existe o conceito de &#171;doen\u00e7a \u2013 dose de um medicamento&#187;. Em vez disso, o foco est\u00e1 no bem-estar, preven\u00e7\u00e3o e manuten\u00e7\u00e3o da sa\u00fade.<\/span><\/p>\n<p><span style=\"font-weight: 400;\">Imagine que voc\u00ea tem um jardim de inf\u00e2ncia. Se n\u00e3o houver \u00e1gua suficiente, as plantas murcham. Para que voltem a florescer, \u00e9 necess\u00e1rio n\u00e3o s\u00f3 reg\u00e1-los, mas tamb\u00e9m criar condi\u00e7\u00f5es favor\u00e1veis: solo, luz, calor. O mesmo vale para o nosso corpo: para restaurar a sa\u00fade, voc\u00ea precisa n\u00e3o apenas tratar o sintoma, mas tamb\u00e9m restaurar o equil\u00edbrio do yin e yang, limpar o corpo e fornecer energia vital.<\/span><\/p>\n<p>&nbsp;<\/p>\n<p><b>A Medicina Chinesa oferece uma abordagem abrangente<\/b><\/p>\n<ol>\n<li style=\"font-weight: 400;\" aria-level=\"1\"><b>Regulamento: <\/b><span style=\"font-weight: 400;\">Em primeiro lugar, tentamos restaurar a harmonia no corpo.<\/span><\/li>\n<li style=\"font-weight: 400;\" aria-level=\"1\"><b>Limpeza: <\/b><span style=\"font-weight: 400;\">O pr\u00f3ximo passo \u00e9 limpar o corpo de res\u00edduos e toxinas.<\/span><\/li>\n<li style=\"font-weight: 400;\" aria-level=\"1\"><b>Recrea\u00e7\u00e3o:<\/b><span style=\"font-weight: 400;\"> Na \u00faltima fase, restauramos a energia nutrindo o corpo e fortalecendo suas defesas.<\/span><\/li>\n<\/ol>\n<p>&nbsp;<\/p>\n<p><span style=\"font-weight: 400;\">Nossos especialistas em medicina chinesa prepararam para voc\u00ea um complexo para a restaura\u00e7\u00e3o completa do seu corpo com produtos whieda. Siga as 3 fases principais de regula\u00e7\u00e3o \u2013 limpeza \u2013 restaura\u00e7\u00e3o. Recomendamos comer certos alimentos por um m\u00eas em cada est\u00e1gio. Se voc\u00ea tiver problemas graves de sa\u00fade ou doen\u00e7as cr\u00f4nicas, estenda a dura\u00e7\u00e3o de cada fase para 2 meses. Antes de encomendar, leia as contra-indica\u00e7\u00f5es e consulte o seu m\u00e9dico, se necess\u00e1rio.<\/span><\/p>\n<p><span style=\"font-weight: 400;\">Lembre-se que na medicina chinesa n\u00e3o existe o conceito de doen\u00e7a \u2013 rem\u00e9dio \u2013 dose. Monitore seu bem-estar e a resposta do corpo a determinados produtos. Se voc\u00ea sentir melhorias no consumo de um determinado produto, poder\u00e1 estender a dura\u00e7\u00e3o do uso<\/span><\/p>\n<h3><\/h3>\n<h3><b>Este \u00e9 um esquema geral para v\u00e1rios problemas, para melhorar e manter a sa\u00fade<\/b><\/h3>\n<p>&nbsp;<\/p>\n<p><b>1. REGULAMENTO (1 m\u00eas)<\/b><\/p>\n<ul>\n<li style=\"font-weight: 400;\" aria-level=\"1\"><b>Elixir FoHow<\/b><b><br \/>\n<\/b><span style=\"font-weight: 400;\">Elixir Fohow \u00e9 um produto incr\u00edvel que em sua forma natural cont\u00e9m todas as subst\u00e2ncias necess\u00e1rias para o funcionamento normal do corpo.\u00a0<\/span><\/li>\n<\/ul>\n<p><span style=\"font-weight: 400;\">O elixir tem um poderoso efeito antioxidante, regula o equil\u00edbrio de todos os \u00f3rg\u00e3os e sistemas do corpo, \u00e9 frequentemente usado como um poderoso preventivo, bem como em doen\u00e7as cr\u00f4nicas, bagas de goji e outros componentes.<\/span><\/p>\n<ul>\n<li style=\"font-weight: 400;\" aria-level=\"1\"><b>C\u00e1psulas Lingzhi<\/b><span style=\"font-weight: 400;\"><br \/>\n<\/span><span style=\"font-weight: 400;\">As c\u00e1psulas de Foherb Lingzhi melhoram significativamente o fluxo sangu\u00edneo para o c\u00e9rebro e a medula espinhal, promovem um melhor suprimento de oxig\u00eanio e nutrientes para as c\u00e9lulas nervosas, regeneram as c\u00e9lulas cerebrais danificadas at\u00e9 certo ponto, restauram as conex\u00f5es entre elas e aceleram a transmiss\u00e3o de informa\u00e7\u00f5es.<\/span><\/li>\n<li style=\"font-weight: 400;\" aria-level=\"1\"><b>Pasta Rosa<\/b>\n<ul>\n<li style=\"font-weight: 400;\" aria-level=\"2\"><span style=\"font-weight: 400;\">Funciona de forma excelente em caso de envenenamento, elimina eficazmente a disbiose e limpa o f\u00edgado<\/span><\/li>\n<li style=\"font-weight: 400;\" aria-level=\"2\"><span style=\"font-weight: 400;\">Elimina o mau h\u00e1lito, pode ser usado como ado\u00e7ante e melhora a apar\u00eancia da pele<\/span><\/li>\n<li style=\"font-weight: 400;\" aria-level=\"2\"><span style=\"font-weight: 400;\">Alivia a &#171;s\u00edndrome da fadiga cr\u00f4nica&#187;, restaura a flora intestinal e reduz a gordura<\/span><\/li>\n<li style=\"font-weight: 400;\" aria-level=\"2\"><span style=\"font-weight: 400;\">Limpeza geral de todos os \u00f3rg\u00e3os e sistemas, tem um efeito curativo sobre alergias, tem um efeito desintoxicante<\/span><\/li>\n<\/ul>\n<\/li>\n<li style=\"font-weight: 400;\" aria-level=\"1\"><b>Ch\u00e1 Liu Wei<\/b><b><br \/>\n<\/b><span style=\"font-weight: 400;\">Ch\u00e1 natural feito de ervas valiosas com propriedades medicinais. O ch\u00e1 Liuwei Fohow \u00e9 feito de acordo com antigas receitas chinesas que foram passadas de gera\u00e7\u00e3o em gera\u00e7\u00e3o..<\/span><\/li>\n<\/ul>\n<p><strong>2. LIMPEZA (1 m\u00eas)<\/strong><\/p>\n<ul>\n<li style=\"font-weight: 400;\" aria-level=\"1\"><b>Sanqin Elixir<\/b><b><br \/>\n<\/b><span style=\"font-weight: 400;\">O elixir &#171;Sanqing Phoenix&#187; \u00e9 um produto eficaz da s\u00e9rie Purifica\u00e7\u00e3o na China. Um produto natural que limpa eficazmente o corpo sem pesar. Isso limpa os intestinos, limpa as toxinas, libera o sangue das gorduras, a leveza no corpo!<\/span><\/li>\n<li style=\"font-weight: 400;\" aria-level=\"1\"><b>C\u00e1psulas Xueqingfu<\/b><span style=\"font-weight: 400;\"><br \/>\n<\/span><span style=\"font-weight: 400;\">Um produto absolutamente natural &#8212; um limpador de vasos. As c\u00e1psulas de Xueqingfu s\u00e3o a chave para vasos sangu\u00edneos limpos e saud\u00e1veis. O produto previne doen\u00e7as do sistema cardiovascular e aumenta a vitalidade. Seu uso promove a absor\u00e7\u00e3o eficaz de co\u00e1gulos sangu\u00edneos, limpa o sangue de toxinas e mant\u00e9m a fun\u00e7\u00e3o capilar normal.<\/span><\/li>\n<li style=\"font-weight: 400;\" aria-level=\"1\"><b>Pasta Rosa y Ch\u00e1 Liu Wei<\/b><\/li>\n<\/ul>\n<h4><b>3. Recuperaci\u00f3n (1 mes)<\/b><\/h4>\n<p><span style=\"font-weight: 400;\">RECUPERA\u00c7\u00c3O \u2014 1 m\u00eas<\/span><\/p>\n<p><b>Elixir de 3 Joias<\/b><\/p>\n<p><span style=\"font-weight: 400;\">Elixir 3 Jewels of Fohou \u00e9 feito a partir de um concentrado de elixir Fohou com adi\u00e7\u00e3o de extrato de formiga preta, que \u00e9 purificado por meios tecnol\u00f3gicos avan\u00e7ados.<\/span><\/p>\n<p><span style=\"font-weight: 400;\">Recomendado para pessoas com reumatismo, doen\u00e7as reumatoides, pacientes e portadores de hepatite B, pacientes com diabetes, pacientes com c\u00e2ncer submetidos a radia\u00e7\u00e3o e quimioterapia, pessoas com problemas de sa\u00fade e pessoas com doen\u00e7as frequentes.<\/span><\/p>\n<p><b>Pept\u00eddeos<\/b><\/p>\n<p><span style=\"font-weight: 400;\">Os pept\u00eddeos s\u00e3o os blocos de constru\u00e7\u00e3o de todas as c\u00e9lulas do corpo humano. Os pept\u00eddeos afetam diferentes \u00e1reas do corpo humano: horm\u00f4nios, sistema nervoso central, fun\u00e7\u00e3o sexual, regenera\u00e7\u00e3o e crescimento celular, controlam a fun\u00e7\u00e3o fisiol\u00f3gica de \u00f3rg\u00e3os e c\u00e9lulas.<\/span><\/p>\n<p><b>\u200d<\/b><b>Macarr\u00e3o Rosa<\/b><\/p>\n<p><b>Ch\u00e1 Liu Wei<\/b><\/p>\n<p><b>\u200d<\/b><\/p>\n<p><b>Para manter a sa\u00fade e prevenir doen\u00e7as em vez de trat\u00e1-las, recomendamos repetir essa cura at\u00e9 duas vezes por ano.<\/b><\/p>\n","protected":false},"featured_media":273,"template":"","categories":[6,7],"class_list":["post-1115","product","type-product","status-publish","has-post-thumbnail","hentry","categories-vse-tovary","categories-nabory"],"acf":[],"_links":{"self":[{"href":"https:\/\/mywhieda.com\/pt\/wp-json\/wp\/v2\/product\/1115","targetHints":{"allow":["GET"]}}],"collection":[{"href":"https:\/\/mywhieda.com\/pt\/wp-json\/wp\/v2\/product"}],"about":[{"href":"https:\/\/mywhieda.com\/pt\/wp-json\/wp\/v2\/types\/product"}],"wp:featuredmedia":[{"embeddable":true,"href":"https:\/\/mywhieda.com\/pt\/wp-json\/wp\/v2\/media\/273"}],"wp:attachment":[{"href":"https:\/\/mywhieda.com\/pt\/wp-json\/wp\/v2\/media?parent=1115"}],"wp:term":[{"taxonomy":"categories","embeddable":true,"href":"https:\/\/mywhieda.com\/pt\/wp-json\/wp\/v2\/categories?post=1115"}],"curies":[{"name":"wp","href":"https:\/\/api.w.org\/{rel}","templated":true}]}}